{"id":682,"date":"2022-08-23T23:05:50","date_gmt":"2022-08-23T14:05:50","guid":{"rendered":"http:\/\/serene.wpx.jp\/?post_type=product&#038;p=682"},"modified":"2025-04-16T15:46:26","modified_gmt":"2025-04-16T06:46:26","slug":"embracer-bag-indigo","status":"publish","type":"product","link":"https:\/\/hooponopono-asia.org\/vn\/product\/embracer-bag-indigo\/","title":{"rendered":"T\u00fai \u0111eo cleaning (T\u00fai v\u1ea3i TOTE in m\u00e0u Xanh Indigo)"},"content":{"rendered":"<p>Ihaleakala th\u01b0\u1eddng n\u00f3i <em>\u0110\u01b0a m\u1ecdi th\u1ee9 tr\u1edf l\u1ea1i tr\u1ea1ng th\u00e1i thu\u1ea7n khi\u1ebft c\u1ee7a n\u00f3<\/em>. S\u1ea3n ph\u1ea9m m\u1edbi c\u1ee7a nh\u00f3m Zero-Wise, chi\u1ebfc t\u00fai cleaning c\u00f3 ch\u1ee9c n\u0103ng h\u1ed7 tr\u1ee3 ti\u1ebfn tr\u00ecnh cleaning li\u00ean t\u1ee5c kh\u00f4ng ng\u1eebng, \u0111\u01b0\u1ee3c s\u1eed d\u1ee5ng \u0111\u1ec3 chuy\u1ec3n h\u00f3a k\u00fd \u1ee9c c\u1ee7a b\u1ea5t k\u1ef3 v\u1eadt d\u1ee5ng g\u00ec m\u00e0 b\u1ea1n \u0111\u1eb7t trong chi\u1ebfc t\u00fai n\u00e0y, \u0111\u1eb7t b\u00ean tr\u00ean, hay b\u00ean d\u01b0\u1edbi n\u00f3(v\u00ed d\u1ee5 nh\u01b0 nh\u1eefng suy ngh\u0129, danh s\u00e1ch nh\u1eefng g\u00ec c\u1ea7n th\u1ef1c hi\u1ec7n cleaning, ho\u1eb7c b\u1ea5t k\u1ef3 danh s\u00e1ch, \u0111\u1ed1i t\u01b0\u1ee3ng g\u00ec). Quai \u0111eo t\u00fai \u0111\u01b0\u1ee3c in hai c\u00f4ng c\u1ee5 cleaning <em>I love you<\/em> v\u00e0 <em>Thank You<\/em> d\u01b0\u1edbi d\u1ea1ng ch\u1eef vi\u1ebft tay c\u1ee7a ti\u1ebfn s\u0129 Hew Len. \u1ede ph\u1ea7n th\u00e2n t\u00fai l\u00e0 h\u00ecnh in th\u00f4ng \u0111i\u1ec7p cleaning c\u1ee7a \u00f4ng<em>&#8221; Fall in love with everything&#8221;( &#8220;H\u00e3y y\u00eau th\u01b0\u01a1ng t\u1ea5t c\u1ea3&#8221;)<\/em>.<\/p>\n<div>B\u00ean trong th\u00e2n t\u00fai l\u00e0 th\u00f4ng \u0111i\u1ec7p in m\u00e0u Xanh Indigo Ihaleakala nhi\u1ec1u l\u1ea7n nh\u1eafc \u0111\u1ebfn:<br \/>\n<em>Nh\u1eefng g\u00ec m\u1ed7i c\u00e1 nh\u00e2n con ng\u01b0\u1eddi ch\u00fang ta \u0111ang n\u1eafm gi\u1eef, d\u00f9 l\u00e0 nh\u1eefng k\u00fd \u1ee9c ho\u1eb7c l\u00e0 c\u00e1c th\u00f4ng \u0111i\u1ec7p s\u00e1ng t\u1ea1o \u0111\u1ebfn t\u1eeb Tr\u00ed tu\u1ec7 v\u0169 tr\u1ee5, \u0111\u1ec1u c\u00f3 s\u1ee9c \u1ea3nh h\u01b0\u1edfng tuy\u1ec7t \u0111\u1ed1i v\u00e0 ngay l\u1eadp t\u1ee9c \u0111\u1ed1i v\u1edbi t\u1ea5t c\u1ea3 v\u1ea1n v\u1eadt t\u1eeb con ng\u01b0\u1eddi cho \u0111\u1ebfn kho\u00e1ng v\u1eadt, c\u00e2y c\u1ecf v\u00e0 c\u1ea3 th\u1ebf gi\u1edbi \u0111\u1ed9ng v\u1eadt. Khi k\u00fd \u1ee9c \u0111\u01b0\u1ee3c chuy\u1ec3n h\u00f3a tr\u1edf v\u1ec1 tr\u1ea1ng th\u00e1i thu\u1ea7n khi\u1ebft (kh\u00f4ng c\u00f2n ch\u1ecbu t\u00e1c \u0111\u1ed9ng hay \u1ea3nh h\u01b0\u1edfng c\u1ee7a c\u1ea3m x\u00fac hay c\u1ea3m gi\u00e1c) b\u1edfi s\u1ef1 tr\u1ee3 gi\u00fap c\u1ee7a Tr\u00ed tu\u1ec7 v\u0169 tr\u1ee5 t\u1ed3n t\u1ea1i s\u1eb5n trong \u00fd th\u1ee9c v\u00e0 ti\u1ec1m th\u1ee9c c\u1ee7a m\u1ed9t c\u00e1 nh\u00e2n ri\u00eang l\u1ebb, th\u00ec \u0111\u1ed3ng th\u1eddi k\u00fd \u1ee9c \u0111\u00f3 c\u0169ng ho\u00e0n to\u00e0n \u0111\u01b0\u1ee3c g\u1ee1 b\u1ecf kh\u1ecfi \u00fd th\u1ee9c v\u00e0 ti\u1ec1m th\u1ee9c c\u1ee7a v\u1ea1n v\u1eadt. T\u00f4i xin ch\u00fac cho s\u1ef1 b\u00ecnh an m\u00e3i \u1edf c\u00f9ng b\u1ea1n, gia \u0111\u00ecnh, h\u1ecd h\u00e0ng v\u00e0 truy\u1ec1n th\u1eeba t\u1ed5 ti\u00ean. S\u1ef1 b\u00ecnh an v\u01b0\u1ee3t kh\u1ecfi m\u1ecdi gi\u1edbi h\u1ea1n c\u1ee7a s\u1ef1 hi\u1ec3u bi\u1ebft th\u00f4ng th\u01b0\u1eddng.\u00a0<\/em><\/p>\n<div>\n<div><em>S\u1ef1 b\u00ecnh an \u0111\u1ebfn t\u1eeb b\u1ea3n th\u1ec3 The &#8220;I&#8221;<\/em><\/div>\n<div><em>Ti\u1ebfn s\u0129 Ihaleakala Hew Len<\/em><\/div>\n<div>\n<p>&nbsp;<\/p>\n<p>K\u00edch th\u01b0\u1edbc t\u00fai: 37 cm (chi\u1ec1u d\u00e0i) x 48 cm (chi\u1ec1u r\u1ed9ng) x 12 cm ( l\u1edbp l\u00f3t)<\/p>\n<p>V\u1eadt li\u1ec7u: 100% s\u1ee3i b\u00f4ng<\/p>\n<\/div>\n<\/div>\n<\/div>\n","protected":false},"excerpt":{"rendered":"<p>Ihaleakala th\u01b0\u1eddng n\u00f3i \u0110\u01b0a m\u1ecdi th\u1ee9 tr\u1edf l\u1ea1i tr\u1ea1ng th\u00e1i thu\u1ea7n khi\u1ebft c\u1ee7a n\u00f3. S\u1ea3n ph\u1ea9m m\u1edbi c\u1ee7a nh\u00f3m Zero-Wise, chi\u1ebfc t\u00fai cleaning c\u00f3 ch\u1ee9c n\u0103ng h\u1ed7 tr\u1ee3 ti\u1ebfn tr\u00ecnh cleaning li\u00ean t\u1ee5c kh\u00f4ng ng\u1eebng, \u0111\u01b0\u1ee3c s\u1eed d\u1ee5ng \u0111\u1ec3 chuy\u1ec3n h\u00f3a k\u00fd \u1ee9c c\u1ee7a b\u1ea5t k\u1ef3 v\u1eadt d\u1ee5ng g\u00ec m\u00e0 b\u1ea1n \u0111\u1eb7t trong chi\u1ebfc t\u00fai [&hellip;]<\/p>\n","protected":false},"featured_media":5064,"template":"","meta":{"_acf_changed":false,"om_disable_all_campaigns":false,"_monsterinsights_skip_tracking":false,"_monsterinsights_sitenote_active":false,"_monsterinsights_sitenote_note":"","_monsterinsights_sitenote_category":0},"product_brand":[],"product_cat":[86],"product_tag":[],"class_list":{"0":"post-682","1":"product","2":"type-product","3":"status-publish","4":"has-post-thumbnail","6":"product_cat-zerowise","8":"first","9":"instock","10":"shipping-taxable","11":"purchasable","12":"product-type-simple"},"acf":[],"aioseo_notices":[],"_links":{"self":[{"href":"https:\/\/hooponopono-asia.org\/vn\/wp-json\/wp\/v2\/product\/682","targetHints":{"allow":["GET"]}}],"collection":[{"href":"https:\/\/hooponopono-asia.org\/vn\/wp-json\/wp\/v2\/product"}],"about":[{"href":"https:\/\/hooponopono-asia.org\/vn\/wp-json\/wp\/v2\/types\/product"}],"wp:featuredmedia":[{"embeddable":true,"href":"https:\/\/hooponopono-asia.org\/vn\/wp-json\/wp\/v2\/media\/5064"}],"wp:attachment":[{"href":"https:\/\/hooponopono-asia.org\/vn\/wp-json\/wp\/v2\/media?parent=682"}],"wp:term":[{"taxonomy":"product_brand","embeddable":true,"href":"https:\/\/hooponopono-asia.org\/vn\/wp-json\/wp\/v2\/product_brand?post=682"},{"taxonomy":"product_cat","embeddable":true,"href":"https:\/\/hooponopono-asia.org\/vn\/wp-json\/wp\/v2\/product_cat?post=682"},{"taxonomy":"product_tag","embeddable":true,"href":"https:\/\/hooponopono-asia.org\/vn\/wp-json\/wp\/v2\/product_tag?post=682"}],"curies":[{"name":"wp","href":"https:\/\/api.w.org\/{rel}","templated":true}]}}