{"id":678,"date":"2022-08-23T23:05:50","date_gmt":"2022-08-23T14:05:50","guid":{"rendered":"http:\/\/serene.wpx.jp\/?post_type=product&#038;p=678"},"modified":"2026-03-26T10:55:26","modified_gmt":"2026-03-26T03:55:26","slug":"ceeport-keychain","status":"publish","type":"product","link":"https:\/\/hooponopono-asia.org\/vn\/product\/ceeport-keychain\/","title":{"rendered":"M\u00f3c kh\u00f3a Ceeport"},"content":{"rendered":"<p>C\u00f4ng c\u1ee5 m\u1edbi \u0111\u1ebfn t\u1eeb ngu\u1ed3n c\u1ea3m h\u1ee9ng c\u1ee7a ti\u1ebfn s\u0129 Hew Len th\u1eadt \u0111\u01a1n gi\u1ea3n v\u00e0 c\u1ee9ng c\u00e1p.<\/p>\n<p>Nh\u00f3m Zero Wise d\u01b0\u1edbi s\u1ef1 h\u01b0\u1edbng d\u1eabn c\u1ee7a ti\u1ebfn s\u0129 Hew Len, tr\u00e2n tr\u1ecdng gi\u1edbi thi\u1ec7u th\u00eam m\u1ed9t c\u00f4ng c\u1ee5 m\u1edbi cho b\u1ed9 c\u00f4ng c\u1ee5 Ceeport.<\/p>\n<p>C\u00f4ng c\u1ee5 m\u00f3c kh\u00f3a n\u00e0y \u0111\u01b0\u1ee3c thi\u1ebft k\u1ebf \u0111\u1ec3 m\u1edf c\u00e1nh c\u1eeda d\u1eabn \u0111\u1ebfn ngu\u1ed3n Tr\u00ed tu\u1ec7 V\u0169 tr\u1ee5 b\u00ean trong m\u1ed7i ng\u01b0\u1eddi \u0111ang s\u1eed d\u1ee5ng n\u00f3.<\/p>\n<p>N\u00f3 th\u1eadt s\u1ef1 \u0111\u01b0\u1ee3c l\u00e0m r\u1ea5t t\u1ed1t, gi\u00fap cho ng\u01b0\u1eddi s\u1eed d\u1ee5ng c\u00f3 th\u1ec3 quay tr\u1edf v\u1ec1 v\u1edbi c\u1ed9i ngu\u1ed3n c\u1ee7a t\u00ecnh y\u00eau th\u01b0\u01a1ng, tr\u00ed tu\u1ec7 v\u00e0 s\u1ef1 b\u00ecnh an b\u1ea5t c\u1ee9 khi n\u00e0o h\u1ecd ch\u1ecdn s\u1eed d\u1ee5ng n\u00f3.<\/p>\n<p>N\u00f3 cho ph\u00e9p ti\u1ebfn tr\u00ecnh cleaning di\u1ec5n ra trong t\u1eebng kho\u1ea3nh kh\u1eafc d\u00f9 cho b\u1ea1n \u0111ang \u1edf b\u1ea5t k\u1ef3 n\u01a1i \u0111\u00e2u ho\u1eb7c b\u1ea1n \u0111ang \u0111i v\u1ec1 b\u1ea5t k\u1ef3 n\u01a1i n\u00e0o.<\/p>\n<p>C\u00f4ng c\u1ee5 m\u00f3c kh\u00f3a n\u00e0y nh\u01b0 \u00e1nh s\u00e1ng xu\u1ea5t hi\u1ec7n khi &#8220;b\u1ea1n \u1edf tr\u1ea1ng th\u00e1i qu\u00e2n b\u00ecnh&#8221; v\u00e0 &#8220;khi b\u1ea1n li\u00ean t\u1ee5c gi\u1ea3i ph\u00f3ng \u0111i t\u1ea5t c\u1ea3 m\u1ecdi k\u00fd \u1ee9c&#8221;, v\u00e0 khi b\u1ea1n n\u1eafm n\u00f3 trong tay, tia s\u00e1ng c\u1ee7a n\u00f3 s\u1ebd bao ph\u1ee7 l\u1ea5y tay b\u1ea1n c\u0169ng nh\u01b0 bao b\u1ecdc tr\u1ecdn v\u1eb9n l\u1ea5y b\u1ea1n.<\/p>\n<p>H\u00e3y \u0111\u1eb7t n\u00f3 trong v\u00ed ho\u1eb7c trong t\u00fai c\u1ee7a b\u1ea1n. N\u00f3 s\u1ebd cleaning ti\u1ec1n b\u1ea1c, th\u1ebb t\u00edn d\u1ee5ng, v\u00e0 m\u1ecdi th\u1ee9 c\u00f3 trong \u0111\u00f3 v\u00e0 tr\u1ea3 ch\u00fang l\u1ea1i tr\u1ea1ng th\u00e1i thu\u1ea7n khi\u1ebft ban \u0111\u1ea7u.<\/p>\n<p>M\u00f3c kh\u00f3a \u0111\u01b0\u1ee3c ch\u1ea1m kh\u1eafc t\u1eeb Ceeport tr\u00ean b\u1ec1 m\u1eb7t c\u1ee7a n\u00f3.<\/p>\n<p>Ceeport ngh\u0129a l\u00e0 g\u00ec?<\/p>\n<p>C. L\u00e0m s\u1ea1ch<br \/>\nE. X\u00f3a b\u1ecf<br \/>\nE. X\u00f3a b\u1ecf<br \/>\nPort. N\u00f3 l\u00e0 c\u00e1nh c\u1ed5ng n\u01a1i b\u1ea1n quay tr\u1edf v\u1ec1 v\u00e0 c\u0169ng l\u00e0 l\u1ed1i v\u00e0o Shangri-La.<\/p>\n<p>T\u1eeb Ceeport \u0111\u01b0\u1ee3c ch\u1eaft l\u1ecdc ra t\u1eeb 4 \u00fd ngh\u0129a tr\u00ean.<\/p>\n<p>Thi\u1ebft k\u1ebf c\u1ee7a c\u00f4ng c\u1ee5 n\u00e0y \u0111\u01b0\u1ee3c ti\u1ebfn s\u0129 Hew Len nh\u1ea5n m\u1ea1nh \u0111\u1ebfn vi\u1ec7c l\u00e0m cho n\u00f3 tr\u1edf n\u00ean nh\u1eb9 nh\u00e0ng v\u00e0 \u0111\u1ed9 ch\u1ea1m kh\u1eafc b\u1eb1ng tia Laser th\u1eadt s\u1ef1 s\u1eafc s\u1ea3o.<\/p>\n<p>==========================================================<\/p>\n<p>V\u1eadt li\u1ec7u ch\u1ebf t\u1ea1o: Nh\u00f4m<br \/>\nK\u00edch th\u01b0\u1edbc: 45mm (chi\u1ec1u d\u00e0i) x 38mm (chi\u1ec1u r\u1ed9ng) x 4mm (b\u1ec1 d\u00e0y)<br \/>\nTr\u1ecdng l\u01b0\u1ee3ng: 11 grams<\/p>\n","protected":false},"excerpt":{"rendered":"<p>C\u00f4ng c\u1ee5 m\u1edbi \u0111\u1ebfn t\u1eeb ngu\u1ed3n c\u1ea3m h\u1ee9ng c\u1ee7a ti\u1ebfn s\u0129 Hew Len th\u1eadt \u0111\u01a1n gi\u1ea3n v\u00e0 c\u1ee9ng c\u00e1p. Nh\u00f3m Zero Wise d\u01b0\u1edbi s\u1ef1 h\u01b0\u1edbng d\u1eabn c\u1ee7a ti\u1ebfn s\u0129 Hew Len, tr\u00e2n tr\u1ecdng gi\u1edbi thi\u1ec7u th\u00eam m\u1ed9t c\u00f4ng c\u1ee5 m\u1edbi cho b\u1ed9 c\u00f4ng c\u1ee5 Ceeport. C\u00f4ng c\u1ee5 m\u00f3c kh\u00f3a n\u00e0y \u0111\u01b0\u1ee3c thi\u1ebft k\u1ebf \u0111\u1ec3 m\u1edf [&hellip;]<\/p>\n","protected":false},"featured_media":5084,"template":"","meta":{"_acf_changed":false,"om_disable_all_campaigns":false,"_monsterinsights_skip_tracking":false,"_monsterinsights_sitenote_active":false,"_monsterinsights_sitenote_note":"","_monsterinsights_sitenote_category":0},"product_brand":[],"product_cat":[84],"product_tag":[],"class_list":{"0":"post-678","1":"product","2":"type-product","3":"status-publish","4":"has-post-thumbnail","6":"product_cat-ceeport","8":"first","9":"instock","10":"shipping-taxable","11":"purchasable","12":"product-type-simple"},"acf":[],"aioseo_notices":[],"_links":{"self":[{"href":"https:\/\/hooponopono-asia.org\/vn\/wp-json\/wp\/v2\/product\/678","targetHints":{"allow":["GET"]}}],"collection":[{"href":"https:\/\/hooponopono-asia.org\/vn\/wp-json\/wp\/v2\/product"}],"about":[{"href":"https:\/\/hooponopono-asia.org\/vn\/wp-json\/wp\/v2\/types\/product"}],"wp:featuredmedia":[{"embeddable":true,"href":"https:\/\/hooponopono-asia.org\/vn\/wp-json\/wp\/v2\/media\/5084"}],"wp:attachment":[{"href":"https:\/\/hooponopono-asia.org\/vn\/wp-json\/wp\/v2\/media?parent=678"}],"wp:term":[{"taxonomy":"product_brand","embeddable":true,"href":"https:\/\/hooponopono-asia.org\/vn\/wp-json\/wp\/v2\/product_brand?post=678"},{"taxonomy":"product_cat","embeddable":true,"href":"https:\/\/hooponopono-asia.org\/vn\/wp-json\/wp\/v2\/product_cat?post=678"},{"taxonomy":"product_tag","embeddable":true,"href":"https:\/\/hooponopono-asia.org\/vn\/wp-json\/wp\/v2\/product_tag?post=678"}],"curies":[{"name":"wp","href":"https:\/\/api.w.org\/{rel}","templated":true}]}}