{"id":677,"date":"2022-08-23T23:05:50","date_gmt":"2022-08-23T14:05:50","guid":{"rendered":"http:\/\/serene.wpx.jp\/?post_type=product&#038;p=677"},"modified":"2025-04-16T15:47:36","modified_gmt":"2025-04-16T06:47:36","slug":"seals-of-divine-love","status":"publish","type":"product","link":"https:\/\/hooponopono-asia.org\/vn\/product\/seals-of-divine-love\/","title":{"rendered":"Mi\u1ebfng d\u00e1n mang bi\u1ec3u t\u01b0\u1ee3ng &#8220;T\u00ecnh y\u00eau th\u01b0\u01a1ng c\u1ee7a T\u1ea1o H\u00f3a&#8221;"},"content":{"rendered":"<p>M\u1ee5c \u0111\u00edch s\u1eed d\u1ee5ng l\u00e0 \u0111\u1ec3 quy tr\u00ecnh cleaning li\u00ean t\u1ee5c di\u1ec5n ra kh\u00f4ng ng\u1eebng.<\/p>\n<p>M\u00e0u c\u1ea7u v\u1ed3ng \u0111\u1ea1i di\u1ec7n cho t\u00ecnh y\u00eau th\u01b0\u01a1ng c\u1ee7a T\u1ea1o H\u00f3a, c\u1ee7a Tr\u00ed tu\u1ec7 V\u0169 tr\u1ee5.<\/p>\n<p>Khi c\u1ea3m th\u1ea5y c\u00f3 s\u1ef1 th\u00f4i th\u00fac mu\u1ed1n s\u1eed d\u1ee5ng c\u00f4ng c\u1ee5 n\u00e0y, b\u1ea1n c\u00f3 th\u1ec3 d\u00e1n n\u00f3 v\u00e0o b\u1ea5t k\u1ef3 n\u01a1i n\u00e0o m\u00e0 b\u1ea1n mu\u1ed1n: tr\u00ean m\u00e1y t\u00ednh c\u00e1 nh\u00e2n, \u0111i\u1ec7n tho\u1ea1i, xe \u00f4 t\u00f4, c\u00f4ng t\u1eafc \u0111i\u1ec7n, \u0111\u1ed3 n\u1ed9i th\u1ea5t, t\u1ea1i b\u1ea5t k\u1ef3 \u0111\u00e2u trong nh\u00e0 ho\u1eb7c c\u00f4ng ty b\u1ea1n, trong c\u00e1c t\u00f2a nh\u00e0, v\u00e0 c\u00e1c t\u00e0i li\u1ec7u quan tr\u1ecdng c\u1ee7a b\u1ea1n.<\/p>\n<p>Nh\u1eefng mi\u1ebfng d\u00e1n n\u00e0y ho\u1ea1t \u0111\u1ed9ng nh\u01b0 nh\u1eefng n\u00fat xo\u00e1y n\u0103ng l\u01b0\u1ee3ng h\u00fat to\u00e0n b\u1ed9 nh\u1eefng k\u00fd \u1ee9c v\u1ed1n \u0111ang tr\u00e0n ng\u1eadp trong ti\u1ec1m th\u1ee9c c\u1ee7a b\u1ea1n.<\/p>\n<p>C\u00f4ng c\u1ee5 cleaning m\u1edbi n\u00e0y \u0111\u01b0\u1ee3c thi\u1ebft k\u1ebf t\u1eeb ngu\u1ed3n c\u1ea3m h\u1ee9ng m\u00e0 ti\u1ebfn s\u0129 Hew Len nh\u1eadn \u0111\u01b0\u1ee3c th\u00f4ng qua qu\u00e1 tr\u00ecnh cleaning c\u1ee7a \u00f4ng.<\/p>\n<p>Thi\u1ebft k\u1ebf c\u1ee7a n\u00f3 bao g\u1ed3m ch\u1eef k\u00fd c\u1ee7a ti\u1ebfn s\u0129 Hew Len \u0111\u01b0\u1ee3c in m\u00e0u v\u00e0ng n\u1eb1m ch\u00ednh gi\u1eefa trung t\u00e2m, bao xung quanh l\u00e0 m\u1ed9t v\u00f2ng m\u00e0u c\u1ea7u v\u1ed3ng.<\/p>\n<p>K\u00edch th\u01b0\u1edbc: 30mm x 30mm<\/p>\n","protected":false},"excerpt":{"rendered":"<p>M\u1ee5c \u0111\u00edch s\u1eed d\u1ee5ng l\u00e0 \u0111\u1ec3 quy tr\u00ecnh cleaning li\u00ean t\u1ee5c di\u1ec5n ra kh\u00f4ng ng\u1eebng. M\u00e0u c\u1ea7u v\u1ed3ng \u0111\u1ea1i di\u1ec7n cho t\u00ecnh y\u00eau th\u01b0\u01a1ng c\u1ee7a T\u1ea1o H\u00f3a, c\u1ee7a Tr\u00ed tu\u1ec7 V\u0169 tr\u1ee5. Khi c\u1ea3m th\u1ea5y c\u00f3 s\u1ef1 th\u00f4i th\u00fac mu\u1ed1n s\u1eed d\u1ee5ng c\u00f4ng c\u1ee5 n\u00e0y, b\u1ea1n c\u00f3 th\u1ec3 d\u00e1n n\u00f3 v\u00e0o b\u1ea5t k\u1ef3 n\u01a1i n\u00e0o [&hellip;]<\/p>\n","protected":false},"featured_media":5068,"template":"","meta":{"_acf_changed":false,"om_disable_all_campaigns":false,"_monsterinsights_skip_tracking":false,"_monsterinsights_sitenote_active":false,"_monsterinsights_sitenote_note":"","_monsterinsights_sitenote_category":0},"product_brand":[],"product_cat":[86],"product_tag":[],"class_list":{"0":"post-677","1":"product","2":"type-product","3":"status-publish","4":"has-post-thumbnail","6":"product_cat-zerowise","8":"first","9":"instock","10":"shipping-taxable","11":"purchasable","12":"product-type-simple"},"acf":[],"aioseo_notices":[],"_links":{"self":[{"href":"https:\/\/hooponopono-asia.org\/vn\/wp-json\/wp\/v2\/product\/677","targetHints":{"allow":["GET"]}}],"collection":[{"href":"https:\/\/hooponopono-asia.org\/vn\/wp-json\/wp\/v2\/product"}],"about":[{"href":"https:\/\/hooponopono-asia.org\/vn\/wp-json\/wp\/v2\/types\/product"}],"wp:featuredmedia":[{"embeddable":true,"href":"https:\/\/hooponopono-asia.org\/vn\/wp-json\/wp\/v2\/media\/5068"}],"wp:attachment":[{"href":"https:\/\/hooponopono-asia.org\/vn\/wp-json\/wp\/v2\/media?parent=677"}],"wp:term":[{"taxonomy":"product_brand","embeddable":true,"href":"https:\/\/hooponopono-asia.org\/vn\/wp-json\/wp\/v2\/product_brand?post=677"},{"taxonomy":"product_cat","embeddable":true,"href":"https:\/\/hooponopono-asia.org\/vn\/wp-json\/wp\/v2\/product_cat?post=677"},{"taxonomy":"product_tag","embeddable":true,"href":"https:\/\/hooponopono-asia.org\/vn\/wp-json\/wp\/v2\/product_tag?post=677"}],"curies":[{"name":"wp","href":"https:\/\/api.w.org\/{rel}","templated":true}]}}