{"id":676,"date":"2022-08-23T23:05:50","date_gmt":"2022-08-23T14:05:50","guid":{"rendered":"http:\/\/serene.wpx.jp\/?post_type=product&#038;p=676"},"modified":"2025-04-16T15:47:49","modified_gmt":"2025-04-16T06:47:49","slug":"double-yellow-hibiscus-card","status":"publish","type":"product","link":"https:\/\/hooponopono-asia.org\/vn\/product\/double-yellow-hibiscus-card\/","title":{"rendered":"Th\u1ebb cleaning Hoa Double Yellow Hibiscus( Hoa D\u00e2m B\u1ee5t C\u00e1nh K\u00e9p)( B\u1ea3n quy\u1ec1n thu\u1ed9c nh\u00f3m Zero-Wise)"},"content":{"rendered":"<p>M\u1ed9t c\u00f4ng c\u1ee5 cleaning c\u00f3 h\u00ecnh d\u1ea1ng nh\u01b0 t\u1ea5m danh thi\u1ebfp, n\u00f3 h\u1ed7 tr\u1ee3 chuy\u1ec3n h\u00f3a nh\u1eefng k\u00fd \u1ee9c sai l\u1ec7ch ng\u0103n c\u1ea3n ch\u00fang ta kh\u1ecfi m\u1ed9t \u0111\u1eddi s\u1ed1ng th\u1ecbnh v\u01b0\u1ee3ng, gi\u00fap ch\u00fang ta tho\u00e1t kh\u1ecfi nh\u1eefng v\u01b0\u1edbng m\u1eafc v\u00e0 h\u1ea1n ch\u1ebf trong v\u1ea5n \u0111\u1ec1 t\u00e0i ch\u00ednh c\u00e1 nh\u00e2n c\u0169ng nh\u01b0 nh\u1eefng kh\u00eda c\u1ea1nh kh\u00e1c.<\/p>\n<p>B\u1ea1n c\u00f3 th\u1ec3 \u0111\u1eb7t c\u00f4ng c\u1ee5 n\u00e0y trong v\u00ed, xe \u00f4 t\u00f4&#8230; Ho\u1eb7c b\u1ea1n c\u00f3 th\u1ec3 d\u00f9ng n\u00f3 b\u1eb1ng c\u00e1ch qu\u00e9t l\u01b0\u1edbt qua c\u00e1c h\u00f3a \u0111\u01a1n, s\u1ed5 thu chi c\u00e1 nh\u00e2n, t\u00e0i kho\u1ea3n ng\u00e2n h\u00e0ng, ho\u1eb7c danh s\u00e1ch nh\u1eefng vi\u1ec7c c\u1ea7n l\u00e0m c\u1ee7a b\u1ea1n.<\/p>\n<p>Ti\u1ebfn tr\u00ecnh cleaning s\u1ebd b\u1eaft \u0111\u1ea7u li\u00ean t\u1ee5c di\u1ec5n ra. C\u00f4ng c\u1ee5 n\u00e0y c\u0169ng \u0111\u01b0\u1ee3c s\u1eed d\u1ee5ng \u0111\u1ec3 m\u1edf ra nh\u1eefng c\u01a1 h\u1ed9i cho s\u1ef1 th\u1ecbnh v\u01b0\u1ee3ng v\u00e0 sung t\u00fac \u0111\u01b0\u1ee3c xu\u1ea5t hi\u1ec7n d\u01b0\u1edbi nhi\u1ec1u h\u00ecnh th\u1ee9c. N\u00f3 \u0111\u1ea1i di\u1ec7n cho b\u00ecnh an, t\u00ecnh y\u00eau th\u01b0\u01a1ng, v\u1ebb \u0111\u1eb9p, s\u1ef1 thanh th\u1ea3n.<\/p>\n<p>H\u00ecnh ch\u1ee5p tr\u00ean t\u1ea5m th\u1ebb ch\u00ednh l\u00e0 nh\u1eefng b\u00f4ng hoa n\u1edf trong v\u01b0\u1eddn nh\u00e0 c\u1ee7a ti\u1ebfn s\u0129 Hew Len. N\u00f3 l\u00e0 b\u1ea3n th\u1ec3 c\u1ee7a kim lo\u1ea1i v\u00e0ng.<\/p>\n","protected":false},"excerpt":{"rendered":"<p>M\u1ed9t c\u00f4ng c\u1ee5 cleaning c\u00f3 h\u00ecnh d\u1ea1ng nh\u01b0 t\u1ea5m danh thi\u1ebfp, n\u00f3 h\u1ed7 tr\u1ee3 chuy\u1ec3n h\u00f3a nh\u1eefng k\u00fd \u1ee9c sai l\u1ec7ch ng\u0103n c\u1ea3n ch\u00fang ta kh\u1ecfi m\u1ed9t \u0111\u1eddi s\u1ed1ng th\u1ecbnh v\u01b0\u1ee3ng, gi\u00fap ch\u00fang ta tho\u00e1t kh\u1ecfi nh\u1eefng v\u01b0\u1edbng m\u1eafc v\u00e0 h\u1ea1n ch\u1ebf trong v\u1ea5n \u0111\u1ec1 t\u00e0i ch\u00ednh c\u00e1 nh\u00e2n c\u0169ng nh\u01b0 nh\u1eefng kh\u00eda c\u1ea1nh kh\u00e1c. [&hellip;]<\/p>\n","protected":false},"featured_media":10086,"template":"","meta":{"_acf_changed":false,"om_disable_all_campaigns":false,"_monsterinsights_skip_tracking":false,"_monsterinsights_sitenote_active":false,"_monsterinsights_sitenote_note":"","_monsterinsights_sitenote_category":0},"product_brand":[],"product_cat":[86],"product_tag":[],"class_list":{"0":"post-676","1":"product","2":"type-product","3":"status-publish","4":"has-post-thumbnail","6":"product_cat-zerowise","8":"first","9":"instock","10":"shipping-taxable","11":"purchasable","12":"product-type-simple"},"acf":[],"aioseo_notices":[],"_links":{"self":[{"href":"https:\/\/hooponopono-asia.org\/vn\/wp-json\/wp\/v2\/product\/676","targetHints":{"allow":["GET"]}}],"collection":[{"href":"https:\/\/hooponopono-asia.org\/vn\/wp-json\/wp\/v2\/product"}],"about":[{"href":"https:\/\/hooponopono-asia.org\/vn\/wp-json\/wp\/v2\/types\/product"}],"wp:featuredmedia":[{"embeddable":true,"href":"https:\/\/hooponopono-asia.org\/vn\/wp-json\/wp\/v2\/media\/10086"}],"wp:attachment":[{"href":"https:\/\/hooponopono-asia.org\/vn\/wp-json\/wp\/v2\/media?parent=676"}],"wp:term":[{"taxonomy":"product_brand","embeddable":true,"href":"https:\/\/hooponopono-asia.org\/vn\/wp-json\/wp\/v2\/product_brand?post=676"},{"taxonomy":"product_cat","embeddable":true,"href":"https:\/\/hooponopono-asia.org\/vn\/wp-json\/wp\/v2\/product_cat?post=676"},{"taxonomy":"product_tag","embeddable":true,"href":"https:\/\/hooponopono-asia.org\/vn\/wp-json\/wp\/v2\/product_tag?post=676"}],"curies":[{"name":"wp","href":"https:\/\/api.w.org\/{rel}","templated":true}]}}