{"id":675,"date":"2022-08-23T23:05:50","date_gmt":"2022-08-23T14:05:50","guid":{"rendered":"http:\/\/serene.wpx.jp\/?post_type=product&#038;p=675"},"modified":"2025-04-16T15:48:02","modified_gmt":"2025-04-16T06:48:02","slug":"ceeport-cleaning-cards","status":"publish","type":"product","link":"https:\/\/hooponopono-asia.org\/vn\/product\/ceeport-cleaning-cards\/","title":{"rendered":"Th\u1ebb cleaning Ceeport"},"content":{"rendered":"<p>The Ceeport Cleaning Cards are getting a new lease of life![ Th\u1ebb cleaning Ceeport mang l\u1ea1i cho cu\u1ed9c s\u1ed1ng lu\u1ed3ng sinh kh\u00ed m\u1edbi. \u0110\u01b0\u1ee3c t\u1ea1o ra t\u1eeb c\u1ea3m h\u1ee9ng c\u1ee7a ti\u1ebfn s\u0129 Hew Len. B\u1ed9 th\u1ebb n\u00e0y bao g\u1ed3m 56 th\u1ebb, ch\u00fang \u0111\u01b0\u1ee3c t\u1ea1o ra \u0111\u1ec3 h\u1ed7 tr\u1ee3 vi\u1ec7c th\u1ef1c h\u00e0nh &#8221;giao ti\u1ebfp v\u1edbi ti\u1ec1m th\u1ee9c Unihipili&#8221;.<br \/>\nB\u1ed9 c\u00f4ng c\u1ee5 n\u00e0y r\u1ea5t \u0111\u01b0\u1ee3c y\u00eau th\u00edch trong su\u1ed1t g\u1ea7n 10 n\u0103m k\u1ec3 t\u1eeb khi n\u00f3 ra m\u1eaft. V\u00e0 gi\u1edd \u0111\u00e2y n\u00f3 \u0111\u00e3 \u0111\u01b0\u1ee3c l\u00e0m m\u1edbi c\u0169ng d\u1ef1a v\u00e0o ngu\u1ed3n c\u1ea3m h\u1ee9ng m\u1edbi \u0111\u1ebfn t\u1eeb ti\u1ebfn s\u0129 Hew Len.<br \/>\nHi\u1ec7n t\u1ea1i, n\u00f3 \u0111\u01b0\u1ee3c in ra b\u1ed1n ng\u00f4n ng\u1eef kh\u00e1c nhau (Ti\u1ebfng Anh, Ti\u1ebfng Nh\u1eadt, Ti\u1ebfng Trung Qu\u1ed1c v\u00e0 Ti\u1ebfng H\u00e0n Qu\u1ed1c) v\u1edbi k\u00edch c\u1ee1 l\u1edbn h\u01a1n v\u00e0 thi\u1ebft k\u1ebf m\u1edbi.<\/p>\n<p>&#8220;Khi t\u00f4i th\u1ef1c h\u00e0nh cleaning h\u1eb1ng ng\u00e0y, t\u00f4i kh\u00f4ng nghe th\u1ea5y gi\u1ecdng n\u00f3i c\u1ee7a ti\u1ec1m th\u1ee9c&#8221;, &#8220;T\u00f4i kh\u00f4ng bi\u1ebft l\u00e0m c\u00e1ch n\u00e0o \u0111\u1ec3 tr\u00f2 chuy\u1ec7n v\u1edbi ti\u1ec1m th\u1ee9c c\u1ee7a m\u00ecnh. B\u1ea1n \u0111\u00e3 t\u1eebng tr\u1ea3i qua t\u00ecnh hu\u1ed1ng nh\u01b0 v\u1eady ch\u01b0a?&#8221; &#8211; Ti\u1ebfn s\u0129 Hew Len t\u1ea1o ra b\u1ed9 c\u00f4ng c\u1ee5 cleaning n\u00e0y l\u00e0 \u0111\u1ec3 d\u00e0nh cho nh\u1eefng ng\u01b0\u1eddi c\u00f3 nh\u1eefng c\u00e2u h\u1ecfi nh\u01b0 v\u1eady, v\u00e0 cho c\u1ea3 nh\u1eefng ai mu\u1ed1n gi\u1ea3i ph\u00f3ng th\u1eadt nhi\u1ec1u nh\u1eefng k\u00fd \u1ee9c \u0111\u1ec3 d\u00e0nh ch\u1ed7 cho th\u00f4ng \u0111i\u1ec7p s\u00e1ng t\u1ea1o c\u00f3 th\u1ec3 xu\u1ea5t hi\u1ec7n.<\/p>\n<p>Khi b\u1ea1n s\u1eed d\u1ee5ng c\u00f4ng c\u1ee5 n\u00e0y l\u00e0 l\u00fac \u0111\u1eb7t sang m\u1ed9t b\u00ean s\u1ef1 ph\u00e1n x\u00e9t m\u00e0 ch\u00fang ta v\u1ed1n c\u00f3, \u0111\u1ed3ng th\u1eddi \u0111\u1ec3 cho ti\u1ec1m th\u1ee9c Unihipili c\u1ee7a b\u1ea1n m\u1edf c\u1eeda cho tr\u00e1i tim v\u00e0 t\u00e2m tr\u00ed b\u1ea1n.<br \/>\nCh\u00fang t\u00f4i xin m\u1eddi b\u1ea1n c\u00f9ng t\u1eadn h\u01b0\u1edfng h\u00e0nh tr\u00ecnh \u0111\u1ed1i tho\u1ea1i m\u1ed9t c\u00e1ch t\u1ef1 do v\u1edbi ti\u1ec1m th\u1ee9c c\u1ee7a m\u00ecnh c\u00f9ng c\u00f4ng c\u1ee5 n\u00e0y.<br \/>\nNh\u1eefng t\u1ea5m th\u1ebb cleaning gi\u1ed1ng nh\u01b0 c\u00f4ng c\u1ee5 t\u00ecm ki\u1ebfm c\u00e1 nh\u00e2n c\u1ee7a b\u1ea1n. M\u1ed7i khi b\u1ea1n s\u1eed d\u1ee5ng th\u1ebb, ti\u1ec1m th\u1ee9c c\u1ee7a b\u1ea1n s\u1ebd t\u1ef1 l\u1ef1a ch\u1ecdn nh\u1eefng g\u00ec m\u00e0 b\u1ea1n c\u1ea7n th\u1ef1c h\u00e0nh cleaning ngay t\u1ea1i th\u1eddi \u0111i\u1ec3m n\u00e0y.<br \/>\nC\u1ee9 m\u1ed7i l\u1ea7n b\u1ea1n x\u00e1o tr\u1ed9n to\u00e0n b\u1ed9 b\u1ed9 th\u1ebb v\u00e0 r\u00fat ra m\u1ed9t t\u1ea5m, th\u00ec m\u1ed9t k\u00fd \u1ee9c n\u1eb7ng n\u1ec1 v\u1ed1n \u0111ang xu\u1ea5t hi\u1ec7n l\u1eb7p \u0111i l\u1eb7p l\u1ea1i trong t\u00e2m tr\u00ed b\u1ea1n s\u1ebd t\u1ef1 \u0111\u1ed9ng tr\u1ed3i l\u00ean tr\u00ean b\u1ec1 m\u1eb7t \u00fd th\u1ee9c \u0111\u1ec3 \u0111\u01b0\u1ee3c gi\u1ea3i ph\u00f3ng \u0111i. (Th\u1eadt s\u1ef1 t\u1ea5m th\u1ebb \u0111\u00f3 \u0111\u00e3 t\u00ecm \u0111\u1ebfn v\u1edbi b\u1ea1n).<\/p>\n<p>B\u1ea1n c\u00f3 th\u1ec3 s\u1eed d\u1ee5ng ch\u00fang m\u1ed7i s\u00e1ng v\u00e0 t\u1ed1i trong th\u1eddi gian th\u1ef1c h\u00e0nh giao ti\u1ebfp v\u1edbi ti\u1ec1m th\u1ee9c c\u1ee7a m\u00ecnh.<br \/>\nKhi b\u1ea5t c\u1ee9 \u0111i\u1ec1u g\u00ec l\u00e0m phi\u1ec1n b\u1ea1n trong \u0111\u1eddi s\u1ed1ng h\u1eb1ng ng\u00e0y, b\u1ea1n c\u00f3 th\u1ec3 r\u00fat ra m\u1ed9t t\u1ea5m th\u1ebb cleaning v\u00e0 n\u00f3 s\u1ebd gi\u00fap cho b\u1ea1n hi\u1ec3u ra \u0111\u01b0\u1ee3c nguy\u00ean nh\u00e2n t\u1ea1i sao s\u1ef1 ki\u1ec7n \u0111\u00f3 di\u1ec5n ra.<\/p>\n<p><strong>Tr\u1ea3i nghi\u1ec7m c\u1ee7a nh\u1eefng ng\u01b0\u1eddi \u0111\u00e3 s\u1eed d\u1ee5ng c\u00f4ng c\u1ee5 n\u00e0y<\/strong><\/p>\n<p><em>M\u1ed9t ch\u1ee7 doanh nghi\u1ec7p 48 tu\u1ed5i<\/em><br \/>\nSau th\u1eddi gian l\u00e0m vi\u1ec7c t\u1ea1i m\u1ed9t c\u00f4ng ty l\u1edbn trong nhi\u1ec1u n\u0103m, t\u00f4i \u0111\u00e3 l\u00e0m vi\u1ec7c \u0111\u1ed9c l\u1eadp b\u00ean ngo\u00e0i \u0111\u01b0\u1ee3c 1 n\u0103m v\u00e0 t\u1ef1 h\u1ecfi r\u1eb1ng l\u00e0m nh\u01b0 th\u1ebf n\u00e0o \u0111\u1ec3 t\u00e1i c\u1ea5u tr\u00fac l\u1ea1i c\u00f4ng ty c\u1ee7a t\u00f4i b\u1edfi n\u00f3 \u0111ang kh\u00f4ng t\u1ea1o ra \u0111\u01b0\u1ee3c m\u1ee9c l\u1ee3i nhu\u1eadn nh\u01b0 t\u00f4i h\u00ecnh dung ban \u0111\u1ea7u. L\u00e0 m\u1ed9t ch\u1ee7 doanh nghi\u1ec7p, t\u00f4i c\u1ea3m th\u1ea5y \u0111\u01a1n \u0111\u1ed9c tr\u00ean h\u00e0nh tr\u00ecnh c\u1ee7a m\u00ecnh v\u00e0 kh\u00f4ng c\u00f3 ai m\u00e0 t\u00f4i c\u00f3 th\u1ec3 tho\u1ea3i m\u00e1i trao \u0111\u1ed5i v\u1ec1 nh\u1eefng v\u1ea5n \u0111\u1ec1 c\u1ee7a c\u00f4ng ty. V\u00e0 th\u1ebf l\u00e0 m\u1ed9t ng\u01b0\u1eddi b\u1ea1n \u0111\u00e3 gi\u1edbi thi\u1ec7u b\u1ed9 c\u00f4ng c\u1ee5 th\u1ebb cleaning n\u00e0y cho t\u00f4i.<br \/>\nT\u00f4i x\u00e1o b\u1ed9 th\u1ebb v\u00e0 r\u00fat ra m\u1ed9t t\u1ea5m trong l\u00fac suy ngh\u0129 v\u1ec1 \u0111i\u1ec1u m\u00e0 t\u00f4i \u0111ang b\u1eadn t\u00e2m. Cleaning c\u00f3 ngh\u0129a l\u00e0 l\u00e0m vi\u1ec7c c\u00f9ng v\u1edbi Tr\u00ed tu\u1ec7 V\u0169 tr\u1ee5.<br \/>\nTr\u00ed tu\u1ec7 V\u0169 tr\u1ee5 bi\u1ebft t\u1ea5t c\u1ea3 nh\u1eefng g\u00ec c\u1ea7n \u0111\u01b0\u1ee3c th\u1ef1c hi\u1ec7n, bao g\u1ed3m nh\u1eefng k\u00fd \u1ee9c c\u1ea7n \u0111\u01b0\u1ee3c chuy\u1ec3n h\u00f3a. Sau khi t\u00f4i r\u00fat t\u1ea5m th\u1ebb \u0111\u00f3 ra, t\u00f4i c\u1ea3m th\u1ea5y r\u1eb1ng m\u00ecnh kh\u00f4ng c\u1ea7n ph\u1ea3i l\u00e0m t\u1ea5t c\u1ea3 m\u1ecdi th\u1ee9 m\u1ed9t m\u00ecnh v\u00e0 m\u1ecdi th\u1ee9 tr\u1edf n\u00ean d\u1ec5 d\u00e0ng h\u01a1n, t\u00e2m tr\u00ed h\u1ed7n lo\u1ea1n c\u1ee7a t\u00f4i tr\u1edf n\u00ean s\u00e1ng t\u1ecf.<\/p>\n<p><em>M\u1ed9t ng\u01b0\u1eddi t\u1ef1 kinh doanh 30 tu\u1ed5i<\/em><br \/>\nT\u00f4i \u0111\u00e3 s\u1ed1ng v\u1edbi b\u1ed1 m\u1eb9 m\u00ecnh, m\u1eb9 t\u00f4i b\u1ecb tr\u1ea7m c\u1ea3m, c\u00f2n b\u1ed1 t\u00f4i th\u00ec c\u0103ng th\u1eb3ng r\u1ea5t nhi\u1ec1u khi nh\u00ecn th\u1ea5y b\u00e0 \u1ea5y. B\u1ea3n th\u00e2n t\u00f4i l\u1ea1i r\u1ea5t \u00e1p l\u1ef1c m\u1ed7i khi \u1edf c\u00f9ng h\u1ecd. T\u00f4i t\u1ef1 h\u1ecfi t\u1ea1i sao m\u00ecnh c\u00f3 c\u1ea3m gi\u00e1c nh\u01b0 v\u1eady, th\u1ebf r\u1ed3i t\u00f4i r\u00fat m\u1ed9t t\u1ea5m th\u1ebb. V\u00e0 t\u00f4i nh\u1eadn ra r\u1eb1ng v\u1ed1n d\u0129 t\u00f4i \u0111\u00e3 t\u1eadp trung qu\u00e1 nhi\u1ec1u v\u00e0o s\u1ef1 vi\u1ec7c \u1edf b\u00ean ngo\u00e0i, r\u1eb1ng t\u00f4i \u0111\u00e3 kh\u00f4ng th\u1ec3 ch\u0103m s\u00f3c t\u1ed1t cho b\u1ea3n th\u00e2n m\u00ecnh, m\u1eb7c d\u00f9 t\u00f4i c\u00f3 khuynh h\u01b0\u1edbng \u0111\u1eb7t m\u00ecnh trong tr\u1ea1ng th\u00e1i tr\u00ec tr\u1ec7, nh\u01b0ng t\u00f4i \u0111\u00e3 c\u1ea3m th\u1ea5y tho\u1ea3i m\u00e1i h\u01a1n khi \u0111\u00f3 v\u00e0 c\u00f3 th\u1ec3 tr\u1ef1c ti\u1ebfp \u0111\u1ed1i di\u1ec7n v\u1edbi chuy\u1ec7n n\u00e0y m\u1ed9t c\u00e1ch ph\u00f9 h\u1ee3p.<\/p>\n<p>K\u00edch th\u01b0\u1edbc: 130mm x 75mm<br \/>\nS\u1ed1 l\u01b0\u1ee3ng: 52 th\u1ebb (56 th\u1ebb n\u1ebfu t\u00ednh c\u1ea3 nh\u1eefng th\u1ebb h\u01b0\u1edbng d\u1eabn)<br \/>\nT\u00fai \u0111\u1ef1ng th\u1ebb ki\u1ec3u d\u00e2y r\u00fat (C\u00f3 in bi\u1ec3u t\u01b0\u1ee3ng Ceeport)<\/p>\n","protected":false},"excerpt":{"rendered":"<p>The Ceeport Cleaning Cards are getting a new lease of life![ Th\u1ebb cleaning Ceeport mang l\u1ea1i cho cu\u1ed9c s\u1ed1ng lu\u1ed3ng sinh kh\u00ed m\u1edbi. \u0110\u01b0\u1ee3c t\u1ea1o ra t\u1eeb c\u1ea3m h\u1ee9ng c\u1ee7a ti\u1ebfn s\u0129 Hew Len. B\u1ed9 th\u1ebb n\u00e0y bao g\u1ed3m 56 th\u1ebb, ch\u00fang \u0111\u01b0\u1ee3c t\u1ea1o ra \u0111\u1ec3 h\u1ed7 tr\u1ee3 vi\u1ec7c th\u1ef1c h\u00e0nh &#8221;giao ti\u1ebfp v\u1edbi ti\u1ec1m [&hellip;]<\/p>\n","protected":false},"featured_media":5082,"template":"","meta":{"_acf_changed":false,"om_disable_all_campaigns":false,"_monsterinsights_skip_tracking":false,"_monsterinsights_sitenote_active":false,"_monsterinsights_sitenote_note":"","_monsterinsights_sitenote_category":0},"product_brand":[],"product_cat":[84],"product_tag":[],"class_list":{"0":"post-675","1":"product","2":"type-product","3":"status-publish","4":"has-post-thumbnail","6":"product_cat-ceeport","8":"first","9":"instock","10":"shipping-taxable","11":"purchasable","12":"product-type-simple"},"acf":[],"aioseo_notices":[],"_links":{"self":[{"href":"https:\/\/hooponopono-asia.org\/vn\/wp-json\/wp\/v2\/product\/675","targetHints":{"allow":["GET"]}}],"collection":[{"href":"https:\/\/hooponopono-asia.org\/vn\/wp-json\/wp\/v2\/product"}],"about":[{"href":"https:\/\/hooponopono-asia.org\/vn\/wp-json\/wp\/v2\/types\/product"}],"wp:featuredmedia":[{"embeddable":true,"href":"https:\/\/hooponopono-asia.org\/vn\/wp-json\/wp\/v2\/media\/5082"}],"wp:attachment":[{"href":"https:\/\/hooponopono-asia.org\/vn\/wp-json\/wp\/v2\/media?parent=675"}],"wp:term":[{"taxonomy":"product_brand","embeddable":true,"href":"https:\/\/hooponopono-asia.org\/vn\/wp-json\/wp\/v2\/product_brand?post=675"},{"taxonomy":"product_cat","embeddable":true,"href":"https:\/\/hooponopono-asia.org\/vn\/wp-json\/wp\/v2\/product_cat?post=675"},{"taxonomy":"product_tag","embeddable":true,"href":"https:\/\/hooponopono-asia.org\/vn\/wp-json\/wp\/v2\/product_tag?post=675"}],"curies":[{"name":"wp","href":"https:\/\/api.w.org\/{rel}","templated":true}]}}