{"id":674,"date":"2022-08-23T23:05:50","date_gmt":"2022-08-23T14:05:50","guid":{"rendered":"http:\/\/serene.wpx.jp\/?post_type=product&#038;p=674"},"modified":"2025-04-16T15:48:17","modified_gmt":"2025-04-16T06:48:17","slug":"pond","status":"publish","type":"product","link":"https:\/\/hooponopono-asia.org\/vn\/product\/pond\/","title":{"rendered":"Th\u1ebb cleaning Pond (B\u1ea3n quy\u1ec1n thu\u1ed9c KR)"},"content":{"rendered":"<p>&#8220;H\u1ed3 n\u01b0\u1edbc&#8221; &#8211; &#8220;Pond&#8221;: c\u00f4ng c\u1ee5 cleaning cho Danh t\u00ednh (I-Dentity) c\u1ee7a \u0111\u1ed1i t\u01b0\u1ee3ng ho\u1eb7c th\u00f4ng tin c\u1ea7n \u0111\u01b0\u1ee3c chuy\u1ec3n h\u00f3a k\u00fd \u1ee9c.<\/p>\n<p>\u0110\u00e2y l\u00e0 t\u1ea5m h\u00ecnh c\u1ee7a H\u1ed3 n\u01b0\u1edbc \u1edf nh\u00e0 La&#8217;I Road. M\u01b0a \u0111ang r\u01a1i khi \u0111\u00f3, v\u00e0 h\u1ed3 n\u01b0\u1edbc th\u00ec \u0111ang tr\u00e0n \u0111\u1ea7y nh\u1eefng gi\u1ecdt m\u01b0a. Ph\u1ea3n chi\u1ebfu xu\u1ed1ng m\u1eb7t h\u1ed3 l\u00e0 h\u00ecnh \u1ea3nh c\u1ee7a b\u1ea7u tr\u1eddi. Nh\u1eefng g\u1ee3n s\u00f3ng tr\u00ean m\u1eb7t h\u1ed3 \u0111\u1ea1i di\u1ec7n cho y\u1ebfu t\u1ed1 c\u1ee7a &#8220;B\u1ea3n th\u00e2n&#8221; v\u00e0 danh t\u00ednh c\u1ee7a ba th\u1ec3 \u0111\u1ed3ng nh\u1ea5t b\u00ean trong &#8220;B\u1ea3n th\u00e2n&#8221; Si\u00eau th\u1ee9c &#8211; \u00dd th\u1ee9c &#8211; Ti\u1ec1m th\u1ee9c. S\u1eed d\u1ee5ng t\u1ea5m th\u1ebb n\u00e0y nh\u01b0 m\u1ed9t ph\u01b0\u01a1ng c\u00e1ch l\u00e0m s\u1ea1ch n\u1ed9i t\u00e2m ch\u00ednh m\u00ecnh m\u1ed9t c\u00e1ch s\u00e2u s\u1eafc. S\u1ef1 c\u00f3 m\u1eb7t c\u1ee7a ch\u00fang ta \u1edf \u0111\u00e2y c\u00f9ng nh\u1eefng h\u00e0nh \u0111\u1ed9ng, suy ngh\u0129, l\u1eddi n\u00f3i, h\u00e0nh vi s\u1ebd lu\u00f4n t\u00e1c \u0111\u1ed9ng \u0111\u1ebfn v\u1ea1n v\u1eadt xung quanh nh\u01b0 h\u00ecnh \u1ea3nh gi\u1ecdt n\u01b0\u1edbc r\u01a1i v\u00e0 t\u1ea1o ra nh\u1eefng g\u1ee3n s\u00f3ng lan ra tr\u00ean m\u1eb7t h\u1ed3.<\/p>\n<p><strong>Th\u00f4ng \u0111i\u1ec7p t\u1eeb KR<\/strong><\/p>\n<p>C\u00f3 m\u1ed9t th\u00f4ng \u0111i\u1ec7p lu\u00f4n xu\u1ea5t hi\u1ec7n v\u1edbi t\u00f4i m\u1ed7i l\u1ea7n t\u00f4i thi\u1ec1n \u0111\u1ecbnh sau khi chuy\u1ec3n \u0111\u1ebfn v\u00f9ng \u0111\u1ea5t \u1edf \u0110\u1ea3o L\u1edbn.<\/p>\n<p>\u0110\u00f3 l\u00e0 &#8220;H\u00e3y d\u00f9ng c\u00f4ng c\u1ee5 cleaning &#8220;Ice Blue&#8221; \u0111\u1ec3 gi\u00fap chi\u1ebfc m\u00e1y ch\u1ee5p h\u00ecnh tr\u1edf l\u1ea1i tr\u1ea1ng th\u00e1i qu\u00e2n b\u00ecnh c\u1ee7a n\u00f3&#8221;.<\/p>\n<p>V\u00e0 t\u00f4i \u0111\u00e3 th\u1ef1c hi\u1ec7n \u0111\u00fang nh\u01b0 l\u1eddi g\u1ee3i \u00fd \u0111\u00f3 \u0111\u1ed1i v\u1edbi chi\u1ebfc camera m\u00e0 t\u00f4i \u0111\u01b0\u1ee3c th\u1eeba h\u01b0\u1edfng l\u1ea1i t\u1eeb ch\u00e1u ngo\u1ea1i m\u00ecnh, v\u00e0 n\u00f3 c\u0169ng l\u00e0 chi\u1ebfc m\u00e1y ch\u1ee5p h\u00ecnh duy nh\u1ea5t m\u00e0 t\u00f4i c\u00f3. M\u1ed9t ng\u00e0y kia, t\u00f4i \u0111\u00e3 s\u1eed d\u1ee5ng m\u00e1y ch\u1ee5p h\u00ecnh \u0111\u1ec3 t\u1ef1 ch\u1ee5p m\u1ed9t t\u1ea5m h\u00ecnh v\u1ec1 m\u1ea3nh \u0111\u1ea5t c\u1ee7a m\u00ecnh m\u1ed9t c\u00e1ch ng\u1eabu h\u1ee9ng, ngay l\u1eadp t\u1ee9c t\u00f4i quay v\u00e0o trong r\u1eebng.<\/p>\n<p>L\u00fac \u0111\u00f3 t\u00f4i kh\u00f4ng \u0111eo k\u00ednh, n\u00ean \u0111\u00e3 kh\u00f4ng bi\u1ebft nh\u1eefng g\u00ec m\u00ecnh nh\u00ecn th\u1ea5y. Nh\u01b0ng t\u00f4i \u0111\u00e3 th\u1eadt s\u1ef1 t\u1eadn h\u01b0\u1edfng vi\u1ec7c quan s\u00e1t chi\u1ebfc m\u00e1y ch\u1ee5p h\u00ecnh c\u00f9ng m\u1ea3nh \u0111\u1ea5t \u0111ang di chuy\u1ec3n nh\u01b0 khi\u00eau v\u0169 v\u1edbi nhau. Trong chuy\u1ebfn \u0111i ch\u1ee5p h\u00ecnh n\u00e0y, nh\u1eefng t\u1ea5m h\u00ecnh ch\u1ee5p \u0111\u01b0\u1ee3c \u0111\u1ec1u xu\u1ea5t hi\u1ec7n tr\u00ean nh\u1eefng t\u1ea5m th\u1ebb cleaning. M\u1ed7i t\u1ea5m th\u1ebb \u0111\u1ec1u mang trong m\u00ecnh m\u1ed9t th\u00f4ng \u0111i\u1ec7p kh\u00e1c nhau.<\/p>\n<p>Khi t\u00f4i ch\u1ee5p t\u1ea5m h\u00ecnh n\u00e0y, t\u00f4i c\u00f3 \u0111\u01b0\u1ee3c tr\u1ea3i nghi\u1ec7m c\u1ee7a vi\u1ec7c ch\u00ednh chi\u1ebfc m\u00e1y ch\u1ee5p h\u00ecnh \u0111\u00e3 d\u1eabn t\u00f4i t\u1edbi ch\u1ed7 H\u1ed3 n\u01b0\u1edbc. V\u00e0 t\u00f4i v\u1eabn ch\u1ec9 ti\u1ebfp t\u1ee5c th\u1ef1c h\u00e0nh cleaning.<\/p>\n<p>T\u00f4i \u0111\u00e3 th\u1ef1c hi\u1ec7n quy tr\u00ecnh cleaning v\u1edbi h\u1ed3 n\u01b0\u1edbc. \u1ede \u0111\u00f3 t\u00f4i \u0111\u01b0\u1ee3c h\u01b0\u1edbng d\u1eabn l\u00e0 ti\u1ebfp t\u1ee5c \u00e1p d\u1ee5ng quy tr\u00ecnh cho n\u01b0\u1edbc trong h\u1ed3, c\u00e1c lo\u00e0i c\u00e1, r\u00f9a, c\u00e1c lo\u00e0i th\u1ef1c v\u1eadt, vi sinh v\u1eadt, kh\u00f4ng kh\u00ed, b\u1ea7u tr\u1eddi v\u00e0 c\u1ea3 nh\u1eefng \u0111\u00e1m m\u00e2y \u0111ang ph\u1ea3n chi\u1ebfu xu\u1ed1ng m\u1eb7t h\u1ed3, c\u00f9ng t\u1ea5t c\u1ea3 nh\u1eefng g\u00ec c\u00f3 m\u1eb7t t\u1ea1i \u0111\u00f3. \u0110\u1ed3ng th\u1eddi \u0111\u1ec1 ngh\u1ecb ch\u00fang c\u00f9ng tham gia vi\u1ec7c cleaning v\u1edbi t\u00f4i v\u00e0 \u0111\u1ec3 nh\u1edb l\u1ea1i r\u1eb1ng t\u1ea5t c\u1ea3 \u0111\u1ec1u t\u1ed3n t\u1ea1i trong t\u00ecnh y\u00eau th\u01b0\u01a1ng. Ngay l\u1eadp t\u1ee9c c\u1ea3 khu v\u1ef1c ng\u1eadp tr\u00e0n trong l\u00f2ng bi\u1ebft \u01a1n.<\/p>\n<p>S\u1ef1 h\u1ed3i sinh, s\u1ee9c s\u1ed1ng, s\u1ef1 ph\u00e1t tri\u1ec3n, ba y\u1ebfu t\u1ed1 c\u00e2n b\u1eb1ng xung quanh &#8220;b\u1ea3n th\u00e2n&#8221; l\u00e0 nh\u1eefng g\u00ec m\u00e0 t\u1ea5m th\u1ebb n\u00e0y mang l\u1ea1i cho b\u1ea1n khi \u00e1p d\u1ee5ng n\u00f3 nh\u01b0 m\u1ed9t c\u00f4ng c\u1ee5 cleaning.<\/p>\n<p>V\u1eadt li\u1ec7u l\u00e0m th\u1ebb: Nh\u1ef1a<br \/>\nK\u00edch th\u01b0\u1edbc: 54 x 85.6, B\u1ec1 d\u00e0y 0.76 mm<\/p>\n","protected":false},"excerpt":{"rendered":"<p>&#8220;H\u1ed3 n\u01b0\u1edbc&#8221; &#8211; &#8220;Pond&#8221;: c\u00f4ng c\u1ee5 cleaning cho Danh t\u00ednh (I-Dentity) c\u1ee7a \u0111\u1ed1i t\u01b0\u1ee3ng ho\u1eb7c th\u00f4ng tin c\u1ea7n \u0111\u01b0\u1ee3c chuy\u1ec3n h\u00f3a k\u00fd \u1ee9c. \u0110\u00e2y l\u00e0 t\u1ea5m h\u00ecnh c\u1ee7a H\u1ed3 n\u01b0\u1edbc \u1edf nh\u00e0 La&#8217;I Road. M\u01b0a \u0111ang r\u01a1i khi \u0111\u00f3, v\u00e0 h\u1ed3 n\u01b0\u1edbc th\u00ec \u0111ang tr\u00e0n \u0111\u1ea7y nh\u1eefng gi\u1ecdt m\u01b0a. Ph\u1ea3n chi\u1ebfu xu\u1ed1ng m\u1eb7t h\u1ed3 l\u00e0 [&hellip;]<\/p>\n","protected":false},"featured_media":5108,"template":"","meta":{"_acf_changed":false,"om_disable_all_campaigns":false,"_monsterinsights_skip_tracking":false,"_monsterinsights_sitenote_active":false,"_monsterinsights_sitenote_note":"","_monsterinsights_sitenote_category":0},"product_brand":[],"product_cat":[83],"product_tag":[],"class_list":{"0":"post-674","1":"product","2":"type-product","3":"status-publish","4":"has-post-thumbnail","6":"product_cat-krgoods","8":"first","9":"instock","10":"shipping-taxable","11":"purchasable","12":"product-type-simple"},"acf":[],"aioseo_notices":[],"_links":{"self":[{"href":"https:\/\/hooponopono-asia.org\/vn\/wp-json\/wp\/v2\/product\/674","targetHints":{"allow":["GET"]}}],"collection":[{"href":"https:\/\/hooponopono-asia.org\/vn\/wp-json\/wp\/v2\/product"}],"about":[{"href":"https:\/\/hooponopono-asia.org\/vn\/wp-json\/wp\/v2\/types\/product"}],"wp:featuredmedia":[{"embeddable":true,"href":"https:\/\/hooponopono-asia.org\/vn\/wp-json\/wp\/v2\/media\/5108"}],"wp:attachment":[{"href":"https:\/\/hooponopono-asia.org\/vn\/wp-json\/wp\/v2\/media?parent=674"}],"wp:term":[{"taxonomy":"product_brand","embeddable":true,"href":"https:\/\/hooponopono-asia.org\/vn\/wp-json\/wp\/v2\/product_brand?post=674"},{"taxonomy":"product_cat","embeddable":true,"href":"https:\/\/hooponopono-asia.org\/vn\/wp-json\/wp\/v2\/product_cat?post=674"},{"taxonomy":"product_tag","embeddable":true,"href":"https:\/\/hooponopono-asia.org\/vn\/wp-json\/wp\/v2\/product_tag?post=674"}],"curies":[{"name":"wp","href":"https:\/\/api.w.org\/{rel}","templated":true}]}}