{"id":663,"date":"2022-08-23T23:05:49","date_gmt":"2022-08-23T14:05:49","guid":{"rendered":"http:\/\/serene.wpx.jp\/?post_type=product&#038;p=663"},"modified":"2025-04-16T15:49:50","modified_gmt":"2025-04-16T06:49:50","slug":"ceeport-seal-navy-large","status":"publish","type":"product","link":"https:\/\/hooponopono-asia.org\/vn\/product\/ceeport-seal-navy-large\/","title":{"rendered":"Mi\u1ebfng d\u00e1n Ceeport ( M\u00e0u xanh Navy &#8211; C\u1ee1 l\u1edbn nh\u1ea5t)"},"content":{"rendered":"<p>\u0110\u00e2y l\u00e0 phi\u00ean b\u1ea3n c\u1ee1 l\u1ee1n nh\u1ea5t c\u1ee7a b\u1ed9 c\u00f4ng c\u1ee5 mi\u1ebfng d\u00e1n Ceeport.<br \/>\nT\u1ea5m d\u00e1n n\u00e0y c\u00f3 k\u00edch th\u01b0\u1edbc l\u1edbn g\u1ea5p 4 l\u1ea7n mi\u1ebfng d\u00e1ng Ceeport th\u00f4ng th\u01b0\u1eddng v\u00e0 c\u00f3 th\u1ec3 s\u1eed d\u1ee5ng v\u00e0o nhi\u1ec1u m\u1ee5c \u0111\u00edch cleaning cho c\u00e1c v\u1eadt d\u1ee5ng ho\u1eb7c \u0111\u1ed1i t\u01b0\u1ee3ng kh\u00e1c nhau nh\u01b0 xe \u00f4 t\u00f4, l\u1ed1i v\u00e0o, m\u00e1y t\u00ednh c\u00e1 nh\u00e2n&#8230;<\/p>\n<p><strong>Ngu\u1ed3n g\u1ed1c xu\u1ea5t hi\u1ec7n c\u1ee7a Ceeport<\/strong><\/p>\n<p>Trong khi t\u1eadp th\u1ec3 d\u1ee5c b\u1eb1ng vi\u1ec7c h\u00e0ng ng\u00e0y \u0111i b\u1ed9, ti\u1ebfn s\u0129 Hew Len nghe th\u1ea5y th\u00f4ng \u0111i\u1ec7p &#8220;Ceeport&#8221; xu\u1ea5t hi\u1ec7n ba l\u1ea7n.<\/p>\n<p>Ngh\u0129a c\u1ee7a n\u00f3 l\u00e0 g\u00ec?<\/p>\n<p>C. L\u00e0m s\u1ea1ch<br \/>\nE.X\u00f3a b\u1ecf<br \/>\nE.X\u00f3a b\u1ecf<br \/>\nP.C\u00e1nh c\u1ed5ng<\/p>\n<p>S\u1ea3n ph\u1ea9m n\u00e0y b\u1eaft ngu\u1ed3n t\u1eeb \u00fd t\u01b0\u1edfng r\u1eb1ng n\u1ebfu b\u1ea1n th\u1ef1c h\u00e0nh cleaning v\u1edbi t\u00e2m tr\u00ed m\u00ecnh, th\u00ec nh\u1eefng k\u00fd \u1ee9c bao ph\u1ee7 trong n\u00f3 s\u1ebd d\u1ea7n \u0111\u01b0\u1ee3c th\u00e1o g\u1ee1 v\u00e0 r\u1ed3i b\u1ea1n s\u1ebd c\u1ea3m nh\u1eadn r\u00f5 ngu\u1ed3n s\u00e1ng b\u00ean trong ch\u00ednh m\u00ecnh, t\u1eeb \u0111\u00f3 b\u1ea1n s\u1ebd c\u00f3 th\u1ec3 tr\u1edf l\u1ea1i n\u01a1i m\u00e0 b\u1ea1n bao l\u00e2u nay t\u00ecm ki\u1ebfm, n\u01a1i m\u00e0 b\u1ea1n \u0111\u01b0\u1ee3c sinh ra \u1edf \u0111\u00e2y \u0111\u1ec3 thu\u1ed9c v\u1ec1 th\u00f4ng qua c\u00e1nh c\u1ed5ng m\u1edf ra sau khi ti\u1ebfn tr\u00ecnh cleaning t\u1ef1 \u0111\u1ed9ng di\u1ec5n ra.<br \/>\nB\u1eb1ng vi\u1ec7c mang theo nh\u1eefng s\u1ea3n ph\u1ea9m trong b\u1ed9 c\u00f4ng c\u1ee5 cleaning Ceeport, b\u1ea1n c\u00f3 th\u1ec3 t\u1ef1 \u0111\u1ed9c l\u1eadp d\u1ea7n x\u00f3a \u0111i nh\u1eefng k\u00fd \u1ee9c v\u1ed1n hi\u1ec7n di\u1ec7n trong ti\u1ec1m th\u1ee9c c\u1ee7a b\u1ea3n th\u00e2n.<\/p>\n<p>Mi\u1ebfng d\u00e1n n\u00e0y l\u00e0m vi\u1ec7c \u0111\u1ec3 x\u00f3a \u0111i nh\u1eefng k\u00fd \u1ee9c li\u00ean quan \u0111\u1ebfn v\u1ea5n \u0111\u1ec1 tr\u00ean c\u01a1 th\u1ec3 v\u1eadt l\u00fd, c\u01a1 th\u1ec3 c\u1ea3m x\u00fac v\u00e0 c\u1ea3 nh\u1eefng v\u1ea5n \u0111\u1ec1 v\u1ec1 t\u00e0i ch\u00ednh c\u00e1 nh\u00e2n.<\/p>\n<p>Size: 18 cm x 18 cm<\/p>\n","protected":false},"excerpt":{"rendered":"<p>\u0110\u00e2y l\u00e0 phi\u00ean b\u1ea3n c\u1ee1 l\u1ee1n nh\u1ea5t c\u1ee7a b\u1ed9 c\u00f4ng c\u1ee5 mi\u1ebfng d\u00e1n Ceeport. T\u1ea5m d\u00e1n n\u00e0y c\u00f3 k\u00edch th\u01b0\u1edbc l\u1edbn g\u1ea5p 4 l\u1ea7n mi\u1ebfng d\u00e1ng Ceeport th\u00f4ng th\u01b0\u1eddng v\u00e0 c\u00f3 th\u1ec3 s\u1eed d\u1ee5ng v\u00e0o nhi\u1ec1u m\u1ee5c \u0111\u00edch cleaning cho c\u00e1c v\u1eadt d\u1ee5ng ho\u1eb7c \u0111\u1ed1i t\u01b0\u1ee3ng kh\u00e1c nhau nh\u01b0 xe \u00f4 t\u00f4, l\u1ed1i v\u00e0o, m\u00e1y [&hellip;]<\/p>\n","protected":false},"featured_media":5074,"template":"","meta":{"_acf_changed":false,"om_disable_all_campaigns":false,"_monsterinsights_skip_tracking":false,"_monsterinsights_sitenote_active":false,"_monsterinsights_sitenote_note":"","_monsterinsights_sitenote_category":0},"product_brand":[],"product_cat":[84],"product_tag":[],"class_list":{"0":"post-663","1":"product","2":"type-product","3":"status-publish","4":"has-post-thumbnail","6":"product_cat-ceeport","8":"first","9":"instock","10":"shipping-taxable","11":"purchasable","12":"product-type-simple"},"acf":[],"aioseo_notices":[],"_links":{"self":[{"href":"https:\/\/hooponopono-asia.org\/vn\/wp-json\/wp\/v2\/product\/663","targetHints":{"allow":["GET"]}}],"collection":[{"href":"https:\/\/hooponopono-asia.org\/vn\/wp-json\/wp\/v2\/product"}],"about":[{"href":"https:\/\/hooponopono-asia.org\/vn\/wp-json\/wp\/v2\/types\/product"}],"wp:featuredmedia":[{"embeddable":true,"href":"https:\/\/hooponopono-asia.org\/vn\/wp-json\/wp\/v2\/media\/5074"}],"wp:attachment":[{"href":"https:\/\/hooponopono-asia.org\/vn\/wp-json\/wp\/v2\/media?parent=663"}],"wp:term":[{"taxonomy":"product_brand","embeddable":true,"href":"https:\/\/hooponopono-asia.org\/vn\/wp-json\/wp\/v2\/product_brand?post=663"},{"taxonomy":"product_cat","embeddable":true,"href":"https:\/\/hooponopono-asia.org\/vn\/wp-json\/wp\/v2\/product_cat?post=663"},{"taxonomy":"product_tag","embeddable":true,"href":"https:\/\/hooponopono-asia.org\/vn\/wp-json\/wp\/v2\/product_tag?post=663"}],"curies":[{"name":"wp","href":"https:\/\/api.w.org\/{rel}","templated":true}]}}