{"id":660,"date":"2022-08-23T23:05:49","date_gmt":"2022-08-23T14:05:49","guid":{"rendered":"http:\/\/serene.wpx.jp\/?post_type=product&#038;p=660"},"modified":"2025-04-16T15:50:03","modified_gmt":"2025-04-16T06:50:03","slug":"embracer-keyholder","status":"publish","type":"product","link":"https:\/\/hooponopono-asia.org\/vn\/product\/embracer-keyholder\/","title":{"rendered":"M\u00f3c kh\u00f3a cleaning( Zero -Wise)"},"content":{"rendered":"<p>Kh\u00f4ng gi\u1ed1ng nh\u01b0 chi\u1ebfc v\u00f2ng cleaning ch\u1ec9 c\u00f3 th\u1ec3 \u0111eo \u1edf c\u1ed5 tay, chi\u1ebfc m\u00f3c kh\u00f3a n\u00e0y c\u00f3 th\u1ec3 g\u1eafn v\u00e0o nh\u1eefng v\u1eadt d\u1ee5ng d\u00f9ng h\u00e0ng ng\u00e0y v\u00ed d\u1ee5 nh\u01b0: ch\u1ed7 n\u00e0o \u0111\u1ea5y trong nh\u00e0, ho\u1eb7c trong c\u1eeda h\u00e0ng, ch\u00eca kh\u00f3a xe, gi\u1ecf x\u00e1ch v\u00e0 c\u1ea3 \u0111i\u1ec7n tho\u1ea1i c\u1ea7m tay.<\/p>\n<p>D\u00e2y \u0111eo c\u1ee7a m\u00f3c kh\u00f3a c\u00f3 in hai c\u00f4ng c\u1ee5 cleaning &#8221; Thank you&#8221;, &#8220;I love you&#8221; d\u1ecdc tr\u00ean th\u00e2n c\u1ee7a n\u00f3, \u0111\u01b0\u1ee3c d\u00f9ng \u0111\u1ec3 x\u00f3a \u0111i nh\u1eefng k\u00fd \u1ee9c l\u01b0u tr\u1eef trong ti\u1ec1m th\u1ee9c v\u00e0 \u0111\u1ec3 t\u00e2m tr\u00ed c\u00f3 th\u1ec3 \u0111\u01b0\u1ee3c bao b\u1ecdc, b\u1ea3o v\u1ec7 v\u00e0 l\u00e0m s\u1ea1ch b\u1edfi Tr\u00ed tu\u1ec7 v\u0169 tr\u1ee5.<\/p>\n<p>\u0110\u00e2y l\u00e0 m\u1ed9t c\u00f4ng c\u1ee5 cleaning m\u1edbi, cho ph\u00e9p nh\u1eefng k\u00fd \u1ee9c li\u00ean quan \u0111\u1ebfn n\u1ed7i \u0111au v\u00e0 nh\u1eefng b\u1ea5t \u1ed5n m\u00e0 ti\u1ec1m th\u1ee9c Unihipili \u0111\u00e3 ph\u1ea3i mang theo \u0111\u01b0\u1ee3c chuy\u1ec3n h\u00f3a v\u00e0 tr\u1edf l\u1ea1i b\u1ea3n th\u1ec3 trung t\u00ednh c\u1ee7a ch\u00fang th\u00f4ng qua s\u1ef1 tr\u1ee3 gi\u00fap c\u1ee7a Tr\u00ed tu\u1ec7 V\u0169 tr\u1ee5.<\/p>\n<p>&#8220;<em>Th\u00f4ng qua t\u00ecnh y\u00eau th\u01b0\u01a1ng v\u00e0 s\u1ef1 bi\u1ebft \u01a1n, m\u1ecdi k\u00fd \u1ee9c \u0111\u1ec1u s\u1ebd \u0111\u01b0\u1ee3c chuy\u1ec3n h\u00f3a tr\u1edf l\u1ea1i thu\u1ea7n khi\u1ebft. V\u00e0 ch\u1ec9 khi \u0111\u00f3, ch\u00fang ta m\u1edbi c\u00f3 th\u1ec3 nh\u1eadn \u0111\u01b0\u1ee3c v\u00f4 v\u00e0n nh\u1eefng th\u00f4ng \u0111i\u1ec7p s\u00e1ng t\u1ea1o c\u1ee7a T\u1ea1o H\u00f3a<\/em>&#8220;.<br \/>\n<em>\u00a0Ti\u1ebfn s\u0129 Ihaleakala Hew Len.\u00a0<\/em><\/p>\n<p>M\u00f3c kh\u00f3a cleaning h\u1ed7 tr\u1ee3 b\u1ea1n trong vi\u1ec7c th\u1ef1c h\u00e0nh Ho&#8217;oponopono h\u00e0ng ng\u00e0y.<br \/>\nNh\u1eefng k\u00fd \u1ee9c li\u00ean t\u1ee5c l\u1eb7p \u0111i l\u1eb7p l\u1ea1i trong ti\u1ec1m th\u1ee9c c\u1ee7a b\u1ea1n v\u1ec1 nh\u1eefng b\u1ed1i c\u1ea3nh v\u00e0 s\u1ef1 ki\u1ec7n qu\u00e1 kh\u1ee9 \u0111\u00e3 di\u1ec5n ra, ch\u00fang c\u1ea3n tr\u1edf b\u1ea1n c\u00f3 th\u1ec3 s\u1ed1ng m\u1ed9t cu\u1ed9c \u0111\u1eddi tr\u1ecdn v\u1eb9n m\u00e0 v\u1ed1n b\u1ea1n c\u00f3 c\u01a1 h\u1ed9i \u0111\u01b0\u1ee3c n\u1eafm l\u1ea5y. V\u00ec v\u1eady, m\u1ed9t ph\u1ea7n r\u1ea5t l\u1edbn c\u1ee7a l\u00fd do \u0111\u01b0\u1ee3c sinh ra trong th\u1ebf gi\u1edbi n\u00e0y v\u1edbi h\u1ea7u h\u1ebft ch\u00fang ta, \u0111\u00f3 ch\u00ednh l\u00e0 h\u1ecdc c\u00e1ch \u0111\u1ec3 t\u1ef1 gi\u1ea3i ph\u00f3ng d\u1ea7n nh\u1eefng k\u00fd \u1ee9c qu\u00e1 kh\u1ee9. Nh\u1eefng c\u00f4ng c\u1ee5 cleaning \u0111\u01b0\u1ee3c in tr\u00ean m\u00f3c kh\u00f3a &#8221; I love you&#8221;, &#8220;Thank you&#8221; s\u1ebd t\u1ef1 \u0111\u1ed9ng bao l\u1ea5y d\u00f2ng k\u00fd \u1ee9c \u0111ang l\u1eb7p l\u1ea1i trong t\u00ecnh th\u01b0\u01a1ng v\u00e0 s\u1ef1 bi\u1ebft \u01a1n, \u0111\u1ed3ng th\u1eddi h\u1ed7 tr\u1ee3 ch\u00fang tr\u1edf v\u1ec1 n\u01a1i ch\u00fang b\u1eaft \u0111\u1ea7u, tr\u1edf l\u1ea1i \u00e1nh s\u00e1ng.<\/p>\n<p>V\u1eadt li\u1ec7u ph\u1ea7n d\u00e2y treo: Silicon<br \/>\nV\u1eadt li\u1ec7u ph\u1ea7n m\u00f3c kh\u00f3a: Kim lo\u1ea1i<\/p>\n","protected":false},"excerpt":{"rendered":"<p>Kh\u00f4ng gi\u1ed1ng nh\u01b0 chi\u1ebfc v\u00f2ng cleaning ch\u1ec9 c\u00f3 th\u1ec3 \u0111eo \u1edf c\u1ed5 tay, chi\u1ebfc m\u00f3c kh\u00f3a n\u00e0y c\u00f3 th\u1ec3 g\u1eafn v\u00e0o nh\u1eefng v\u1eadt d\u1ee5ng d\u00f9ng h\u00e0ng ng\u00e0y v\u00ed d\u1ee5 nh\u01b0: ch\u1ed7 n\u00e0o \u0111\u1ea5y trong nh\u00e0, ho\u1eb7c trong c\u1eeda h\u00e0ng, ch\u00eca kh\u00f3a xe, gi\u1ecf x\u00e1ch v\u00e0 c\u1ea3 \u0111i\u1ec7n tho\u1ea1i c\u1ea7m tay. D\u00e2y \u0111eo c\u1ee7a m\u00f3c kh\u00f3a [&hellip;]<\/p>\n","protected":false},"featured_media":5062,"template":"","meta":{"_acf_changed":false,"om_disable_all_campaigns":false,"_monsterinsights_skip_tracking":false,"_monsterinsights_sitenote_active":false,"_monsterinsights_sitenote_note":"","_monsterinsights_sitenote_category":0},"product_brand":[],"product_cat":[86],"product_tag":[],"class_list":{"0":"post-660","1":"product","2":"type-product","3":"status-publish","4":"has-post-thumbnail","6":"product_cat-zerowise","8":"first","9":"instock","10":"shipping-taxable","11":"purchasable","12":"product-type-simple"},"acf":[],"aioseo_notices":[],"_links":{"self":[{"href":"https:\/\/hooponopono-asia.org\/vn\/wp-json\/wp\/v2\/product\/660","targetHints":{"allow":["GET"]}}],"collection":[{"href":"https:\/\/hooponopono-asia.org\/vn\/wp-json\/wp\/v2\/product"}],"about":[{"href":"https:\/\/hooponopono-asia.org\/vn\/wp-json\/wp\/v2\/types\/product"}],"wp:featuredmedia":[{"embeddable":true,"href":"https:\/\/hooponopono-asia.org\/vn\/wp-json\/wp\/v2\/media\/5062"}],"wp:attachment":[{"href":"https:\/\/hooponopono-asia.org\/vn\/wp-json\/wp\/v2\/media?parent=660"}],"wp:term":[{"taxonomy":"product_brand","embeddable":true,"href":"https:\/\/hooponopono-asia.org\/vn\/wp-json\/wp\/v2\/product_brand?post=660"},{"taxonomy":"product_cat","embeddable":true,"href":"https:\/\/hooponopono-asia.org\/vn\/wp-json\/wp\/v2\/product_cat?post=660"},{"taxonomy":"product_tag","embeddable":true,"href":"https:\/\/hooponopono-asia.org\/vn\/wp-json\/wp\/v2\/product_tag?post=660"}],"curies":[{"name":"wp","href":"https:\/\/api.w.org\/{rel}","templated":true}]}}