{"id":659,"date":"2022-08-23T23:05:49","date_gmt":"2022-08-23T14:05:49","guid":{"rendered":"http:\/\/serene.wpx.jp\/?post_type=product&#038;p=659"},"modified":"2025-04-16T15:50:15","modified_gmt":"2025-04-16T06:50:15","slug":"ceeport-card-white","status":"publish","type":"product","link":"https:\/\/hooponopono-asia.org\/vn\/product\/ceeport-card-white\/","title":{"rendered":"Th\u1ebb cleaning Ceeport( M\u00e0u Tr\u1eafng)"},"content":{"rendered":"<p>C\u00f4ng c\u1ee5 Ceeport h\u1ed7 tr\u1ee3 quy tr\u00ecnh cleaning.<\/p>\n<p>Ceeport gi\u00fap b\u1ea1n tr\u1edf l\u1ea1i ng\u00f4i nh\u00e0 th\u1ef1c s\u1ef1 m\u00e0 b\u1ea1n thu\u1ed9c v\u1ec1, ch\u00ednh l\u00e0 tr\u1ea1ng th\u00e1i t\u1ed3n t\u1ea1i qu\u00e2n b\u00ecnh thu\u1ea7n khi\u1ebft.<br \/>\nT\u1eeb tr\u1ea1ng th\u00e1i n\u00e0y, th\u00f4ng \u0111i\u1ec7p s\u00e1ng t\u1ea1o v\u00e0 nh\u1eefng m\u1ed1i quan h\u1ec7 tr\u1ecdn v\u1eb9n b\u1eaft \u0111\u1ea7u tu\u00f4n ch\u1ea3y m\u1ed9t c\u00e1ch t\u1ef1 nhi\u00ean.<br \/>\n<strong>Ti\u1ebfn s\u0129 Ihaleakala Hew Len<\/strong><\/p>\n<p>C\u00f4ng c\u1ee5 Ceeport v\u1edbi hai m\u00e0u ch\u1ee7 \u0111\u1ea1o tr\u1eafng \u00e1nh s\u1eafc v\u00e0ng c\u00f3 \u00fd ngh\u0129a l\u00e0 &#8220;S\u1ef1 tr\u00f9 ph\u00fa&#8221;<br \/>\nQu\u00e0 t\u1eb7ng qu\u00fd gi\u00e1 n\u00e0y \u0111\u01b0\u1ee3c trao t\u1eb7ng b\u1edfi Tr\u00ed tu\u1ec7 V\u0169 tr\u1ee5. M\u00f3n qu\u00e0 v\u1ed1n lu\u00f4n hi\u1ec7n h\u1eefu trong s\u1ef1 s\u1ed1ng. \u0110\u00f3 l\u00e0 k\u1ebft qu\u1ea3 \u0111\u1ebfn t\u1eeb m\u1ed9t \u0111\u1eddi s\u1ed1ng th\u1eadt s\u1ef1 h\u00e0i h\u00f2a, v\u01b0\u1ee3t kh\u1ecfi m\u1ecdi n\u1ed7i s\u1ee3 h\u00e3i, s\u1ef1 c\u0103m gh\u00e9t, ph\u00e1t x\u00e9t, t\u1ed9i l\u1ed7i v\u00e0 o\u00e1n h\u1eadn.<br \/>\nM\u00e0u s\u1eafc tr\u1eafng v\u00e0 v\u00e0ng l\u00e0m s\u1ea1ch t\u00e2m h\u1ed3n kh\u1ecfi m\u1ecdi k\u00fd \u1ee9c v\u1ec1 nh\u1eefng l\u1ed7i l\u1ea7m, v\u1ea5n \u0111\u1ec1 v\u00e0 nh\u1eefng s\u1ef1 kh\u00e1ng c\u1ef1 m\u00e0 n\u00f3 \u0111\u00e3 t\u1eebng ph\u1ea3i mang theo trong qu\u00e1 kh\u1ee9, \u0111\u1ed3ng th\u1eddi bi\u1ec3u th\u1ecb cho tr\u1ea1ng th\u00e1i nguy\u00ean th\u1ee7y thu\u1ea7n t\u1ecbnh c\u1ee7a m\u1ed9t c\u00e1 nh\u00e2n.<\/p>\n<p>B\u1eb1ng vi\u1ec7c \u0111\u1eb7t th\u1ebb c\u00f4ng c\u1ee5 n\u00e0y gi\u1eefa nh\u1eefng quy\u1ec3n s\u00e1ch hay gi\u1eefa nh\u1eefng quy\u1ec3n s\u1ed5 ghi ch\u00fa, b\u1ea1n s\u1ebd lu\u00f4n nh\u1eadn \u0111\u01b0\u1ee3c th\u00f4ng tin m\u00e0 b\u1ea1n c\u1ea7n.<br \/>\nKhi b\u1ea1n \u0111\u1eb7t n\u00f3 v\u00e0o trong v\u00ed ti\u1ec1n c\u1ee7a m\u00ecnh, n\u00f3 s\u1ebd t\u1ef1 \u0111\u1ed9ng l\u00e0m s\u1ea1ch d\u00f2ng k\u00fd \u1ee9c kh\u1ed5ng l\u1ed3 l\u01b0u tr\u1eef trong ti\u1ec1m th\u1ee9c c\u1ee7a nh\u1eefng h\u00f3a \u0111\u01a1n v\u00e0 s\u1ed1 ti\u1ec1n trong v\u00ed, v\u00e0 nh\u01b0 th\u1ebf b\u1ea1n c\u00f3 th\u1ec3 gi\u00fap cho ti\u1ec1n b\u1ea1c c\u1ee7a m\u00ecnh ch\u00fang th\u1eadt s\u1ef1 c\u1ea3m th\u1ea5y \u0111\u01b0\u1ee3c t\u00f4n tr\u1ecdng c\u0169ng nh\u01b0 qu\u00e2n b\u00ecnh, v\u00e0 r\u1ed3i d\u1ea7n d\u1ea7n b\u1ea1n kh\u00f4ng c\u00f2n c\u00f3 c\u1ea3m gi\u00e1c c\u1ee7a vi\u1ec7c ph\u1ea3i chi ti\u00eau trong t\u00e2m tr\u1ea1ng lo \u00e2u s\u1ee3 h\u00e3i n\u1eefa.<\/p>\n<p>K\u00edch th\u01b0\u1edbc : 53mm x 85mm( t\u01b0\u01a1ng t\u1ef1 nh\u01b0 t\u1ea5m danh thi\u1ebfp).<br \/>\nV\u1eadt li\u1ec7u: Nh\u1ef1a<br \/>\nM\u00e0u s\u1eafc n\u1ec1n th\u1ebb: M\u00e0u tr\u1eafng<\/p>\n","protected":false},"excerpt":{"rendered":"<p>C\u00f4ng c\u1ee5 Ceeport h\u1ed7 tr\u1ee3 quy tr\u00ecnh cleaning. Ceeport gi\u00fap b\u1ea1n tr\u1edf l\u1ea1i ng\u00f4i nh\u00e0 th\u1ef1c s\u1ef1 m\u00e0 b\u1ea1n thu\u1ed9c v\u1ec1, ch\u00ednh l\u00e0 tr\u1ea1ng th\u00e1i t\u1ed3n t\u1ea1i qu\u00e2n b\u00ecnh thu\u1ea7n khi\u1ebft. T\u1eeb tr\u1ea1ng th\u00e1i n\u00e0y, th\u00f4ng \u0111i\u1ec7p s\u00e1ng t\u1ea1o v\u00e0 nh\u1eefng m\u1ed1i quan h\u1ec7 tr\u1ecdn v\u1eb9n b\u1eaft \u0111\u1ea7u tu\u00f4n ch\u1ea3y m\u1ed9t c\u00e1ch t\u1ef1 nhi\u00ean. Ti\u1ebfn [&hellip;]<\/p>\n","protected":false},"featured_media":5076,"template":"","meta":{"_acf_changed":false,"om_disable_all_campaigns":false,"_monsterinsights_skip_tracking":false,"_monsterinsights_sitenote_active":false,"_monsterinsights_sitenote_note":"","_monsterinsights_sitenote_category":0},"product_brand":[],"product_cat":[84],"product_tag":[],"class_list":{"0":"post-659","1":"product","2":"type-product","3":"status-publish","4":"has-post-thumbnail","6":"product_cat-ceeport","8":"first","9":"instock","10":"shipping-taxable","11":"purchasable","12":"product-type-simple"},"acf":[],"aioseo_notices":[],"_links":{"self":[{"href":"https:\/\/hooponopono-asia.org\/vn\/wp-json\/wp\/v2\/product\/659","targetHints":{"allow":["GET"]}}],"collection":[{"href":"https:\/\/hooponopono-asia.org\/vn\/wp-json\/wp\/v2\/product"}],"about":[{"href":"https:\/\/hooponopono-asia.org\/vn\/wp-json\/wp\/v2\/types\/product"}],"wp:featuredmedia":[{"embeddable":true,"href":"https:\/\/hooponopono-asia.org\/vn\/wp-json\/wp\/v2\/media\/5076"}],"wp:attachment":[{"href":"https:\/\/hooponopono-asia.org\/vn\/wp-json\/wp\/v2\/media?parent=659"}],"wp:term":[{"taxonomy":"product_brand","embeddable":true,"href":"https:\/\/hooponopono-asia.org\/vn\/wp-json\/wp\/v2\/product_brand?post=659"},{"taxonomy":"product_cat","embeddable":true,"href":"https:\/\/hooponopono-asia.org\/vn\/wp-json\/wp\/v2\/product_cat?post=659"},{"taxonomy":"product_tag","embeddable":true,"href":"https:\/\/hooponopono-asia.org\/vn\/wp-json\/wp\/v2\/product_tag?post=659"}],"curies":[{"name":"wp","href":"https:\/\/api.w.org\/{rel}","templated":true}]}}