{"id":658,"date":"2022-08-23T23:05:49","date_gmt":"2022-08-23T14:05:49","guid":{"rendered":"http:\/\/serene.wpx.jp\/?post_type=product&#038;p=658"},"modified":"2025-04-16T15:50:30","modified_gmt":"2025-04-16T06:50:30","slug":"moss","status":"publish","type":"product","link":"https:\/\/hooponopono-asia.org\/vn\/product\/moss\/","title":{"rendered":"Th\u1ebb cleaning Moss (B\u1ea3n quy\u1ec1n thu\u1ed9c KR)"},"content":{"rendered":"<p>&#8220;Moss&#8221; &#8211; &#8220;Th\u1ea3m r\u00eau&#8221; \u0111\u1ea1i di\u1ec7n cho\u00a0 S\u1ef1 t\u0103ng tr\u01b0\u1edfng v\u00e0 Ph\u00e1t tri\u1ec3n (n\u0103ng l\u01b0\u1ee3ng, d\u01b0\u1ee1ng ch\u1ea5t, b\u1ed1i c\u1ea3nh).<\/p>\n<p>&#8220;Moss&#8221; &#8211; &#8220;Th\u1ea3m r\u00eau&#8221;. T\u1ea5m \u1ea3nh n\u00e0y \u0111\u01b0\u1ee3c ch\u1ee5p t\u1ea1i r\u1eb7ng HO&#8217;OMAU RANCH n\u01a1i nh\u1eefng c\u00e2y c\u1ed5 th\u1ee5 l\u00e2u \u0111\u1eddi Ohia \u0111ang v\u01b0\u01a1n m\u00ecnh l\u00ean cao ch\u1ecdc tr\u1eddi. Nh\u1eefng c\u00e2y n\u00e0y \u0111\u00e3 t\u1ed3n t\u1ea1i h\u00e0ng v\u00e0i tr\u0103m n\u0103m v\u00e0 ch\u1ee9ng ki\u1ebfn bi\u1ebft bao nhi\u00eau s\u1ef1 \u0111\u1ed5i thay c\u1ee7a Hawaii. Trong l\u00fac t\u00f4i th\u1ef1c h\u00e0nh cleaning t\u1ea1i khu v\u1ef1c \u0111\u00f3, t\u00f4i \u0111\u00e3 nh\u00ecn xu\u1ed1ng t\u1ea5m th\u1ea3m r\u00eau v\u00e0 b\u1ea5m m\u00e1y ch\u1ee5p h\u00ecnh. Ch\u00fang c\u0169ng l\u00e0 bi\u1ec3u t\u01b0\u1ee3ng c\u1ee7a m\u1ed9t ki\u1ec3u &#8220;c\u00e2y cao&#8221; \u0111ang v\u01b0\u01a1n l\u00ean b\u1ea7u tr\u1eddi v\u00e0 c\u0169ng \u0111\u00e3 \u1edf \u0111\u00e2y r\u1ea5t l\u00e2u r\u1ed3i. C\u00e1c lo\u00e0i r\u00eau c\u0169ng c\u00f3 th\u1ebf gi\u1edbi ri\u00eang c\u1ee7a ch\u00fang trong h\u1ec7 sinh th\u00e1i c\u1ee7a c\u00e1c lo\u00e0i th\u1ef1c v\u1eadt nh\u1ecf b\u00e9, v\u00e0 c\u0169ng th\u1eadt s\u1ef1 r\u1ea5t c\u1ed5 k\u00ednh. Kh\u1ea3 n\u0103ng cleaning kh\u00f4ng gian, th\u1eddi gian c\u0169ng nh\u01b0 c\u1ea5u tr\u00fac c\u1ee7a s\u1ef1 s\u1ed1ng m\u1ed9t c\u00e1ch ng\u1ea1c nhi\u00ean \u0111\u01b0\u1ee3c m\u1edf ra v\u1edbi &#8220;Moss&#8221; &#8211; &#8220;Th\u1ea3m r\u00eau&#8221;.<\/p>\n<p><strong>Th\u00f4ng \u0111i\u1ec7p t\u1eeb KR<\/strong><\/p>\n<p>C\u00f3 m\u1ed9t th\u00f4ng \u0111i\u1ec7p lu\u00f4n xu\u1ea5t hi\u1ec7n v\u1edbi t\u00f4i m\u1ed7i l\u1ea7n t\u00f4i thi\u1ec1n \u0111\u1ecbnh sau khi chuy\u1ec3n \u0111\u1ebfn v\u00f9ng \u0111\u1ea5t \u1edf \u0110\u1ea3o L\u1edbn.<\/p>\n<p>\u0110\u00f3 l\u00e0 &#8220;H\u00e3y d\u00f9ng c\u00f4ng c\u1ee5 cleaning &#8220;Ice Blue&#8221; \u0111\u1ec3 gi\u00fap chi\u1ebfc m\u00e1y ch\u1ee5p h\u00ecnh tr\u1edf l\u1ea1i tr\u1ea1ng th\u00e1i qu\u00e2n b\u00ecnh c\u1ee7a n\u00f3&#8221;.<\/p>\n<p>V\u00e0 t\u00f4i \u0111\u00e3 th\u1ef1c hi\u1ec7n \u0111\u00fang nh\u01b0 l\u1eddi g\u1ee3i \u00fd \u0111\u00f3 \u0111\u1ed1i v\u1edbi chi\u1ebfc camera m\u00e0 t\u00f4i \u0111\u01b0\u1ee3c th\u1eeba h\u01b0\u1edfng l\u1ea1i t\u1eeb ch\u00e1u ngo\u1ea1i m\u00ecnh, v\u00e0 n\u00f3 c\u0169ng l\u00e0 chi\u1ebfc m\u00e1y ch\u1ee5p h\u00ecnh duy nh\u1ea5t m\u00e0 t\u00f4i c\u00f3. M\u1ed9t ng\u00e0y kia, t\u00f4i \u0111\u00e3 s\u1eed d\u1ee5ng m\u00e1y ch\u1ee5p h\u00ecnh \u0111\u1ec3 t\u1ef1 ch\u1ee5p m\u1ed9t t\u1ea5m h\u00ecnh v\u1ec1 m\u1ea3nh \u0111\u1ea5t c\u1ee7a m\u00ecnh m\u1ed9t c\u00e1ch ng\u1eabu h\u1ee9ng, ngay l\u1eadp t\u1ee9c t\u00f4i quay v\u00e0o trong r\u1eebng.<\/p>\n<p>L\u00fac \u0111\u00f3 t\u00f4i kh\u00f4ng \u0111eo k\u00ednh, n\u00ean \u0111\u00e3 kh\u00f4ng bi\u1ebft nh\u1eefng g\u00ec m\u00ecnh nh\u00ecn th\u1ea5y. Nh\u01b0ng t\u00f4i \u0111\u00e3 th\u1eadt s\u1ef1 t\u1eadn h\u01b0\u1edfng vi\u1ec7c quan s\u00e1t chi\u1ebfc m\u00e1y ch\u1ee5p h\u00ecnh c\u00f9ng m\u1ea3nh \u0111\u1ea5t \u0111ang di chuy\u1ec3n nh\u01b0 khi\u00eau v\u0169 v\u1edbi nhau. Trong chuy\u1ebfn \u0111i ch\u1ee5p h\u00ecnh n\u00e0y, nh\u1eefng t\u1ea5m h\u00ecnh ch\u1ee5p \u0111\u01b0\u1ee3c \u0111\u1ec1u xu\u1ea5t hi\u1ec7n tr\u00ean nh\u1eefng t\u1ea5m th\u1ebb cleaning. M\u1ed7i t\u1ea5m th\u1ebb \u0111\u1ec1u mang trong m\u00ecnh m\u1ed9t th\u00f4ng \u0111i\u1ec7p kh\u00e1c nhau.<\/p>\n<p>B\u1ea5t c\u1ee9 khi n\u00e0o t\u00f4i nh\u00ecn th\u1ea5y th\u1ea3m r\u00eau, t\u00f4i \u0111\u1ec1u nh\u1edb v\u1ec1 l\u1ea7n gh\u00e9 th\u0103m m\u1ed9t ng\u00f4i \u0111\u1ec1n t\u1ea1i Nh\u1eadt B\u1ea3n, \u1edf \u0111\u00f3 v\u1ecb tr\u1ee5 tr\u00ec \u0111\u00e3 k\u1ec3 cho t\u00f4i nghe v\u1ec1 c\u00e2u chuy\u1ec7n nh\u1eefng th\u1ea3m r\u00eau ph\u1ea3i tr\u1ea3i qua bao l\u00e2u \u0111\u1ec3 h\u00ecnh th\u00e0nh.<\/p>\n<p>T\u1ea5m th\u1ebb c\u00f4ng c\u1ee5 cleaning &#8220;Moss&#8221; n\u00e0y mang \u00fd ngh\u0129a nh\u01b0 l\u00e0 m\u1ed9t ch\u1ee9ng nh\u00e2n cho nh\u1eefng s\u1ef1 thay \u0111\u1ed5i c\u1ee7a t\u1ea5t c\u1ea3 v\u1ea1n v\u1eadt trong v\u0169 tr\u1ee5, c\u0169ng nh\u01b0 c\u1ee7a v\u00f2ng tr\u00f2n s\u1ef1 s\u1ed1ng.<\/p>\n<p>L\u1ecbch s\u1eed c\u1ee7a t\u1ea5t c\u1ea3 m\u1ecdi s\u1ef1 t\u1ed3n t\u1ea1i \u0111\u1ec1u \u0111\u01b0\u1ee3c ghi d\u1ea5u b\u00ean trong t\u00e2m kh\u1ea3m m\u1ed7i ch\u00fang ta, \u0111i c\u00f9ng v\u1edbi nh\u1eefng s\u1ef1 th\u1eadt m\u00e0 ch\u00fang ta \u0111\u01b0\u1ee3c ch\u1ee9ng ki\u1ebfn. Vi\u1ec7c d\u00f9ng c\u00f4ng c\u1ee5 cleaning n\u00e0y \u1edf \u0111\u00e2y nh\u01b0 l\u1eddi nh\u1eafc nh\u1edf ch\u00fang ta trong m\u1ecdi th\u1eddi \u0111i\u1ec3m r\u1eb1ng ch\u1ec9 c\u00f3 m\u1ed9t \u0111\u1eddi s\u1ed1ng thu\u1ea7n khi\u1ebft th\u1eadt s\u1ef1, nh\u1eb9 nh\u00e0ng gi\u1ea3i ph\u00f3ng \u0111i t\u1ea5t c\u1ea3 nh\u1eefng th\u1ee9 kh\u00e1c, \u0111\u1ed3ng th\u1eddi cho ph\u00e9p b\u1ea3n th\u1ec3 th\u1eadt s\u1ef1 c\u1ee7a b\u1ea1n \u0111\u01b0\u1ee3c nu\u00f4i d\u01b0\u1ee1ng v\u00e0 ph\u00e1t tri\u1ec3n xa h\u01a1n.<\/p>\n<p>V\u1eadt li\u1ec7u l\u00e0m th\u1ebb: Nh\u1ef1a<br \/>\nK\u00edch th\u01b0\u1edbc: 54 x 85.6, B\u1ec1 d\u00e0y 0.76 mm<\/p>\n","protected":false},"excerpt":{"rendered":"<p>&#8220;Moss&#8221; &#8211; &#8220;Th\u1ea3m r\u00eau&#8221; \u0111\u1ea1i di\u1ec7n cho\u00a0 S\u1ef1 t\u0103ng tr\u01b0\u1edfng v\u00e0 Ph\u00e1t tri\u1ec3n (n\u0103ng l\u01b0\u1ee3ng, d\u01b0\u1ee1ng ch\u1ea5t, b\u1ed1i c\u1ea3nh). &#8220;Moss&#8221; &#8211; &#8220;Th\u1ea3m r\u00eau&#8221;. T\u1ea5m \u1ea3nh n\u00e0y \u0111\u01b0\u1ee3c ch\u1ee5p t\u1ea1i r\u1eb7ng HO&#8217;OMAU RANCH n\u01a1i nh\u1eefng c\u00e2y c\u1ed5 th\u1ee5 l\u00e2u \u0111\u1eddi Ohia \u0111ang v\u01b0\u01a1n m\u00ecnh l\u00ean cao ch\u1ecdc tr\u1eddi. Nh\u1eefng c\u00e2y n\u00e0y \u0111\u00e3 t\u1ed3n t\u1ea1i h\u00e0ng v\u00e0i [&hellip;]<\/p>\n","protected":false},"featured_media":5112,"template":"","meta":{"_acf_changed":false,"om_disable_all_campaigns":false,"_monsterinsights_skip_tracking":false,"_monsterinsights_sitenote_active":false,"_monsterinsights_sitenote_note":"","_monsterinsights_sitenote_category":0},"product_brand":[],"product_cat":[83],"product_tag":[],"class_list":{"0":"post-658","1":"product","2":"type-product","3":"status-publish","4":"has-post-thumbnail","6":"product_cat-krgoods","8":"first","9":"instock","10":"shipping-taxable","11":"purchasable","12":"product-type-simple"},"acf":[],"aioseo_notices":[],"_links":{"self":[{"href":"https:\/\/hooponopono-asia.org\/vn\/wp-json\/wp\/v2\/product\/658","targetHints":{"allow":["GET"]}}],"collection":[{"href":"https:\/\/hooponopono-asia.org\/vn\/wp-json\/wp\/v2\/product"}],"about":[{"href":"https:\/\/hooponopono-asia.org\/vn\/wp-json\/wp\/v2\/types\/product"}],"wp:featuredmedia":[{"embeddable":true,"href":"https:\/\/hooponopono-asia.org\/vn\/wp-json\/wp\/v2\/media\/5112"}],"wp:attachment":[{"href":"https:\/\/hooponopono-asia.org\/vn\/wp-json\/wp\/v2\/media?parent=658"}],"wp:term":[{"taxonomy":"product_brand","embeddable":true,"href":"https:\/\/hooponopono-asia.org\/vn\/wp-json\/wp\/v2\/product_brand?post=658"},{"taxonomy":"product_cat","embeddable":true,"href":"https:\/\/hooponopono-asia.org\/vn\/wp-json\/wp\/v2\/product_cat?post=658"},{"taxonomy":"product_tag","embeddable":true,"href":"https:\/\/hooponopono-asia.org\/vn\/wp-json\/wp\/v2\/product_tag?post=658"}],"curies":[{"name":"wp","href":"https:\/\/api.w.org\/{rel}","templated":true}]}}