{"id":657,"date":"2022-08-23T23:05:49","date_gmt":"2022-08-23T14:05:49","guid":{"rendered":"http:\/\/serene.wpx.jp\/?post_type=product&#038;p=657"},"modified":"2025-04-16T15:50:41","modified_gmt":"2025-04-16T06:50:41","slug":"hapu-forest","status":"publish","type":"product","link":"https:\/\/hooponopono-asia.org\/vn\/product\/hapu-forest\/","title":{"rendered":"Th\u1ebb cleaning Hapu Forest (B\u1ea3n quy\u1ec1n thu\u1ed9c KR)"},"content":{"rendered":"<p>&#8220;Hapu Forest&#8221; &#8211; &#8220;Khu r\u1eebng Hapu&#8221; \u0111\u1ea1i di\u1ec7n cho N\u0103ng l\u01b0\u1ee3ng S\u1ef1 s\u1ed1ng.<\/p>\n<p>Th\u1ebb c\u00f4ng c\u1ee5 n\u00e0y h\u1ed7 tr\u1ee3 b\u1ea1n trong vi\u1ec7c trao g\u1eedi v\u00e0 nh\u1eadn l\u1ea1i t\u00ecnh th\u01b0\u01a1ng, \u0111\u1ed3ng th\u1eddi gi\u1ea3i ph\u00f3ng t\u1ea5t c\u1ea3 nh\u1eefng v\u01b0\u1edbng m\u1eafc v\u1ed1n c\u1ea7n \u0111\u01b0\u1ee3c g\u1ee1 b\u1ecf m\u1ed9t c\u00e1ch t\u1ef1 nhi\u00ean.<br \/>\nCu\u1ed9c s\u1ed1ng l\u00e0 m\u1ed9t chuy\u1ebfn h\u00e0nh tr\u00ecnh, b\u1ea1n c\u00f3 th\u1ec3 di chuy\u1ec3n v\u1ec1 ph\u00eda tr\u01b0\u1edbc trong chuy\u1ebfn \u0111i n\u00e0y b\u1eb1ng vi\u1ec7c th\u1ef1c h\u00e0nh cleaning.<\/p>\n<p><strong>Th\u00f4ng \u0111i\u1ec7p t\u1eeb KR<\/strong><\/p>\n<p>C\u00f3 m\u1ed9t th\u00f4ng \u0111i\u1ec7p lu\u00f4n xu\u1ea5t hi\u1ec7n v\u1edbi t\u00f4i m\u1ed7i l\u1ea7n t\u00f4i thi\u1ec1n \u0111\u1ecbnh sau khi chuy\u1ec3n \u0111\u1ebfn v\u00f9ng \u0111\u1ea5t \u1edf \u0110\u1ea3o L\u1edbn.<\/p>\n<p>\u0110\u00f3 l\u00e0 &#8220;H\u00e3y d\u00f9ng c\u00f4ng c\u1ee5 cleaning &#8220;Ice Blue&#8221; \u0111\u1ec3 gi\u00fap chi\u1ebfc m\u00e1y ch\u1ee5p h\u00ecnh tr\u1edf l\u1ea1i tr\u1ea1ng th\u00e1i qu\u00e2n b\u00ecnh c\u1ee7a n\u00f3&#8221;.<\/p>\n<p>V\u00e0 t\u00f4i \u0111\u00e3 th\u1ef1c hi\u1ec7n \u0111\u00fang nh\u01b0 l\u1eddi g\u1ee3i \u00fd \u0111\u00f3 \u0111\u1ed1i v\u1edbi chi\u1ebfc camera m\u00e0 t\u00f4i \u0111\u01b0\u1ee3c th\u1eeba h\u01b0\u1edfng l\u1ea1i t\u1eeb ch\u00e1u ngo\u1ea1i m\u00ecnh, v\u00e0 n\u00f3 c\u0169ng l\u00e0 chi\u1ebfc m\u00e1y ch\u1ee5p h\u00ecnh duy nh\u1ea5t m\u00e0 t\u00f4i c\u00f3. M\u1ed9t ng\u00e0y kia, t\u00f4i \u0111\u00e3 s\u1eed d\u1ee5ng m\u00e1y ch\u1ee5p h\u00ecnh \u0111\u1ec3 t\u1ef1 ch\u1ee5p m\u1ed9t t\u1ea5m h\u00ecnh v\u1ec1 m\u1ea3nh \u0111\u1ea5t c\u1ee7a m\u00ecnh m\u1ed9t c\u00e1ch ng\u1eabu h\u1ee9ng, ngay l\u1eadp t\u1ee9c t\u00f4i quay v\u00e0o trong r\u1eebng.<\/p>\n<p>L\u00fac \u0111\u00f3 t\u00f4i kh\u00f4ng \u0111eo k\u00ednh, n\u00ean \u0111\u00e3 kh\u00f4ng bi\u1ebft nh\u1eefng g\u00ec m\u00ecnh nh\u00ecn th\u1ea5y. Nh\u01b0ng t\u00f4i \u0111\u00e3 th\u1eadt s\u1ef1 t\u1eadn h\u01b0\u1edfng vi\u1ec7c quan s\u00e1t chi\u1ebfc m\u00e1y ch\u1ee5p h\u00ecnh c\u00f9ng m\u1ea3nh \u0111\u1ea5t \u0111ang di chuy\u1ec3n nh\u01b0 khi\u00eau v\u0169 v\u1edbi nhau. Trong chuy\u1ebfn \u0111i ch\u1ee5p h\u00ecnh n\u00e0y, nh\u1eefng t\u1ea5m h\u00ecnh ch\u1ee5p \u0111\u01b0\u1ee3c \u0111\u1ec1u xu\u1ea5t hi\u1ec7n tr\u00ean nh\u1eefng t\u1ea5m th\u1ebb cleaning. M\u1ed7i t\u1ea5m th\u1ebb \u0111\u1ec1u mang trong m\u00ecnh m\u1ed9t th\u00f4ng \u0111i\u1ec7p kh\u00e1c nhau.<\/p>\n<p>Khu r\u1eebng Hapu n\u00e0y v\u1ed1n l\u00e0 m\u1ed9t v\u00f9ng \u0111\u1ea5t \u0111\u00e3 t\u1eebng m\u1ed9t th\u1eddi tr\u1ea3i qua kh\u00f4 h\u1ea1n. Nh\u1eefng m\u1ea7m c\u00e2y m\u1edbi kh\u00f4ng c\u00f2n m\u1ecdc l\u00ean v\u00e0 khu r\u1eebng ho\u00e0n to\u00e0n kh\u00f4 c\u1eb1n. M\u1ed7i l\u1ea7n t\u00f4i \u0111i ngang qua \u0111\u00e2y, t\u00f4i \u0111\u1ec1u li\u00ean t\u1ee5c th\u1ef1c h\u00e0nh cleaning v\u1edbi n\u00f3.<br \/>\nR\u1ea5t nhi\u1ec1u l\u1ea7n, t\u00f4i \u0111\u00e3 b\u1eadt kh\u00f3c nh\u01b0 th\u1ec3 t\u00f4i c\u1ea3m nh\u1eadn \u0111\u01b0\u1ee3c n\u1ed7i s\u1ee3 h\u00e3i v\u1ec1 vi\u1ec7c khu r\u1eebng \u0111ang ch\u1ebft \u0111i, nh\u01b0ng r\u1ed3i t\u00f4i l\u1ea1i ti\u1ebfp t\u1ee5c vi\u1ec7c th\u1ef1c h\u00e0nh cleaning v\u1edbi tr\u1ea3i nghi\u1ec7m \u0111\u00f3.<br \/>\nT\u00f4i ch\u00fa t\u00e2m \u0111\u1ebfn vi\u1ec7c gi\u1ea3i ph\u00f3ng ho\u00e0n to\u00e0n n\u1ed7i s\u1ee3 h\u00e3i c\u1ee7a ch\u00ednh m\u00ecnh, nh\u1edb v\u1ec1 t\u00ecnh y\u00eau th\u01b0\u01a1ng thu\u1ea7n khi\u1ebft v\u00e0 \u0111\u1ec1 ngh\u1ecb t\u1ea5t c\u1ea3 m\u1ecdi sinh v\u1eadt c\u00f3 m\u1eb7t trong khu r\u1eebng n\u00e0y c\u00f9ng tham gia th\u1ef1c h\u00e0nh cleaning v\u1edbi t\u00f4i.<br \/>\nM\u1ed7i m\u1ed9t sinh lo\u00e0i trong s\u1ed1 ch\u00fang c\u1ea7n ph\u1ea3i l\u1ea5y l\u1ea1i \u0111\u01b0\u1ee3c danh t\u00ednh b\u1ea3n th\u1ec3 th\u1eadt s\u1ef1 c\u1ee7a ch\u00fang. V\u00e0 t\u1ea5t c\u1ea3 b\u1ecdn ch\u00fang \u0111\u1ec1u bi\u1ebft \u0111i\u1ec1u c\u1ea7n ph\u1ea3i th\u1ef1c hi\u1ec7n. V\u00e0o m\u1ed9t ng\u00e0y n\u1ecd, &#8220;S\u1ef1 H\u1ed3i Sinh&#8221; \u0111\u00e3 b\u1eaft \u0111\u1ea7u. Nh\u01b0 nh\u1eefng g\u00ec b\u1ea1n \u0111\u00e3 nh\u00ecn th\u1ea5y trong t\u1ea5m h\u00ecnh.<\/p>\n<p>V\u1eadt li\u1ec7u l\u00e0m th\u1ebb: Nh\u1ef1a<br \/>\nK\u00edch th\u01b0\u1edbc: 54 x 85.6, B\u1ec1 d\u00e0y 0.76 mm<\/p>\n","protected":false},"excerpt":{"rendered":"<p>&#8220;Hapu Forest&#8221; &#8211; &#8220;Khu r\u1eebng Hapu&#8221; \u0111\u1ea1i di\u1ec7n cho N\u0103ng l\u01b0\u1ee3ng S\u1ef1 s\u1ed1ng. Th\u1ebb c\u00f4ng c\u1ee5 n\u00e0y h\u1ed7 tr\u1ee3 b\u1ea1n trong vi\u1ec7c trao g\u1eedi v\u00e0 nh\u1eadn l\u1ea1i t\u00ecnh th\u01b0\u01a1ng, \u0111\u1ed3ng th\u1eddi gi\u1ea3i ph\u00f3ng t\u1ea5t c\u1ea3 nh\u1eefng v\u01b0\u1edbng m\u1eafc v\u1ed1n c\u1ea7n \u0111\u01b0\u1ee3c g\u1ee1 b\u1ecf m\u1ed9t c\u00e1ch t\u1ef1 nhi\u00ean. Cu\u1ed9c s\u1ed1ng l\u00e0 m\u1ed9t chuy\u1ebfn h\u00e0nh tr\u00ecnh, b\u1ea1n [&hellip;]<\/p>\n","protected":false},"featured_media":5110,"template":"","meta":{"_acf_changed":false,"om_disable_all_campaigns":false,"_monsterinsights_skip_tracking":false,"_monsterinsights_sitenote_active":false,"_monsterinsights_sitenote_note":"","_monsterinsights_sitenote_category":0},"product_brand":[],"product_cat":[83],"product_tag":[],"class_list":{"0":"post-657","1":"product","2":"type-product","3":"status-publish","4":"has-post-thumbnail","6":"product_cat-krgoods","8":"first","9":"instock","10":"shipping-taxable","11":"purchasable","12":"product-type-simple"},"acf":[],"aioseo_notices":[],"_links":{"self":[{"href":"https:\/\/hooponopono-asia.org\/vn\/wp-json\/wp\/v2\/product\/657","targetHints":{"allow":["GET"]}}],"collection":[{"href":"https:\/\/hooponopono-asia.org\/vn\/wp-json\/wp\/v2\/product"}],"about":[{"href":"https:\/\/hooponopono-asia.org\/vn\/wp-json\/wp\/v2\/types\/product"}],"wp:featuredmedia":[{"embeddable":true,"href":"https:\/\/hooponopono-asia.org\/vn\/wp-json\/wp\/v2\/media\/5110"}],"wp:attachment":[{"href":"https:\/\/hooponopono-asia.org\/vn\/wp-json\/wp\/v2\/media?parent=657"}],"wp:term":[{"taxonomy":"product_brand","embeddable":true,"href":"https:\/\/hooponopono-asia.org\/vn\/wp-json\/wp\/v2\/product_brand?post=657"},{"taxonomy":"product_cat","embeddable":true,"href":"https:\/\/hooponopono-asia.org\/vn\/wp-json\/wp\/v2\/product_cat?post=657"},{"taxonomy":"product_tag","embeddable":true,"href":"https:\/\/hooponopono-asia.org\/vn\/wp-json\/wp\/v2\/product_tag?post=657"}],"curies":[{"name":"wp","href":"https:\/\/api.w.org\/{rel}","templated":true}]}}