{"id":5057,"date":"2022-12-20T07:28:32","date_gmt":"2022-12-19T22:28:32","guid":{"rendered":"https:\/\/serene.wpx.jp\/?post_type=product&#038;p=5057"},"modified":"2025-11-22T22:27:27","modified_gmt":"2025-11-22T15:27:27","slug":"embracer-indigo-l","status":"publish","type":"product","link":"https:\/\/hooponopono-asia.org\/vn\/product\/embracer-indigo-l\/","title":{"rendered":"V\u00f2ng \u0111eo tay cleaning ( M\u00e0u INDIGO &#8211; K\u00edch c\u1ee1 L)"},"content":{"rendered":"<p>V\u00f2ng \u0111eo tay v\u1edbi hai c\u00f4ng c\u1ee5 cleaning &#8220;I love you&#8221; v\u00e0 &#8220;Thank you&#8221; \u0111\u01b0\u1ee3c in v\u00f2ng quanh d\u01b0\u1edbi d\u1ea1ng ch\u1eef vi\u1ebft tay, s\u1eed d\u1ee5ng nh\u01b0 m\u1ed9t c\u00f4ng c\u1ee5 h\u1ed7 tr\u1ee3 gi\u1ea3i ph\u00f3ng k\u00fd \u1ee9c trong ti\u1ec1m th\u1ee9c, v\u00e0 ng\u01b0\u1eddi \u0111eo lu\u00f4n \u0111\u01b0\u1ee3c s\u1ef1 b\u1ea3o v\u1ec7 v\u00e0 chuy\u1ec3n h\u00f3a t\u1eeb Tr\u00ed tu\u1ec7 v\u0169 tr\u1ee5.<\/p>\n<p>L\u00e0 c\u00f4ng c\u1ee5 cleaning cho ph\u00e9p nh\u1eefng k\u00fd \u1ee9c li\u00ean quan \u0111\u1ebfn nh\u1eefng n\u1ed7i \u0111au v\u00e0 tr\u1ea3i nghi\u1ec7m m\u1ea5t qu\u00e2n b\u00ecnh m\u00e0 ti\u1ec1m th\u1ee9c Unihipili \u0111\u00e3 mang theo trong v\u00f4 l\u01b0\u1ee3ng th\u1eddi gian \u0111\u01b0\u1ee3c quay tr\u1edf l\u1ea1i v\u1edbi tr\u1ea1ng th\u00e1i thu\u1ea7n khi\u1ebfn c\u1ee7a ch\u00fang &#8211; tr\u1ea1ng th\u00e1i &#8220;H\u01b0 kh\u00f4ng&#8221; th\u00f4ng qua s\u1ef1 tr\u1ee3 gi\u00fap t\u1eeb Tr\u00ed tu\u1ec7 V\u0169 tr\u1ee5.<\/p>\n<p>B\u1eb1ng t\u00ecnh th\u01b0\u01a1ng v\u00e0 l\u00f2ng bi\u1ebft \u01a1n, m\u1ecdi k\u00fd \u1ee9c lu\u00f4n \u0111\u01b0\u1ee3c chuy\u1ec3n h\u00f3a tr\u1edf l\u1ea1i tr\u1ea1ng th\u00e1i trung t\u00ednh thu\u1ea7n khi\u1ebft v\u1ed1n c\u00f3 c\u1ee7a ch\u00fang. V\u00e0 ch\u1ec9 khi ch\u00fang ta t\u1ed3n t\u1ea1i t\u1ea1i tr\u1ea1ng th\u00e1i trung t\u00ednh n\u00e0y, m\u1edbi c\u00f3 th\u1ec3 nh\u1eadn \u0111\u01b0\u1ee3c th\u00f4ng \u0111i\u1ec7p s\u00e1ng t\u1ea1o kh\u00f4ng gi\u1edbi h\u1ea1n t\u1eeb Tr\u00ed tu\u1ec7 V\u0169 tr\u1ee5.<\/p>\n<p>Ti\u1ebfn s\u0129 Ihaleakala Hew Len<\/p>\n<p>&nbsp;<\/p>\n<p>==========================================================<\/p>\n<p>Th\u00f4ng qua vi\u1ec7c th\u1ef1c h\u00e0nh cleaning h\u00e0ng ng\u00e0y, tr\u00e1i tim ch\u00fang ta c\u00f3 th\u1ec3 l\u1ea5y l\u1ea1i \u0111\u01b0\u1ee3c tr\u1ea1ng th\u00e1i qu\u00e2n b\u00ecnh v\u1ed1n c\u00f3 c\u1ee7a n\u00f3.<\/p>\n<p>C\u1ea7u ch\u00fac cho tr\u00e1i tim b\u1ea1n lu\u00f4n \u0111ong \u0111\u1ea7y t\u00ecnh th\u01b0\u01a1ng v\u00e0 \u00e1nh s\u00e1ng thu\u1ea7n khi\u1ebft.<\/p>\n<p>Ch\u1ec9 khi tim b\u1ea1n \u1edf tr\u1ea1ng th\u00e1i thu\u1ea7n khi\u1ebft n\u00f3 m\u1edbi c\u00f3 th\u1ec3 ng\u1eadp tr\u00e0n t\u00ecnh th\u01b0\u01a1ng, v\u00e0 r\u1ed3i\u00a0 th\u00f4ng \u0111i\u1ec7p s\u00e1ng t\u1ea1o t\u1eeb Tr\u00ed tu\u1ec7 v\u0169 tr\u1ee5 s\u1ebd t\u00ecm \u0111\u1ebfn v\u1edbi b\u1ea1n.<\/p>\n<p>Chi\u1ebfc v\u00f2ng tay n\u00e0y \u0111\u01b0\u1ee3c t\u1ea1o ra \u0111\u1ec3 h\u1ed7 tr\u1ee3 b\u1ea1n th\u1ef1c h\u00e0nh cleaning th\u01b0\u1eddng xuy\u00ean 24\/7.<\/p>\n<p>&nbsp;<\/p>\n<p>==========================================================<\/p>\n<p>M\u1ee5c \u0111\u00edch c\u1ee7a vi\u1ec7c \u0111\u01b0\u1ee3c sinh ra trong th\u1ebf gi\u1edbi n\u00e0y m\u1ed9t ph\u1ea7n v\u00f4 c\u00f9ng l\u1edbn l\u00e0 h\u1ecdc c\u00e1ch gi\u1ea3i ph\u00f3ng v\u00e0 chuy\u1ec3n h\u00f3a \u0111i nh\u1eefng k\u00fd \u1ee9c l\u1eb7p \u0111i l\u1eb7p l\u1ea1i trong ti\u1ec1m th\u1ee9c Unihipili c\u1ee7a b\u1ea1n.<\/p>\n<p>Nh\u1eefng k\u00fd \u1ee9c s\u1ebd l\u1eb7p l\u1ea1i h\u1ebft l\u1ea7n n\u00e0y \u0111\u1ebfn l\u1ea7n kh\u00e1c nh\u1eefng th\u00f4ng tin qu\u00e1 kh\u1ee9 mang \u0111\u1ea7y s\u1ef1 \u0103n n\u0103n, h\u1ed1i h\u1eadn. Ch\u00ednh v\u00f2ng l\u1eb7p n\u00e0y s\u1ebd ch\u1eb7n \u0111\u1ee9ng \u0111\u1eddi s\u1ed1ng vi\u00ean m\u00e3n tr\u1ecdn v\u1eb9n m\u00e0 v\u1ed1n l\u1ebd ra th\u1eadt s\u1ef1 b\u1ea1n \u0111\u1ebfn \u0111\u00e2y \u0111\u1ec3 \u0111\u00f3n nh\u1eadn n\u00f3.<\/p>\n<p>Nh\u1eefng c\u00f4ng c\u1ee5 cleaning \u0111\u01b0\u1ee3c in xung quanh v\u00f2ng \u0111eo tay &#8220;I&#8217;m sorry&#8221;, &#8220;Please forgive me&#8221;, &#8220;I love you&#8221;, v\u00e0 &#8220;Thank you&#8221; s\u1ebd bao l\u1ea5y nh\u1eefng k\u00fd \u1ee9c l\u1eb7p l\u1ea1i trong t\u00ecnh th\u01b0\u01a1ng v\u00e0 s\u1ef1 bi\u1ebft \u01a1n, gi\u1ea3i ph\u00f3ng ch\u00fang tr\u1edf l\u1ea1i v\u1edbi n\u01a1i ch\u00fang b\u1eaft \u0111\u1ea7u, v\u1ed1n ch\u00ednh l\u00e0 tr\u1edf v\u1ec1 v\u1edbi \u00e1nh s\u00e1ng thu\u1ea7n khi\u1ebft.<\/p>\n<p>&nbsp;<\/p>\n<p>==========================================================<\/p>\n<p>K\u00edch c\u1ee1 v\u00f2ng L, \u0111\u01b0\u1eddng k\u00ednh trong 19 cm<br \/>\nV\u1eadt li\u1ec7u Silicon<\/p>\n","protected":false},"excerpt":{"rendered":"<p>V\u00f2ng \u0111eo tay v\u1edbi hai c\u00f4ng c\u1ee5 cleaning &#8220;I love you&#8221; v\u00e0 &#8220;Thank you&#8221; \u0111\u01b0\u1ee3c in v\u00f2ng quanh d\u01b0\u1edbi d\u1ea1ng ch\u1eef vi\u1ebft tay, s\u1eed d\u1ee5ng nh\u01b0 m\u1ed9t c\u00f4ng c\u1ee5 h\u1ed7 tr\u1ee3 gi\u1ea3i ph\u00f3ng k\u00fd \u1ee9c trong ti\u1ec1m th\u1ee9c, v\u00e0 ng\u01b0\u1eddi \u0111eo lu\u00f4n \u0111\u01b0\u1ee3c s\u1ef1 b\u1ea3o v\u1ec7 v\u00e0 chuy\u1ec3n h\u00f3a t\u1eeb Tr\u00ed tu\u1ec7 v\u0169 tr\u1ee5. L\u00e0 [&hellip;]<\/p>\n","protected":false},"featured_media":5056,"template":"","meta":{"_acf_changed":false,"om_disable_all_campaigns":false,"_monsterinsights_skip_tracking":false,"_monsterinsights_sitenote_active":false,"_monsterinsights_sitenote_note":"","_monsterinsights_sitenote_category":0},"product_brand":[],"product_cat":[86],"product_tag":[],"class_list":{"0":"post-5057","1":"product","2":"type-product","3":"status-publish","4":"has-post-thumbnail","6":"product_cat-zerowise","8":"first","9":"instock","10":"shipping-taxable","11":"purchasable","12":"product-type-simple"},"acf":[],"aioseo_notices":[],"_links":{"self":[{"href":"https:\/\/hooponopono-asia.org\/vn\/wp-json\/wp\/v2\/product\/5057","targetHints":{"allow":["GET"]}}],"collection":[{"href":"https:\/\/hooponopono-asia.org\/vn\/wp-json\/wp\/v2\/product"}],"about":[{"href":"https:\/\/hooponopono-asia.org\/vn\/wp-json\/wp\/v2\/types\/product"}],"wp:featuredmedia":[{"embeddable":true,"href":"https:\/\/hooponopono-asia.org\/vn\/wp-json\/wp\/v2\/media\/5056"}],"wp:attachment":[{"href":"https:\/\/hooponopono-asia.org\/vn\/wp-json\/wp\/v2\/media?parent=5057"}],"wp:term":[{"taxonomy":"product_brand","embeddable":true,"href":"https:\/\/hooponopono-asia.org\/vn\/wp-json\/wp\/v2\/product_brand?post=5057"},{"taxonomy":"product_cat","embeddable":true,"href":"https:\/\/hooponopono-asia.org\/vn\/wp-json\/wp\/v2\/product_cat?post=5057"},{"taxonomy":"product_tag","embeddable":true,"href":"https:\/\/hooponopono-asia.org\/vn\/wp-json\/wp\/v2\/product_tag?post=5057"}],"curies":[{"name":"wp","href":"https:\/\/api.w.org\/{rel}","templated":true}]}}