{"id":4911,"date":"2022-12-18T08:46:38","date_gmt":"2022-12-17T23:46:38","guid":{"rendered":"https:\/\/serene.wpx.jp\/?page_id=4911"},"modified":"2025-03-12T16:38:20","modified_gmt":"2025-03-12T07:38:20","slug":"story-form","status":"publish","type":"page","link":"https:\/\/hooponopono-asia.org\/vn\/story-form\/","title":{"rendered":"M\u1eabu \u0111\u01a1n g\u1eedi c\u00e2u chuy\u1ec7n c\u00e1 nh\u00e2n c\u1ee7a b\u1ea1n"},"content":{"rendered":"<div id=\"tdi_1\" class=\"tdc-zone\"><div class=\"tdc_zone tdi_2  wpb_row td-pb-row\"  >\n<style scoped>\n\/* custom css - generated by TagDiv Composer *\/\n\n\/* custom css - generated by TagDiv Composer *\/\n.tdi_2{\r\n                    min-height: 0;\r\n                }\n<\/style><div id=\"tdi_3\" class=\"tdc-row\"><div class=\"vc_row tdi_4  wpb_row td-pb-row\" >\n<style scoped>\n\/* custom css - generated by TagDiv Composer *\/\n\n\/* custom css - generated by TagDiv Composer *\/\n.tdi_4,\r\n                .tdi_4 .tdc-columns{\r\n                    min-height: 0;\r\n                }.tdi_4,\r\n\t\t\t\t.tdi_4 .tdc-columns{\r\n\t\t\t\t    display: block;\r\n\t\t\t\t}.tdi_4 .tdc-columns{\r\n\t\t\t\t    width: 100%;\r\n\t\t\t\t}.tdi_4:before,\r\n\t\t\t\t.tdi_4:after{\r\n\t\t\t\t    display: table;\r\n\t\t\t\t}\n<\/style><div class=\"vc_column tdi_6  wpb_column vc_column_container tdc-column td-pb-span12\">\n<style scoped>\n\/* custom css - generated by TagDiv Composer *\/\n\n\/* custom css - generated by TagDiv Composer *\/\n.tdi_6{\r\n                    vertical-align: baseline;\r\n                }.tdi_6 > .wpb_wrapper,\r\n\t\t\t\t.tdi_6 > .wpb_wrapper > .tdc-elements{\r\n\t\t\t\t    display: block;\r\n\t\t\t\t}.tdi_6 > .wpb_wrapper > .tdc-elements{\r\n\t\t\t\t    width: 100%;\r\n\t\t\t\t}.tdi_6 > .wpb_wrapper > .vc_row_inner{\r\n\t\t\t\t    width: auto;\r\n\t\t\t\t}.tdi_6 > .wpb_wrapper{\r\n\t\t\t\t    width: auto;\r\n\t\t\t\t    height: auto;\r\n\t\t\t\t}\n<\/style><div class=\"wpb_wrapper\" ><\/div><\/div><\/div><\/div><div id=\"tdi_7\" class=\"tdc-row\"><div class=\"vc_row tdi_8  wpb_row td-pb-row\" >\n<style scoped>\n\/* custom css - generated by TagDiv Composer *\/\n\n\/* custom css - generated by TagDiv Composer *\/\n.tdi_8,\r\n                .tdi_8 .tdc-columns{\r\n                    min-height: 0;\r\n                }.tdi_8,\r\n\t\t\t\t.tdi_8 .tdc-columns{\r\n\t\t\t\t    display: block;\r\n\t\t\t\t}.tdi_8 .tdc-columns{\r\n\t\t\t\t    width: 100%;\r\n\t\t\t\t}.tdi_8:before,\r\n\t\t\t\t.tdi_8:after{\r\n\t\t\t\t    display: table;\r\n\t\t\t\t}\n\/* inline tdc_css att - generated by TagDiv Composer *\/\n\n.tdi_8{\nmargin-top:130px !important;\n}\n\n.tdi_8 .td_block_wrap{ text-align:left }\n\n\/* phone *\/\n@media (max-width: 767px)\n{\n.tdi_8{\nmargin-top:80px !important;\n}\n}\n\n<\/style><div class=\"vc_column tdi_10  wpb_column vc_column_container tdc-column td-pb-span12\">\n<style scoped>\n\/* custom css - generated by TagDiv Composer *\/\n\n\/* custom css - generated by TagDiv Composer *\/\n.tdi_10{\r\n                    vertical-align: baseline;\r\n                }.tdi_10 > .wpb_wrapper,\r\n\t\t\t\t.tdi_10 > .wpb_wrapper > .tdc-elements{\r\n\t\t\t\t    display: block;\r\n\t\t\t\t}.tdi_10 > .wpb_wrapper > .tdc-elements{\r\n\t\t\t\t    width: 100%;\r\n\t\t\t\t}.tdi_10 > .wpb_wrapper > .vc_row_inner{\r\n\t\t\t\t    width: auto;\r\n\t\t\t\t}.tdi_10 > .wpb_wrapper{\r\n\t\t\t\t    width: auto;\r\n\t\t\t\t    height: auto;\r\n\t\t\t\t}\n<\/style><div class=\"wpb_wrapper\" ><div class=\"td_block_wrap td_block_title tdi_11 td-pb-border-top td_block_template_2 td-fix-index\"  data-td-block-uid=\"tdi_11\" >\n<style>\n.td_block_template_2.widget > ul > li {\r\n                margin-left: 0 !important;\r\n            }\r\n            \r\n            .td_block_template_2 .td-block-title {\r\n                font-size: 17px;\r\n                font-weight: 500;\r\n                margin-top: 0;\r\n                margin-bottom: 16px;\r\n                line-height: 31px;\r\n                text-align: left;\r\n            }\r\n            .td_block_template_2 .td-block-title > * {\r\n                color: var(--td_text_header_color, #000);\r\n            }\r\n            .td_block_template_2 .td-related-title a {\r\n                padding: 0 20px 0 0;\r\n            }\r\n            @media (max-width: 767px) {\r\n                .td_block_template_2 .td-related-title a {\r\n                    font-size: 15px;\r\n                }\r\n            }\r\n            .td_block_template_2 .td-related-title .td-cur-simple-item {\r\n                color: var(--td_theme_color, #4db2ec);\r\n            }\n<\/style>\n<style>\n\/* custom css - generated by TagDiv Composer *\/\nbody .tdi_11 .td-block-title a,\r\n\t\t\t\tbody .tdi_11 .td-block-title span{\r\n\t\t\t\t\tfont-size:20px !important;\r\n\t\t\t\t}\n<\/style><div class=\"td-block-title-wrap\"><h4 class=\"td-block-title\"><span class=\"td-pulldown-size\">M\u1eabu \u0111\u01a1n g\u1eedi c\u00e2u chuy\u1ec7n c\u00e1 nh\u00e2n c\u1ee7a b\u1ea1n<\/span><\/h4><\/div><\/div><div class=\"td_block_wrap td_block_text_with_title tdi_12 tagdiv-type td-pb-border-top td_block_template_1\"  data-td-block-uid=\"tdi_12\" >\n<style>\n\/* custom css - generated by TagDiv Composer *\/\n.td_block_text_with_title{\r\n                  margin-bottom: 44px;\r\n                  -webkit-transform: translateZ(0);\r\n                  transform: translateZ(0);\r\n                }.td_block_text_with_title p:last-child{\r\n                  margin-bottom: 0;\r\n                }\n<\/style><div class=\"td-block-title-wrap\"><\/div><div class=\"td_mod_wrap td-fix-index\"><p><!-- \/wp:post-content --><\/p>\n<p><!-- wp:paragraph --><\/p>\n<p>Vui l\u00f2ng \u0111i\u1ec1n th\u00f4ng tin y\u00eau c\u1ea7u d\u01b0\u1edbi \u0111\u00e2y v\u00e0 nh\u1ea5n n\u00fat \u201cG\u1eedi\u201d. C\u00e1c tr\u01b0\u1eddng c\u00f3 d\u1ea5u * l\u00e0 b\u1eaft bu\u1ed9c.<\/p>\n<p><!-- \/wp:paragraph --><\/p>\n<p><!-- wp:forminator\/forms {\"module_id\":\"4845\"} --><\/p>\n<div class=\"forminator-guttenberg\"><div class=\"forminator-ui forminator-custom-form forminator-custom-form-4845 forminator-design--flat  forminator_ajax\" data-forminator-render=\"0\" data-form=\"forminator-module-4845\" data-uid=\"69e5f8f37eb32\"><br\/><\/div><form\n\t\t\t\tid=\"forminator-module-4845\"\n\t\t\t\tclass=\"forminator-ui forminator-custom-form forminator-custom-form-4845 forminator-design--flat  forminator_ajax\"\n\t\t\t\tmethod=\"post\"\n\t\t\t\tdata-forminator-render=\"0\"\n\t\t\t\tdata-form-id=\"4845\"\n\t\t\t\t data-color-option=\"default\" data-design=\"flat\" data-grid=\"open\" style=\"display: none;\"\n\t\t\t\tdata-uid=\"69e5f8f37eb32\"\n\t\t\t><div role=\"alert\" aria-live=\"polite\" class=\"forminator-response-message forminator-error\" aria-hidden=\"true\"><\/div><div class=\"forminator-row\"><div id=\"name-1\" class=\"forminator-field-name forminator-col forminator-col-12 \"><div class=\"forminator-field\"><label for=\"forminator-field-name-1_69e5f8f37eb32\" id=\"forminator-field-name-1_69e5f8f37eb32-label\" class=\"forminator-label\">H\u1ecd v\u00e0 t\u00ean <span class=\"forminator-required\">*<\/span><\/label><input type=\"text\" name=\"name-1\" value=\"\" placeholder=\"V\u00ed d\u1ee5: Nguy\u1ec5n V\u0103n A\" id=\"forminator-field-name-1_69e5f8f37eb32\" class=\"forminator-input forminator-name--field\" aria-required=\"true\" autocomplete=\"name\" \/><\/div><\/div><\/div><div class=\"forminator-row\"><div id=\"email-1\" class=\"forminator-field-email forminator-col forminator-col-12 \"><div class=\"forminator-field\"><label for=\"forminator-field-email-1_69e5f8f37eb32\" id=\"forminator-field-email-1_69e5f8f37eb32-label\" class=\"forminator-label\">\u0110\u1ecba ch\u1ec9 email <span class=\"forminator-required\">*<\/span><\/label><input type=\"email\" name=\"email-1\" value=\"\" placeholder=\"V\u00ed d\u1ee5: info@hooponopono-asia.org\" id=\"forminator-field-email-1_69e5f8f37eb32\" class=\"forminator-input forminator-email--field\" data-required=\"1\" aria-required=\"true\" autocomplete=\"email\" \/><\/div><\/div><\/div><div class=\"forminator-row\"><div id=\"phone-1\" class=\"forminator-field-phone forminator-col forminator-col-12 \"><div class=\"forminator-field\"><label for=\"forminator-field-phone-1_69e5f8f37eb32\" id=\"forminator-field-phone-1_69e5f8f37eb32-label\" class=\"forminator-label\">S\u1ed1 \u0111i\u1ec7n tho\u1ea1i<\/label><input type=\"text\" name=\"phone-1\" value=\"\" placeholder=\"V\u00ed d\u1ee5: 03-6712-6299\" id=\"forminator-field-phone-1_69e5f8f37eb32\" class=\"forminator-input forminator-field--phone\" data-required=\"\" aria-required=\"false\" autocomplete=\"off\" \/><\/div><\/div><\/div><div class=\"forminator-row\"><div id=\"radio-1\" class=\"forminator-field-radio forminator-col forminator-col-12 \"><div role=\"radiogroup\" class=\"forminator-field\" aria-labelledby=\"forminator-radiogroup-radio-1-69e5f8f37eb32-label\"><span id=\"forminator-radiogroup-radio-1-69e5f8f37eb32-label\" class=\"forminator-label\">Gi\u1edbi t\u00ednh<\/span><label id=\"forminator-field-radio-1-label-1\" for=\"forminator-field-radio-1-1-69e5f8f37eb32\" class=\"forminator-radio forminator-radio-inline\" title=\"N\u1eef\"><input type=\"radio\" name=\"radio-1\" value=\"N\u1eef\" id=\"forminator-field-radio-1-1-69e5f8f37eb32\" aria-labelledby=\"forminator-field-radio-1-label-1\" data-calculation=\"0\"  \/><span class=\"forminator-radio-bullet\" aria-hidden=\"true\"><\/span><span class=\"forminator-radio-label\">N\u1eef<\/span><\/label><label id=\"forminator-field-radio-1-label-2\" for=\"forminator-field-radio-1-2-69e5f8f37eb32\" class=\"forminator-radio forminator-radio-inline\" title=\"Nam\"><input type=\"radio\" name=\"radio-1\" value=\"Nam\" id=\"forminator-field-radio-1-2-69e5f8f37eb32\" aria-labelledby=\"forminator-field-radio-1-label-2\" data-calculation=\"0\"  \/><span class=\"forminator-radio-bullet\" aria-hidden=\"true\"><\/span><span class=\"forminator-radio-label\">Nam<\/span><\/label><\/div><\/div><\/div><div class=\"forminator-row\"><div id=\"select-1\" class=\"forminator-field-select forminator-col forminator-col-12 \"><div class=\"forminator-field\"><label for=\"forminator-form-4845__field--select-1_69e5f8f37eb32\" id=\"forminator-form-4845__field--select-1_69e5f8f37eb32-label\" class=\"forminator-label\">\u0110\u1ed9 tu\u1ed5i<\/label><select  id=\"forminator-form-4845__field--select-1_69e5f8f37eb32\" class=\"forminator-select--field forminator-select2 forminator-select2-multiple\" data-required=\"\" name=\"select-1\" data-default-value=\"\" data-placeholder=\"Please select\" data-search=\"true\" data-search-placeholder=\"Please select\" data-checkbox=\"false\" data-allow-clear=\"false\" aria-labelledby=\"forminator-form-4845__field--select-1_69e5f8f37eb32-label\"><option value=\"\"  >Please select<\/option><option value=\"10tu\u1ed5i\"  data-calculation=\"0\">10tu\u1ed5i<\/option><option value=\"20tu\u1ed5i\"  data-calculation=\"0\">20tu\u1ed5i<\/option><option value=\"30tu\u1ed5i\"  data-calculation=\"0\">30tu\u1ed5i<\/option><option value=\"40tu\u1ed5i\"  data-calculation=\"0\">40tu\u1ed5i<\/option><option value=\"50tu\u1ed5i\"  data-calculation=\"0\">50tu\u1ed5i<\/option><option value=\"60tu\u1ed5i\"  data-calculation=\"0\">60tu\u1ed5i<\/option><option value=\"70tu\u1ed5i\"  data-calculation=\"0\">70tu\u1ed5i<\/option><option value=\"80tu\u1ed5i\"  data-calculation=\"0\">80tu\u1ed5i<\/option><option value=\"90tu\u1ed5i\"  data-calculation=\"0\">90tu\u1ed5i<\/option><\/select><\/div><\/div><\/div><div class=\"forminator-row\"><div id=\"text-1\" class=\"forminator-field-text forminator-col forminator-col-12 \"><div class=\"forminator-field\"><label for=\"forminator-field-text-1_69e5f8f37eb32\" id=\"forminator-field-text-1_69e5f8f37eb32-label\" class=\"forminator-label\">Ti\u00eau \u0111\u1ec1 <span class=\"forminator-required\">*<\/span><\/label><input type=\"text\" name=\"text-1\" value=\"\" placeholder=\"\" id=\"forminator-field-text-1_69e5f8f37eb32\" class=\"forminator-input forminator-name--field\" data-required=\"1\" \/><\/div><\/div><\/div><div class=\"forminator-row\"><div id=\"textarea-1\" class=\"forminator-field-textarea forminator-col forminator-col-12 \"><div class=\"forminator-field\"><label for=\"forminator-field-textarea-1_69e5f8f37eb32\" id=\"forminator-field-textarea-1_69e5f8f37eb32-label\" class=\"forminator-label\">L\u1eddi ch\u1ee9ng th\u1ef1c <span class=\"forminator-required\">*<\/span><\/label><textarea name=\"textarea-1\" placeholder=\"\" id=\"forminator-field-textarea-1_69e5f8f37eb32\" class=\"forminator-textarea\" rows=\"6\" style=\"min-height:140px;\" ><\/textarea><\/div><\/div><\/div><div class=\"forminator-row\"><div id=\"radio-2\" class=\"forminator-field-radio forminator-col forminator-col-12 \"><div role=\"radiogroup\" class=\"forminator-field\" aria-labelledby=\"forminator-radiogroup-radio-2-69e5f8f37eb32-label\"><span id=\"forminator-radiogroup-radio-2-69e5f8f37eb32-label\" class=\"forminator-label\">Y\u00eau c\u1ea7u \u1ea9n danh <span class=\"forminator-required\">*<\/span><\/span><label id=\"forminator-field-radio-2-label-1\" for=\"forminator-field-radio-2-1-69e5f8f37eb32\" class=\"forminator-radio forminator-radio-inline\" title=\"Mong mu\u1ed1n \u1ea9n dan\"><input type=\"radio\" name=\"radio-2\" value=\"Mong mu\u1ed1n \u1ea9n dan\" id=\"forminator-field-radio-2-1-69e5f8f37eb32\" aria-labelledby=\"forminator-field-radio-2-label-1\" data-calculation=\"0\"  \/><span class=\"forminator-radio-bullet\" aria-hidden=\"true\"><\/span><span class=\"forminator-radio-label\">Mong mu\u1ed1n \u1ea9n dan<\/span><\/label><label id=\"forminator-field-radio-2-label-2\" for=\"forminator-field-radio-2-2-69e5f8f37eb32\" class=\"forminator-radio forminator-radio-inline\" title=\"Kh\u00f4ng mong mu\u1ed1n \u1ea9n danh\"><input type=\"radio\" name=\"radio-2\" value=\"Kh\u00f4ng mong mu\u1ed1n \u1ea9n danh\" id=\"forminator-field-radio-2-2-69e5f8f37eb32\" aria-labelledby=\"forminator-field-radio-2-label-2\" data-calculation=\"0\"  \/><span class=\"forminator-radio-bullet\" aria-hidden=\"true\"><\/span><span class=\"forminator-radio-label\">Kh\u00f4ng mong mu\u1ed1n \u1ea9n danh<\/span><\/label><\/div><\/div><\/div><input type=\"hidden\" name=\"referer_url\" value=\"\" \/><div class=\"forminator-row forminator-row-last\"><div class=\"forminator-col\"><div class=\"forminator-field\"><button class=\"forminator-button forminator-button-submit\">G\u1eedi<\/button><\/div><\/div><\/div><input type=\"hidden\" id=\"forminator_nonce\" name=\"forminator_nonce\" value=\"ab095e43e7\" \/><input type=\"hidden\" name=\"_wp_http_referer\" value=\"\/vn\/wp-json\/wp\/v2\/pages\/4911\" \/><input type=\"hidden\" name=\"form_id\" value=\"4845\"><input type=\"hidden\" name=\"page_id\" value=\"4911\"><input type=\"hidden\" name=\"form_type\" value=\"default\"><input type=\"hidden\" name=\"current_url\" value=\"https:\/\/hooponopono-asia.org\/vn\/story-form\/\"><input type=\"hidden\" name=\"render_id\" value=\"0\"><input type=\"hidden\" name=\"action\" value=\"forminator_submit_form_custom-forms\"><\/form><\/div>\n<p><!-- \/wp:forminator\/forms --><\/p>\n<p><!-- wp:paragraph --><\/p>\n<\/div><\/div><\/div><\/div><\/div><\/div><\/div><\/div>","protected":false},"excerpt":{"rendered":"","protected":false},"author":1,"featured_media":0,"parent":0,"menu_order":0,"comment_status":"closed","ping_status":"closed","template":"","meta":{"_acf_changed":false,"om_disable_all_campaigns":false,"_monsterinsights_skip_tracking":false,"_monsterinsights_sitenote_active":false,"_monsterinsights_sitenote_note":"","_monsterinsights_sitenote_category":0,"footnotes":""},"class_list":["post-4911","page","type-page","status-publish"],"acf":[],"aioseo_notices":[],"_links":{"self":[{"href":"https:\/\/hooponopono-asia.org\/vn\/wp-json\/wp\/v2\/pages\/4911","targetHints":{"allow":["GET"]}}],"collection":[{"href":"https:\/\/hooponopono-asia.org\/vn\/wp-json\/wp\/v2\/pages"}],"about":[{"href":"https:\/\/hooponopono-asia.org\/vn\/wp-json\/wp\/v2\/types\/page"}],"author":[{"embeddable":true,"href":"https:\/\/hooponopono-asia.org\/vn\/wp-json\/wp\/v2\/users\/1"}],"replies":[{"embeddable":true,"href":"https:\/\/hooponopono-asia.org\/vn\/wp-json\/wp\/v2\/comments?post=4911"}],"version-history":[{"count":7,"href":"https:\/\/hooponopono-asia.org\/vn\/wp-json\/wp\/v2\/pages\/4911\/revisions"}],"predecessor-version":[{"id":10623,"href":"https:\/\/hooponopono-asia.org\/vn\/wp-json\/wp\/v2\/pages\/4911\/revisions\/10623"}],"wp:attachment":[{"href":"https:\/\/hooponopono-asia.org\/vn\/wp-json\/wp\/v2\/media?parent=4911"}],"curies":[{"name":"wp","href":"https:\/\/api.w.org\/{rel}","templated":true}]}}