{"id":4864,"date":"2023-01-14T16:04:39","date_gmt":"2023-01-14T07:04:39","guid":{"rendered":"https:\/\/serene.wpx.jp\/?page_id=4864"},"modified":"2025-03-12T22:16:02","modified_gmt":"2025-03-12T13:16:02","slug":"tokushohou","status":"publish","type":"page","link":"https:\/\/hooponopono-asia.org\/vn\/tokushohou\/","title":{"rendered":"Th\u00f4ng Tin Giao D\u1ecbch Th\u01b0\u01a1ng M\u1ea1i"},"content":{"rendered":"\n<h4 class=\"wp-block-heading\"><strong>Nh\u00e0 Ph\u00e2n Ph\u1ed1i<\/strong><\/h4>\n\n\n\n<p><strong>Serene Co., Ltd.<\/strong><br><strong>Cata International Pte. Ltd.<\/strong><\/p>\n\n\n\n<h4 class=\"wp-block-heading\"><strong>M\u00e3 B\u01b0u \u0110i\u1ec7n<\/strong><\/h4>\n\n\n\n<p>106-0032<br>079903<\/p>\n\n\n\n<h4 class=\"wp-block-heading\"><strong>\u0110\u1ecba Ch\u1ec9<\/strong><\/h4>\n\n\n\n<p><strong>Serene Co., Ltd.<\/strong>: 3-3-6-3F Roppongi, Minato-ku, Tokyo, Nh\u1eadt B\u1ea3n, 106-0032<br><strong>Cata International Pte. Ltd.<\/strong>: 10 ANSON ROAD #17-20 INTERNATIONAL PLAZA SINGAPORE (079903)<\/p>\n\n\n\n<h4 class=\"wp-block-heading\"><strong>C\u00e1c Kho\u1ea3n Ph\u00ed Ngo\u00e0i Gi\u00e1 S\u1ea3n Ph\u1ea9m<\/strong><\/h4>\n\n\n\n<p><strong>Ph\u00ed v\u1eadn chuy\u1ec3n<\/strong><\/p>\n\n\n\n<h4 class=\"wp-block-heading\"><strong>Th\u1eddi H\u1ea1n Hi\u1ec7u L\u1ef1c C\u1ee7a \u0110\u01a1n H\u00e0ng<\/strong><\/h4>\n\n\n\n<p>Trong v\u00f2ng <strong>7 ng\u00e0y<\/strong> k\u1ec3 t\u1eeb khi \u0111\u1eb7t h\u00e0ng.<br>N\u1ebfu b\u1ea1n kh\u00f4ng th\u1ec3 li\u00ean l\u1ea1c v\u1edbi ch\u00fang t\u00f4i trong th\u1eddi gian tr\u00ean, vui l\u00f2ng li\u00ean h\u1ec7 tr\u01b0\u1edbc.<\/p>\n\n\n\n<h4 class=\"wp-block-heading\"><strong>S\u1ea3n Ph\u1ea9m L\u1ed7i<\/strong><\/h4>\n\n\n\n<p>D\u1ee5ng c\u1ee5 l\u00e0m s\u1ea1ch l\u00e0 s\u1ea3n ph\u1ea9m \u0111\u00e3 \u0111\u01b0\u1ee3c l\u00e0m s\u1ea1ch tr\u01b0\u1edbc.<br>D\u1ef1a tr\u00ean ni\u1ec1m tin c\u1ee7a ng\u01b0\u1eddi t\u1ea1o ra s\u1ea3n ph\u1ea9m r\u1eb1ng <strong>b\u1ea3n ch\u1ea5t c\u1ee7a s\u1ea3n ph\u1ea9m l\u00e0 quan tr\u1ecdng<\/strong>, ch\u00fang t\u00f4i <strong>kh\u00f4ng ch\u1ea5p nh\u1eadn h\u1ee7y \u0111\u01a1n h\u00e0ng, tr\u1ea3 h\u00e0ng ho\u1eb7c \u0111\u1ed5i h\u00e0ng<\/strong> sau khi \u0111\u01a1n h\u00e0ng \u0111\u00e3 ho\u00e0n t\u1ea5t.<br>C\u1ea3m \u01a1n b\u1ea1n \u0111\u00e3 th\u1ea5u hi\u1ec3u v\u00e0 ti\u1ebfp t\u1ee5c l\u00e0m s\u1ea1ch.<\/p>\n\n\n\n<h4 class=\"wp-block-heading\"><strong>Th\u1eddi Gian Giao H\u00e0ng<\/strong><\/h4>\n\n\n\n<p>Giao h\u00e0ng trong v\u00f2ng <strong>3 \u0111\u1ebfn 10 ng\u00e0y<\/strong> sau khi chuy\u1ec3n kho\u1ea3n ng\u00e2n h\u00e0ng ho\u1eb7c thanh to\u00e1n b\u1eb1ng th\u1ebb t\u00edn d\u1ee5ng \u0111\u01b0\u1ee3c ho\u00e0n t\u1ea5t.<\/p>\n\n\n\n<h4 class=\"wp-block-heading\"><strong>Th\u1eddi H\u1ea1n Thanh To\u00e1n<\/strong><\/h4>\n\n\n\n<p>Vi\u1ec7c giao h\u00e0ng s\u1ebd \u0111\u01b0\u1ee3c th\u1ef1c hi\u1ec7n sau khi x\u00e1c nh\u1eadn <strong>chuy\u1ec3n kho\u1ea3n ng\u00e2n h\u00e0ng ho\u1eb7c thanh to\u00e1n b\u1eb1ng th\u1ebb t\u00edn d\u1ee5ng<\/strong>.<\/p>\n\n\n\n<h4 class=\"wp-block-heading\"><\/h4>\n\n\n\n<h4 class=\"wp-block-heading\"><strong>\u0110\u1ecba Ch\u1ec9 Email C\u00f4ng Khai<\/strong><\/h4>\n\n\n\n<p><a>info@hooponopono-asia.org<\/a><\/p>\n\n\n\n<h4 class=\"wp-block-heading\"><\/h4>\n","protected":false},"excerpt":{"rendered":"<p>Nh\u00e0 Ph\u00e2n Ph\u1ed1i Serene Co., Ltd.Cata International Pte. Ltd. M\u00e3 B\u01b0u \u0110i\u1ec7n 106-0032079903 \u0110\u1ecba Ch\u1ec9 Serene Co., Ltd.: 3-3-6-3F Roppongi, Minato-ku, Tokyo, Nh\u1eadt B\u1ea3n, 106-0032Cata International Pte. Ltd.: 10 ANSON ROAD #17-20 INTERNATIONAL PLAZA SINGAPORE (079903) C\u00e1c Kho\u1ea3n Ph\u00ed Ngo\u00e0i Gi\u00e1 S\u1ea3n Ph\u1ea9m Ph\u00ed v\u1eadn chuy\u1ec3n Th\u1eddi H\u1ea1n Hi\u1ec7u L\u1ef1c C\u1ee7a \u0110\u01a1n H\u00e0ng Trong v\u00f2ng [&hellip;]<\/p>\n","protected":false},"author":5,"featured_media":0,"parent":0,"menu_order":0,"comment_status":"closed","ping_status":"closed","template":"","meta":{"_acf_changed":false,"om_disable_all_campaigns":false,"_monsterinsights_skip_tracking":false,"_monsterinsights_sitenote_active":false,"_monsterinsights_sitenote_note":"","_monsterinsights_sitenote_category":0,"footnotes":""},"class_list":["post-4864","page","type-page","status-publish"],"acf":[],"aioseo_notices":[],"_links":{"self":[{"href":"https:\/\/hooponopono-asia.org\/vn\/wp-json\/wp\/v2\/pages\/4864","targetHints":{"allow":["GET"]}}],"collection":[{"href":"https:\/\/hooponopono-asia.org\/vn\/wp-json\/wp\/v2\/pages"}],"about":[{"href":"https:\/\/hooponopono-asia.org\/vn\/wp-json\/wp\/v2\/types\/page"}],"author":[{"embeddable":true,"href":"https:\/\/hooponopono-asia.org\/vn\/wp-json\/wp\/v2\/users\/5"}],"replies":[{"embeddable":true,"href":"https:\/\/hooponopono-asia.org\/vn\/wp-json\/wp\/v2\/comments?post=4864"}],"version-history":[{"count":2,"href":"https:\/\/hooponopono-asia.org\/vn\/wp-json\/wp\/v2\/pages\/4864\/revisions"}],"predecessor-version":[{"id":10631,"href":"https:\/\/hooponopono-asia.org\/vn\/wp-json\/wp\/v2\/pages\/4864\/revisions\/10631"}],"wp:attachment":[{"href":"https:\/\/hooponopono-asia.org\/vn\/wp-json\/wp\/v2\/media?parent=4864"}],"curies":[{"name":"wp","href":"https:\/\/api.w.org\/{rel}","templated":true}]}}