{"id":4862,"date":"2022-12-16T16:25:59","date_gmt":"2022-12-16T07:25:59","guid":{"rendered":"https:\/\/serene.wpx.jp\/?page_id=4862"},"modified":"2025-03-12T22:24:43","modified_gmt":"2025-03-12T13:24:43","slug":"user-terms","status":"publish","type":"page","link":"https:\/\/hooponopono-asia.org\/vn\/user-terms\/","title":{"rendered":"\u0110i\u1ec1u Kho\u1ea3n &amp; \u0110i\u1ec1u Ki\u1ec7n \/ Mi\u1ec5n Tr\u1eeb Tr\u00e1ch Nhi\u1ec7m"},"content":{"rendered":"\n<p>\u2460 \u0110i\u1ec1u Kho\u1ea3n &amp; \u0110i\u1ec1u Ki\u1ec7n<br>\u0110i\u1ec1u Kho\u1ea3n S\u1eed D\u1ee5ng<br>\u0110i\u1ec1u kho\u1ea3n s\u1eed d\u1ee5ng c\u1ee7a V\u0103n ph\u00f2ng SITH Ho&#8217;oponopono Ch\u00e2u \u00c1 (sau \u0111\u00e2y g\u1ecdi l\u00e0 &#8220;\u0110i\u1ec1u kho\u1ea3n s\u1eed d\u1ee5ng&#8221;) s\u1ebd \u0111\u01b0\u1ee3c \u00e1p d\u1ee5ng \u0111\u1ed1i v\u1edbi c\u00e1c s\u1ea3n ph\u1ea9m v\u00e0 d\u1ecbch v\u1ee5 (sau \u0111\u00e2y g\u1ecdi l\u00e0 &#8220;D\u1ecbch v\u1ee5&#8221;) \u0111\u01b0\u1ee3c cung c\u1ea5p b\u1edfi c\u1eeda h\u00e0ng tr\u1ef1c tuy\u1ebfn V\u0103n ph\u00f2ng SITH Ho&#8217;oponopono Ch\u00e2u \u00c1 (sau \u0111\u00e2y g\u1ecdi l\u00e0 &#8220;C\u1eeda h\u00e0ng&#8221;), do Serene Co., Ltd. v\u00e0 Cata International Pte. Ltd. (sau \u0111\u00e2y g\u1ecdi l\u00e0 &#8220;C\u00f4ng ty&#8221;) v\u1eadn h\u00e0nh. \u0110i\u1ec1u kho\u1ea3n n\u00e0y s\u1ebd \u0111\u01b0\u1ee3c \u00e1p d\u1ee5ng gi\u1eefa c\u00f4ng ty ch\u00fang t\u00f4i v\u00e0 c\u00e1c kh\u00e1ch h\u00e0ng c\u00e1 nh\u00e2n ho\u1eb7c t\u1ed5 ch\u1ee9c.<\/p>\n\n\n\n<p>B\u1eb1ng vi\u1ec7c s\u1eed d\u1ee5ng c\u1eeda h\u00e0ng c\u1ee7a ch\u00fang t\u00f4i, b\u1ea1n \u0111\u1ed3ng \u00fd v\u1edbi t\u1ea5t c\u1ea3 c\u00e1c \u0111i\u1ec1u kho\u1ea3n v\u00e0 \u0111i\u1ec1u ki\u1ec7n \u0111\u01b0\u1ee3c quy \u0111\u1ecbnh trong \u0110i\u1ec1u kho\u1ea3n s\u1eed d\u1ee5ng n\u00e0y.<\/p>\n\n\n\n<p>Vui l\u00f2ng ki\u1ec3m tra k\u1ef9 \u0110i\u1ec1u kho\u1ea3n s\u1eed d\u1ee5ng tr\u01b0\u1edbc khi s\u1eed d\u1ee5ng c\u1eeda h\u00e0ng. N\u1ebfu c\u00f3 b\u1ea5t k\u1ef3 s\u1eeda \u0111\u1ed5i n\u00e0o \u0111\u1ed1i v\u1edbi \u0110i\u1ec1u kho\u1ea3n s\u1eed d\u1ee5ng, ch\u00fang t\u00f4i s\u1ebd th\u00f4ng b\u00e1o b\u1eb1ng c\u00e1ch c\u1eadp nh\u1eadt th\u00f4ng tin tr\u00ean trang web c\u1ee7a ch\u00fang t\u00f4i ho\u1eb7c b\u1eb1ng m\u1ed9t ph\u01b0\u01a1ng th\u1ee9c do ch\u00fang t\u00f4i quy\u1ebft \u0111\u1ecbnh. N\u1ebfu b\u1ea1n ti\u1ebfp t\u1ee5c s\u1eed d\u1ee5ng c\u1eeda h\u00e0ng sau khi c\u00f3 s\u1eeda \u0111\u1ed5i, b\u1ea1n s\u1ebd \u0111\u01b0\u1ee3c coi l\u00e0 \u0111\u00e3 \u0111\u1ed3ng \u00fd v\u1edbi c\u00e1c \u0111i\u1ec1u kho\u1ea3n \u0111\u00e3 s\u1eeda \u0111\u1ed5i.<\/p>\n\n\n\n<ol class=\"wp-block-list\">\n<li>\u0110i\u1ec1u Kho\u1ea3n &amp; \u0110i\u1ec1u Ki\u1ec7n S\u1eed D\u1ee5ng<br>(Gi\u00e1 s\u1ea3n ph\u1ea9m)<br>Gi\u00e1 c\u1ee7a s\u1ea3n ph\u1ea9m b\u00e1n trong c\u1eeda h\u00e0ng c\u1ee7a ch\u00fang t\u00f4i c\u00f3 th\u1ec3 thay \u0111\u1ed5i t\u00f9y theo t\u1eebng s\u1ea3n ph\u1ea9m. Vui l\u00f2ng ki\u1ec3m tra gi\u00e1 c\u1ee7a t\u1eebng s\u1ea3n ph\u1ea9m tr\u00ean trang s\u1ea3n ph\u1ea9m.<\/li>\n<\/ol>\n\n\n\n<p>(\u0110\u1eb7t h\u00e0ng s\u1ea3n ph\u1ea9m)<br>Sau khi ch\u1ecdn s\u1ea3n ph\u1ea9m tr\u00ean t\u1eebng trang s\u1ea3n ph\u1ea9m, b\u1ea1n c\u1ea7n \u0111i\u1ec1n c\u00e1c th\u00f4ng tin c\u1ea7n thi\u1ebft \u0111\u1ec3 \u0111\u1eb7t h\u00e0ng v\u00e0 giao h\u00e0ng, ch\u1eb3ng h\u1ea1n nh\u01b0 \u0111\u1ecba ch\u1ec9 giao h\u00e0ng v\u00e0 ph\u01b0\u01a1ng th\u1ee9c thanh to\u00e1n.<\/p>\n\n\n\n<p>S\u1ea3n ph\u1ea9m ch\u1ec9 \u0111\u01b0\u1ee3c gi\u1eef l\u1ea1i trong kho sau khi \u0111\u01a1n h\u00e0ng c\u1ee7a b\u1ea1n \u0111\u01b0\u1ee3c x\u00e1c nh\u1eadn ho\u00e0n t\u1ea5t, t\u1ee9c l\u00e0 sau khi b\u1ea1n \u0111\u00e3 nh\u1eadp \u0111\u1ea7y \u0111\u1ee7 th\u00f4ng tin &#8220;Th\u00f4ng tin kh\u00e1ch h\u00e0ng&#8221;, &#8220;\u0110\u1ecba ch\u1ec9 giao h\u00e0ng&#8221;, v\u00e0 &#8220;Ph\u01b0\u01a1ng th\u1ee9c thanh to\u00e1n&#8221;, kh\u00f4ng ph\u1ea3i khi s\u1ea3n ph\u1ea9m \u0111\u01b0\u1ee3c \u0111\u01b0a v\u00e0o gi\u1ecf h\u00e0ng.<\/p>\n\n\n\n<p>Sau khi ho\u00e0n t\u1ea5t \u0111\u01a1n h\u00e0ng, b\u1ea1n s\u1ebd nh\u1eadn \u0111\u01b0\u1ee3c email x\u00e1c nh\u1eadn th\u00f4ng tin v\u00e0 chi ti\u1ebft \u0111\u01a1n h\u00e0ng. Vui l\u00f2ng \u0111\u1ea3m b\u1ea3o r\u1eb1ng b\u1ea1n c\u00f3 th\u1ec3 nh\u1eadn email c\u1ee7a ch\u00fang t\u00f4i \u0111\u1ec3 x\u00e1c nh\u1eadn \u0111\u01a1n h\u00e0ng.<\/p>\n\n\n\n<p>Ch\u00fang t\u00f4i kh\u00f4ng ch\u1ecbu tr\u00e1ch nhi\u1ec7m cho b\u1ea5t k\u1ef3 thi\u1ec7t h\u1ea1i n\u00e0o ph\u00e1t sinh do b\u1ea1n kh\u00f4ng nh\u1eadn \u0111\u01b0\u1ee3c li\u00ean l\u1ea1c t\u1eeb ch\u00fang t\u00f4i. Vui l\u00f2ng nh\u1eadp ch\u00ednh x\u00e1c th\u00f4ng tin li\u00ean h\u1ec7 c\u1ee7a b\u1ea1n.<\/p>\n\n\n\n<p>(\u0110\u1eb7t gi\u1eef ho\u1eb7c \u0111\u1eb7t tr\u01b0\u1edbc s\u1ea3n ph\u1ea9m)<br>Ch\u00fang t\u00f4i kh\u00f4ng ch\u1ea5p nh\u1eadn y\u00eau c\u1ea7u \u0111\u1eb7t gi\u1eef ho\u1eb7c \u0111\u1eb7t tr\u01b0\u1edbc s\u1ea3n ph\u1ea9m.<\/p>\n\n\n\n<p>(Thay \u0111\u1ed5i chi ti\u1ebft \u0111\u01a1n h\u00e0ng)<br>N\u1ebfu b\u1ea1n mu\u1ed1n thay \u0111\u1ed5i chi ti\u1ebft \u0111\u01a1n h\u00e0ng (v\u00ed d\u1ee5: ph\u01b0\u01a1ng th\u1ee9c thanh to\u00e1n ho\u1eb7c ph\u01b0\u01a1ng th\u1ee9c giao h\u00e0ng), vui l\u00f2ng li\u00ean h\u1ec7 v\u1edbi ch\u00fang t\u00f4i. Tuy nhi\u00ean, ch\u00fang t\u00f4i kh\u00f4ng th\u1ec3 thay \u0111\u1ed5i \u0111\u01a1n h\u00e0ng \u0111\u00e3 \u0111\u01b0\u1ee3c giao \u0111i t\u1ea1i th\u1eddi \u0111i\u1ec3m b\u1ea1n li\u00ean h\u1ec7. Ch\u00fang t\u00f4i kh\u00f4ng ch\u1ecbu tr\u00e1ch nhi\u1ec7m cho b\u1ea5t k\u1ef3 v\u1ea5n \u0111\u1ec1 n\u00e0o ph\u00e1t sinh do kh\u00f4ng tu\u00e2n theo th\u1ee7 t\u1ee5c thay \u0111\u1ed5i \u0111\u01a1n h\u00e0ng.<\/p>\n\n\n\n<p>(X\u1eed l\u00fd th\u00f4ng tin kh\u00e1ch h\u00e0ng)<br>Th\u00f4ng tin c\u00e1 nh\u00e2n c\u1ee7a b\u1ea1n s\u1ebd \u0111\u01b0\u1ee3c qu\u1ea3n l\u00fd ch\u1eb7t ch\u1ebd theo Ch\u00ednh s\u00e1ch quy\u1ec1n ri\u00eang t\u01b0 c\u1ee7a ch\u00fang t\u00f4i.<\/p>\n\n\n\n<p>(H\u00e0nh vi b\u1ecb c\u1ea5m)<br>Khi s\u1eed d\u1ee5ng c\u1eeda h\u00e0ng n\u00e0y, c\u00e1c h\u00e0nh vi sau \u0111\u00e2y b\u1ecb nghi\u00eam c\u1ea5m. N\u1ebfu ch\u00fang t\u00f4i x\u00e1c \u0111\u1ecbnh r\u1eb1ng m\u1ed9t kh\u00e1ch h\u00e0ng \u0111\u00e3 th\u1ef1c hi\u1ec7n b\u1ea5t k\u1ef3 h\u00e0nh vi n\u00e0o d\u01b0\u1edbi \u0111\u00e2y, ch\u00fang t\u00f4i c\u00f3 quy\u1ec1n ch\u1ea5m d\u1ee9t h\u1ee3p \u0111\u1ed3ng m\u00e0 kh\u00f4ng c\u1ea7n th\u00f4ng b\u00e1o tr\u01b0\u1edbc ho\u1eb7c t\u1eeb ch\u1ed1i cung c\u1ea5p d\u1ecbch v\u1ee5. Ngo\u00e0i ra, ch\u00fang t\u00f4i c\u00f3 th\u1ec3 y\u00eau c\u1ea7u b\u1ed3i th\u01b0\u1eddng thi\u1ec7t h\u1ea1i ph\u00e1t sinh do h\u00e0nh vi \u0111\u00f3 v\u00e0 c\u00f3 th\u1ec3 ki\u1ec7n h\u00ecnh s\u1ef1 n\u1ebfu c\u00f3 vi ph\u1ea1m ph\u00e1p lu\u1eadt.<\/p>\n\n\n\n<p>Gi\u1ea3 m\u1ea1o danh t\u00ednh ng\u01b0\u1eddi kh\u00e1c ho\u1eb7c nh\u1eadp\/g\u1eedi th\u00f4ng tin \u0111\u1eb7t h\u00e0ng sai l\u1ec7ch.<br>\u0110\u1eb7t h\u00e0ng m\u00e0 kh\u00f4ng c\u00f3 \u00fd \u0111\u1ecbnh mua, ho\u1eb7c li\u00ean t\u1ee5c tr\u1ea3 l\u1ea1i h\u00e0ng.<br>Mua h\u00e0ng nh\u1eb1m m\u1ee5c \u0111\u00edch th\u01b0\u01a1ng m\u1ea1i, ch\u1eb3ng h\u1ea1n nh\u01b0 mua \u0111\u1ec3 b\u00e1n l\u1ea1i.<br>Tr\u00ec ho\u00e3n ho\u1eb7c kh\u00f4ng th\u1ef1c hi\u1ec7n ngh\u0129a v\u1ee5 thanh to\u00e1n.<br>G\u00e2y tr\u1edf ng\u1ea1i cho qu\u00e1 tr\u00ecnh giao h\u00e0ng, ch\u1eb3ng h\u1ea1n nh\u01b0 t\u1eeb ch\u1ed1i nh\u1eadn h\u00e0ng ho\u1eb7c tr\u1ea3 l\u1ea1i h\u00e0ng do v\u1eafng m\u1eb7t l\u00e2u d\u00e0i.<br>G\u00e2y gi\u00e1n \u0111o\u1ea1n ho\u1ea1t \u0111\u1ed9ng kinh doanh c\u1ee7a ch\u00fang t\u00f4i ho\u1eb7c \u1ea3nh h\u01b0\u1edfng \u0111\u1ebfn d\u1ecbch v\u1ee5.<br>X\u00e2m ph\u1ea1m quy\u1ec1n s\u1edf h\u1eefu tr\u00ed tu\u1ec7 (b\u1ea3n quy\u1ec1n, nh\u00e3n hi\u1ec7u, v.v.) c\u1ee7a c\u00f4ng ty ch\u00fang t\u00f4i ho\u1eb7c b\u00ean th\u1ee9 ba.<br>C\u00e1c h\u00e0nh vi ph\u1ea1m ph\u00e1p, bao g\u1ed3m gian l\u1eadn, \u0111e d\u1ecda, \u00e9p bu\u1ed9c, b\u1ea1o l\u1ef1c, ho\u1eb7c c\u00e1c h\u00e0nh vi tr\u00e1i v\u1edbi \u0111\u1ea1o \u0111\u1ee9c v\u00e0 ph\u00e1p lu\u1eadt.<br>Y\u00eau c\u1ea7u v\u01b0\u1ee3t qu\u00e1 ph\u1ea1m vi d\u1ecbch v\u1ee5 do c\u00f4ng ty ch\u00fang t\u00f4i cung c\u1ea5p.<br>C\u00e1c h\u00e0nh vi kh\u00e1c m\u00e0 c\u00f4ng ty ch\u00fang t\u00f4i cho l\u00e0 kh\u00f4ng ph\u00f9 h\u1ee3p.<\/p>\n\n\n\n<ol start=\"2\" class=\"wp-block-list\">\n<li>Gi\u00e1n \u0110o\u1ea1n D\u1ecbch V\u1ee5<br>Ch\u00fang t\u00f4i kh\u00f4ng ch\u1ecbu tr\u00e1ch nhi\u1ec7m cho b\u1ea5t k\u1ef3 thi\u1ec7t h\u1ea1i n\u00e0o do s\u1ef1 c\u1ed1 ngo\u00e0i t\u1ea7m ki\u1ec3m so\u00e1t c\u1ee7a ch\u00fang t\u00f4i, bao g\u1ed3m nh\u01b0ng kh\u00f4ng gi\u1edbi h\u1ea1n: thi\u00ean tai, chi\u1ebfn tranh, kh\u1ee7ng b\u1ed1, b\u1ea1o lo\u1ea1n, m\u1ea5t \u0111i\u1ec7n, s\u1ef1 c\u1ed1 m\u1ea1ng, l\u1ed7i h\u1ec7 th\u1ed1ng, l\u1ed7i nh\u00e0 cung c\u1ea5p d\u1ecbch v\u1ee5 v\u1eadn chuy\u1ec3n, tranh ch\u1ea5p lao \u0111\u1ed9ng, v\u00e0 c\u00e1c s\u1ef1 c\u1ed1 li\u00ean quan kh\u00e1c.<\/li>\n\n\n\n<li>Lu\u1eadt \u00c1p D\u1ee5ng<br>Vi\u1ec7c gi\u1ea3i th\u00edch v\u00e0 \u00e1p d\u1ee5ng c\u00e1c \u0110i\u1ec1u kho\u1ea3n s\u1eed d\u1ee5ng n\u00e0y s\u1ebd tu\u00e2n theo lu\u1eadt ph\u00e1p Nh\u1eadt B\u1ea3n, b\u1ea5t k\u1ec3 xung \u0111\u1ed9t ph\u00e1p lu\u1eadt.<\/li>\n\n\n\n<li>Nh\u00e3n Hi\u1ec7u<br>T\u00ean &#8220;SITH Ho&#8217;oponopono&#8221; l\u00e0 nh\u00e3n hi\u1ec7u \u0111\u00e3 \u0111\u0103ng k\u00fd c\u1ee7a IZI LLC v\u00e0 \u0111\u01b0\u1ee3c b\u1ea3o v\u1ec7 theo lu\u1eadt s\u1edf h\u1eefu tr\u00ed tu\u1ec7. Vi\u1ec7c s\u1eed d\u1ee5ng m\u00e0 kh\u00f4ng c\u00f3 s\u1ef1 cho ph\u00e9p c\u1ee7a ch\u00fang t\u00f4i l\u00e0 b\u1ecb c\u1ea5m.<\/li>\n<\/ol>\n\n\n\n<p>T\u1ea5t c\u1ea3 c\u00e1c nh\u00e3n hi\u1ec7u kh\u00e1c \u0111\u01b0\u1ee3c hi\u1ec3n th\u1ecb tr\u00ean c\u1eeda h\u00e0ng c\u1ee7a ch\u00fang t\u00f4i thu\u1ed9c quy\u1ec1n s\u1edf h\u1eefu c\u1ee7a ch\u1ee7 s\u1edf h\u1eefu t\u01b0\u01a1ng \u1ee9ng.<\/p>\n\n\n\n<ol start=\"5\" class=\"wp-block-list\">\n<li>B\u1ea3n Quy\u1ec1n<br>N\u1ed9i dung c\u1ee7a trang web, b\u1ea3n tin email, s\u00e1ch h\u01b0\u1edbng d\u1eabn, h\u00ecnh \u1ea3nh, video, \u00e2m thanh, \u1ea3nh, thi\u1ebft k\u1ebf, v\u00e0 d\u1eef li\u1ec7u \u0111\u01b0\u1ee3c b\u1ea3o v\u1ec7 b\u1edfi lu\u1eadt b\u1ea3n quy\u1ec1n. Quy\u1ec1n s\u1edf h\u1eefu thu\u1ed9c v\u1ec1 ch\u00fang t\u00f4i ho\u1eb7c nh\u00e0 cung c\u1ea5p n\u1ed9i dung.<\/li>\n\n\n\n<li>Mi\u1ec5n Tr\u1eeb Tr\u00e1ch Nhi\u1ec7m<br>Ch\u00fang t\u00f4i kh\u00f4ng ch\u1ecbu tr\u00e1ch nhi\u1ec7m b\u1ed3i th\u01b0\u1eddng cho b\u1ea5t k\u1ef3 thi\u1ec7t h\u1ea1i n\u00e0o (tr\u1ef1c ti\u1ebfp ho\u1eb7c gi\u00e1n ti\u1ebfp) m\u00e0 kh\u00e1ch h\u00e0ng c\u00f3 th\u1ec3 g\u1eb7p ph\u1ea3i khi s\u1eed d\u1ee5ng c\u1eeda h\u00e0ng ho\u1eb7c c\u00e1c s\u1ea3n ph\u1ea9m\/d\u1ecbch v\u1ee5 c\u1ee7a ch\u00fang t\u00f4i.<\/li>\n\n\n\n<li>Hi\u1ec7u L\u1ef1c Ri\u00eang L\u1ebb<br>N\u1ebfu b\u1ea5t k\u1ef3 \u0111i\u1ec1u kho\u1ea3n n\u00e0o trong \u0110i\u1ec1u kho\u1ea3n s\u1eed d\u1ee5ng n\u00e0y b\u1ecb coi l\u00e0 v\u00f4 hi\u1ec7u ho\u1eb7c kh\u00f4ng th\u1ec3 th\u1ef1c thi theo Lu\u1eadt h\u1ee3p \u0111\u1ed3ng ti\u00eau d\u00f9ng ho\u1eb7c c\u00e1c quy \u0111\u1ecbnh kh\u00e1c, th\u00ec ph\u1ea7n c\u00f2n l\u1ea1i c\u1ee7a c\u00e1c \u0111i\u1ec1u kho\u1ea3n v\u1eabn c\u00f3 hi\u1ec7u l\u1ef1c \u0111\u1ea7y \u0111\u1ee7.<\/li>\n\n\n\n<li>C\u00e1c Quy \u0110\u1ecbnh Kh\u00e1c<br>N\u1ebfu ch\u00fang t\u00f4i c\u1ea7n thu\u00ea lu\u1eadt s\u01b0 ho\u1eb7c chuy\u00ean gia ph\u00e1p l\u00fd do b\u1ea1n kh\u00f4ng thanh to\u00e1n ho\u1eb7c vi ph\u1ea1m \u0110i\u1ec1u kho\u1ea3n s\u1eed d\u1ee5ng, b\u1ea1n ph\u1ea3i ch\u1ecbu tr\u00e1ch nhi\u1ec7m thanh to\u00e1n ph\u00ed lu\u1eadt s\u01b0 v\u00e0 c\u00e1c chi ph\u00ed ph\u00e1p l\u00fd li\u00ean quan.<\/li>\n<\/ol>\n","protected":false},"excerpt":{"rendered":"<p>\u2460 \u0110i\u1ec1u Kho\u1ea3n &amp; \u0110i\u1ec1u Ki\u1ec7n\u0110i\u1ec1u Kho\u1ea3n S\u1eed D\u1ee5ng\u0110i\u1ec1u kho\u1ea3n s\u1eed d\u1ee5ng c\u1ee7a V\u0103n ph\u00f2ng SITH Ho&#8217;oponopono Ch\u00e2u \u00c1 (sau \u0111\u00e2y g\u1ecdi l\u00e0 &#8220;\u0110i\u1ec1u kho\u1ea3n s\u1eed d\u1ee5ng&#8221;) s\u1ebd \u0111\u01b0\u1ee3c \u00e1p d\u1ee5ng \u0111\u1ed1i v\u1edbi c\u00e1c s\u1ea3n ph\u1ea9m v\u00e0 d\u1ecbch v\u1ee5 (sau \u0111\u00e2y g\u1ecdi l\u00e0 &#8220;D\u1ecbch v\u1ee5&#8221;) \u0111\u01b0\u1ee3c cung c\u1ea5p b\u1edfi c\u1eeda h\u00e0ng tr\u1ef1c tuy\u1ebfn V\u0103n ph\u00f2ng [&hellip;]<\/p>\n","protected":false},"author":5,"featured_media":0,"parent":0,"menu_order":0,"comment_status":"closed","ping_status":"closed","template":"","meta":{"_acf_changed":false,"om_disable_all_campaigns":false,"_monsterinsights_skip_tracking":false,"_monsterinsights_sitenote_active":false,"_monsterinsights_sitenote_note":"","_monsterinsights_sitenote_category":0,"footnotes":""},"class_list":["post-4862","page","type-page","status-publish"],"acf":[],"aioseo_notices":[],"_links":{"self":[{"href":"https:\/\/hooponopono-asia.org\/vn\/wp-json\/wp\/v2\/pages\/4862","targetHints":{"allow":["GET"]}}],"collection":[{"href":"https:\/\/hooponopono-asia.org\/vn\/wp-json\/wp\/v2\/pages"}],"about":[{"href":"https:\/\/hooponopono-asia.org\/vn\/wp-json\/wp\/v2\/types\/page"}],"author":[{"embeddable":true,"href":"https:\/\/hooponopono-asia.org\/vn\/wp-json\/wp\/v2\/users\/5"}],"replies":[{"embeddable":true,"href":"https:\/\/hooponopono-asia.org\/vn\/wp-json\/wp\/v2\/comments?post=4862"}],"version-history":[{"count":2,"href":"https:\/\/hooponopono-asia.org\/vn\/wp-json\/wp\/v2\/pages\/4862\/revisions"}],"predecessor-version":[{"id":10633,"href":"https:\/\/hooponopono-asia.org\/vn\/wp-json\/wp\/v2\/pages\/4862\/revisions\/10633"}],"wp:attachment":[{"href":"https:\/\/hooponopono-asia.org\/vn\/wp-json\/wp\/v2\/media?parent=4862"}],"curies":[{"name":"wp","href":"https:\/\/api.w.org\/{rel}","templated":true}]}}