{"id":4860,"date":"2022-12-16T16:23:46","date_gmt":"2022-12-16T07:23:46","guid":{"rendered":"https:\/\/serene.wpx.jp\/?page_id=4860"},"modified":"2025-03-12T22:13:01","modified_gmt":"2025-03-12T13:13:01","slug":"privacy_policy","status":"publish","type":"page","link":"https:\/\/hooponopono-asia.org\/vn\/privacy_policy\/","title":{"rendered":"Ch\u00ednh S\u00e1ch Quy\u1ec1n Ri\u00eang T\u01b0"},"content":{"rendered":"\n<p>C\u00f4ng ty TNHH Serene v\u00e0 Cata International Pte. Ltd. (sau \u0111\u00e2y g\u1ecdi l\u00e0 &#8220;ch\u00fang t\u00f4i&#8221;) s\u1ebd x\u1eed l\u00fd th\u00f4ng tin c\u00e1 nh\u00e2n theo ch\u00ednh s\u00e1ch quy\u1ec1n ri\u00eang t\u01b0 sau \u0111\u00e2y khi v\u1eadn h\u00e0nh V\u0103n ph\u00f2ng SITH Ho&#8217;oponopono Ch\u00e2u \u00c1 (sau \u0111\u00e2y g\u1ecdi l\u00e0 &#8220;C\u1eeda h\u00e0ng&#8221;).<\/p>\n\n\n\n<p><\/p>\n\n\n\n<p>1. \u0110\u1ecbnh Ngh\u0129a Th\u00f4ng Tin C\u00e1 Nh\u00e2n<\/p>\n\n\n\n<p>Th\u00f4ng tin c\u00e1 nh\u00e2n l\u00e0 th\u00f4ng tin v\u1ec1 m\u1ed9t c\u00e1 nh\u00e2n \u0111ang s\u1ed1ng, c\u00f3 th\u1ec3 \u0111\u01b0\u1ee3c s\u1eed d\u1ee5ng \u0111\u1ec3 x\u00e1c \u0111\u1ecbnh danh t\u00ednh c\u1ee7a c\u00e1 nh\u00e2n \u0111\u00f3 b\u1eb1ng t\u00ean, ng\u00e0y sinh ho\u1eb7c c\u00e1c m\u00f4 t\u1ea3 kh\u00e1c ch\u1ee9a trong th\u00f4ng tin, ho\u1eb7c th\u00f4ng tin c\u00f3 th\u1ec3 d\u1ec5 d\u00e0ng \u0111\u01b0\u1ee3c \u0111\u1ed1i chi\u1ebfu v\u1edbi c\u00e1c th\u00f4ng tin kh\u00e1c \u0111\u1ec3 x\u00e1c \u0111\u1ecbnh danh t\u00ednh c\u1ee7a c\u00e1 nh\u00e2n \u0111\u00f3.<\/p>\n\n\n\n<p><\/p>\n\n\n\n<h3 class=\"wp-block-heading\">2. Thu Th\u1eadp Th\u00f4ng Tin C\u00e1 Nh\u00e2n<\/h3>\n\n\n\n<p>Ch\u00fang t\u00f4i c\u00f3 th\u1ec3 thu th\u1eadp th\u00f4ng tin c\u00e1 nh\u00e2n c\u1ee7a b\u1ea1n khi b\u1ea1n mua s\u1ea3n ph\u1ea9m ho\u1eb7c g\u1eedi y\u00eau c\u1ea7u th\u00f4ng tin.<\/p>\n\n\n\n<p>Khi thu th\u1eadp th\u00f4ng tin c\u00e1 nh\u00e2n, ch\u00fang t\u00f4i s\u1ebd n\u00eau r\u00f5 m\u1ee5c \u0111\u00edch s\u1eed d\u1ee5ng v\u00e0 s\u1eed d\u1ee5ng c\u00e1c ph\u01b0\u01a1ng ph\u00e1p h\u1ee3p ph\u00e1p, c\u00f4ng b\u1eb1ng.<\/p>\n\n\n\n<p>C\u00e1c th\u00f4ng tin c\u00e1 nh\u00e2n \u0111\u01b0\u1ee3c thu th\u1eadp t\u1ea1i c\u1eeda h\u00e0ng bao g\u1ed3m:<\/p>\n\n\n\n<p>a) H\u1ecd v\u00e0 t\u00ean<\/p>\n\n\n\n<p>b) \u0110\u1ecba ch\u1ec9 c\u1ee7a b\u1ea1n<\/p>\n\n\n\n<p>c) S\u1ed1 \u0111i\u1ec7n tho\u1ea1i<\/p>\n\n\n\n<p>d) \u0110\u1ecba ch\u1ec9 email<\/p>\n\n\n\n<p>e) Th\u00f4ng tin \u0111\u1ecba ch\u1ec9 giao h\u00e0ng<\/p>\n\n\n\n<p>f) L\u1ecbch s\u1eed giao d\u1ecbch v\u00e0 chi ti\u1ebft c\u00e1c giao d\u1ecbch v\u1edbi c\u1eeda h\u00e0ng c\u1ee7a ch\u00fang t\u00f4i<\/p>\n\n\n\n<p>g) Th\u00f4ng tin c\u00f3 th\u1ec3 \u0111\u01b0\u1ee3c s\u1eed d\u1ee5ng \u0111\u1ec3 x\u00e1c \u0111\u1ecbnh danh t\u00ednh c\u00e1 nh\u00e2n khi k\u1ebft h\u1ee3p c\u00e1c th\u00f4ng tin tr\u00ean.<\/p>\n\n\n\n<h3 class=\"wp-block-heading\">3. S\u1eed D\u1ee5ng Th\u00f4ng Tin C\u00e1 Nh\u00e2n<\/h3>\n\n\n\n<p>Ch\u00fang t\u00f4i s\u1eed d\u1ee5ng th\u00f4ng tin c\u00e1 nh\u00e2n nh\u1eadn \u0111\u01b0\u1ee3c t\u1eeb kh\u00e1ch h\u00e0ng cho c\u00e1c m\u1ee5c \u0111\u00edch sau:<\/p>\n\n\n\n<p>a) X\u00e1c nh\u1eadn \u0111\u01a1n h\u00e0ng v\u00e0 y\u00eau c\u1ea7u th\u00f4ng tin<\/p>\n\n\n\n<p>b) X\u00e1c nh\u1eadn v\u00e0 tham kh\u1ea3o vi\u1ec7c giao h\u00e0ng s\u1ea3n ph\u1ea9m<\/p>\n\n\n\n<p>c) Khi tr\u1ea3 l\u1eddi c\u00e1c y\u00eau c\u1ea7u th\u00f4ng tin t\u1eeb kh\u00e1ch h\u00e0ng<\/p>\n\n\n\n<p>Ch\u00fang t\u00f4i s\u1ebd kh\u00f4ng ti\u1ebft l\u1ed9 ho\u1eb7c cung c\u1ea5p th\u00f4ng tin c\u00e1 nh\u00e2n cho b\u00ean th\u1ee9 ba m\u00e0 kh\u00f4ng c\u00f3 s\u1ef1 \u0111\u1ed3ng \u00fd c\u1ee7a b\u1ea1n, ngo\u1ea1i tr\u1eeb trong c\u00e1c tr\u01b0\u1eddng h\u1ee3p sau:<\/p>\n\n\n\n<p>a) Khi c\u00f3 y\u00eau c\u1ea7u theo quy \u0111\u1ecbnh c\u1ee7a ph\u00e1p lu\u1eadt ho\u1eb7c khi c\u1ea7n thi\u1ebft \u0111\u1ec3 h\u1ee3p t\u00e1c v\u1edbi c\u00e1c c\u01a1 quan ch\u00ednh ph\u1ee7 qu\u1ed1c gia ho\u1eb7c \u0111\u1ecba ph\u01b0\u01a1ng ho\u1eb7c c\u00e1c \u0111\u1ea1i di\u1ec7n c\u1ee7a h\u1ecd trong vi\u1ec7c th\u1ef1c hi\u1ec7n nhi\u1ec7m v\u1ee5 theo y\u00eau c\u1ea7u ph\u00e1p l\u00fd.<\/p>\n\n\n\n<p>b) Khi c\u1ea7n thi\u1ebft \u0111\u1ec3 b\u1ea3o v\u1ec7 t\u00ednh m\u1ea1ng, th\u00e2n th\u1ec3 ho\u1eb7c t\u00e0i s\u1ea3n c\u1ee7a m\u1ed9t c\u00e1 nh\u00e2n m\u00e0 vi\u1ec7c l\u1ea5y s\u1ef1 \u0111\u1ed3ng \u00fd c\u1ee7a c\u00e1 nh\u00e2n \u0111\u00f3 g\u1eb7p kh\u00f3 kh\u0103n.<\/p>\n\n\n\n<p>c) Khi trao \u0111\u1ed5i d\u1eef li\u1ec7u c\u00e1 nh\u00e2n v\u1edbi m\u1ed9t c\u00f4ng ty li\u00ean k\u1ebft v\u1eadn h\u00e0nh C\u1eeda h\u00e0ng.<\/p>\n\n\n\n<h3 class=\"wp-block-heading\">4. Qu\u1ea3n L\u00fd An To\u00e0n Th\u00f4ng Tin C\u00e1 Nh\u00e2n<\/h3>\n\n\n\n<p>Ngo\u00e0i c\u00e1c bi\u1ec7n ph\u00e1p h\u1ee3p l\u00fd v\u1ec1 t\u1ed5 ch\u1ee9c, v\u1eadt l\u00fd, con ng\u01b0\u1eddi v\u00e0 k\u1ef9 thu\u1eadt \u0111\u01b0\u1ee3c th\u1ef1c hi\u1ec7n b\u1edfi c\u00e1c nh\u00e0 cung c\u1ea5p d\u1ecbch v\u1ee5 \u0111\u1ec3 \u0111\u1ea3m b\u1ea3o an to\u00e0n cho th\u00f4ng tin c\u00e1 nh\u00e2n nh\u1eadn \u0111\u01b0\u1ee3c t\u1eeb kh\u00e1ch h\u00e0ng, C\u1eeda h\u00e0ng s\u1ebd th\u1ef1c hi\u1ec7n c\u00e1c bi\u1ec7n ph\u00e1p th\u00edch h\u1ee3p \u0111\u1ec3 ng\u0103n ch\u1eb7n truy c\u1eadp tr\u00e1i ph\u00e9p v\u00e0o d\u1eef li\u1ec7u c\u00e1 nh\u00e2n v\u00e0 ng\u0103n ch\u1eb7n m\u1ea5t m\u00e1t, thay \u0111\u1ed5i ho\u1eb7c r\u00f2 r\u1ec9 th\u00f4ng tin c\u00e1 nh\u00e2n theo quy \u0111\u1ecbnh c\u1ee7a ph\u00e1p lu\u1eadt li\u00ean quan.<\/p>\n\n\n\n<h3 class=\"wp-block-heading\">5. Ch\u1ec9nh S\u1eeda v\u00e0 X\u00f3a Th\u00f4ng Tin C\u00e1 Nh\u00e2n<\/h3>\n\n\n\n<p>Vui l\u00f2ng li\u00ean h\u1ec7 v\u1edbi ch\u00fang t\u00f4i theo th\u00f4ng tin d\u01b0\u1edbi \u0111\u00e2y n\u1ebfu b\u1ea1n mu\u1ed1n ch\u1ec9nh s\u1eeda ho\u1eb7c x\u00f3a th\u00f4ng tin c\u00e1 nh\u00e2n c\u1ee7a m\u00ecnh.<\/p>\n\n\n\n<h3 class=\"wp-block-heading\">6. S\u1eed D\u1ee5ng Cookie<\/h3>\n\n\n\n<p>\u0110\u1ec3 cung c\u1ea5p d\u1ecbch v\u1ee5 t\u1ed1t h\u01a1n cho kh\u00e1ch h\u00e0ng, ch\u00fang t\u00f4i c\u00f3 th\u1ec3 s\u1eed d\u1ee5ng cookie, nh\u01b0ng \u0111i\u1ec1u n\u00e0y kh\u00f4ng cho ph\u00e9p ch\u00fang t\u00f4i thu th\u1eadp th\u00f4ng tin nh\u1eadn d\u1ea1ng c\u00e1 nh\u00e2n v\u00e0 kh\u00f4ng vi ph\u1ea1m quy\u1ec1n ri\u00eang t\u01b0 c\u1ee7a kh\u00e1ch h\u00e0ng.<\/p>\n\n\n\n<p>N\u1ebfu b\u1ea1n kh\u00f4ng mu\u1ed1n ch\u1ea5p nh\u1eadn cookie, b\u1ea1n c\u00f3 th\u1ec3 thay \u0111\u1ed5i c\u00e0i \u0111\u1eb7t tr\u00ecnh duy\u1ec7t c\u1ee7a m\u00ecnh.<\/p>\n\n\n\n<h3 class=\"wp-block-heading\">7. S\u1eed D\u1ee5ng SSL<\/h3>\n\n\n\n<p>C\u00f4ng ngh\u1ec7 SSL (Secure Sockets Layer) \u0111\u01b0\u1ee3c s\u1eed d\u1ee5ng khi nh\u1eadp th\u00f4ng tin c\u00e1 nh\u00e2n nh\u1eb1m \u0111\u1ea3m b\u1ea3o b\u1ea3o m\u1eadt v\u00e0 ng\u0103n ch\u1eb7n vi\u1ec7c ch\u1eb7n, can thi\u1ec7p ho\u1eb7c gi\u1ea3 m\u1ea1o th\u00f4ng tin.<\/p>\n\n\n\n<p>SSL l\u00e0 m\u1ed9t ch\u1ee9c n\u0103ng m\u00e3 h\u00f3a th\u00f4ng tin \u0111\u1ec3 ng\u0103n ch\u1eb7n nghe l\u00e9n v\u00e0 gi\u1ea3 m\u1ea1o d\u1eef li\u1ec7u, gi\u00fap truy\u1ec1n t\u1ea3i th\u00f4ng tin m\u1ed9t c\u00e1ch an to\u00e0n h\u01a1n.<\/p>\n\n\n\n<h3 class=\"wp-block-heading\">8. Th\u00f4ng Tin Li\u00ean H\u1ec7<\/h3>\n\n\n\n<p><strong>V\u0103n ph\u00f2ng SITH Ho&#8217;oponopono Ch\u00e2u \u00c1<\/strong><\/p>\n\n\n\n<p>Email: <a>info@hooponopono-asia.org<\/a><\/p>\n\n\n\n<h3 class=\"wp-block-heading\">9. Thay \u0110\u1ed5i Ch\u00ednh S\u00e1ch Quy\u1ec1n Ri\u00eang T\u01b0<\/h3>\n\n\n\n<p>B\u1ea5t c\u1ee9 khi n\u00e0o ch\u00fang t\u00f4i thay \u0111\u1ed5i th\u00f4ng tin c\u00e1 nh\u00e2n \u0111\u01b0\u1ee3c thu th\u1eadp, thay \u0111\u1ed5i m\u1ee5c \u0111\u00edch s\u1eed d\u1ee5ng ho\u1eb7c th\u1ef1c hi\u1ec7n c\u00e1c thay \u0111\u1ed5i kh\u00e1c \u0111\u1ed1i v\u1edbi ch\u00ednh s\u00e1ch quy\u1ec1n ri\u00eang t\u01b0 c\u1ee7a ch\u00fang t\u00f4i, ch\u00fang t\u00f4i s\u1ebd c\u00f4ng khai c\u00e1c thay \u0111\u1ed5i n\u00e0y b\u1eb1ng c\u00e1ch \u0111\u0103ng tr\u00ean trang n\u00e0y.<\/p>\n\n\n\n<p><\/p>\n","protected":false},"excerpt":{"rendered":"<p>C\u00f4ng ty TNHH Serene v\u00e0 Cata International Pte. Ltd. (sau \u0111\u00e2y g\u1ecdi l\u00e0 &#8220;ch\u00fang t\u00f4i&#8221;) s\u1ebd x\u1eed l\u00fd th\u00f4ng tin c\u00e1 nh\u00e2n theo ch\u00ednh s\u00e1ch quy\u1ec1n ri\u00eang t\u01b0 sau \u0111\u00e2y khi v\u1eadn h\u00e0nh V\u0103n ph\u00f2ng SITH Ho&#8217;oponopono Ch\u00e2u \u00c1 (sau \u0111\u00e2y g\u1ecdi l\u00e0 &#8220;C\u1eeda h\u00e0ng&#8221;). 1. \u0110\u1ecbnh Ngh\u0129a Th\u00f4ng Tin C\u00e1 Nh\u00e2n Th\u00f4ng tin c\u00e1 [&hellip;]<\/p>\n","protected":false},"author":5,"featured_media":0,"parent":0,"menu_order":0,"comment_status":"closed","ping_status":"closed","template":"","meta":{"_acf_changed":false,"om_disable_all_campaigns":false,"_monsterinsights_skip_tracking":false,"_monsterinsights_sitenote_active":false,"_monsterinsights_sitenote_note":"","_monsterinsights_sitenote_category":0,"footnotes":""},"class_list":["post-4860","page","type-page","status-publish"],"acf":[],"aioseo_notices":[],"_links":{"self":[{"href":"https:\/\/hooponopono-asia.org\/vn\/wp-json\/wp\/v2\/pages\/4860","targetHints":{"allow":["GET"]}}],"collection":[{"href":"https:\/\/hooponopono-asia.org\/vn\/wp-json\/wp\/v2\/pages"}],"about":[{"href":"https:\/\/hooponopono-asia.org\/vn\/wp-json\/wp\/v2\/types\/page"}],"author":[{"embeddable":true,"href":"https:\/\/hooponopono-asia.org\/vn\/wp-json\/wp\/v2\/users\/5"}],"replies":[{"embeddable":true,"href":"https:\/\/hooponopono-asia.org\/vn\/wp-json\/wp\/v2\/comments?post=4860"}],"version-history":[{"count":2,"href":"https:\/\/hooponopono-asia.org\/vn\/wp-json\/wp\/v2\/pages\/4860\/revisions"}],"predecessor-version":[{"id":10629,"href":"https:\/\/hooponopono-asia.org\/vn\/wp-json\/wp\/v2\/pages\/4860\/revisions\/10629"}],"wp:attachment":[{"href":"https:\/\/hooponopono-asia.org\/vn\/wp-json\/wp\/v2\/media?parent=4860"}],"curies":[{"name":"wp","href":"https:\/\/api.w.org\/{rel}","templated":true}]}}